{"id":7636,"date":"2024-09-01T19:38:56","date_gmt":"2024-09-01T15:38:56","guid":{"rendered":"https:\/\/bleudubai.com\/product\/eintrittskarte-fur-das-museum-der-zukunft-entdecken-sie-die-zukunft\/"},"modified":"2026-02-05T09:20:00","modified_gmt":"2026-02-05T05:20:00","slug":"eintrittskarte-fur-das-museum-der-zukunft-entdecken-sie-die-zukunft","status":"publish","type":"product","link":"https:\/\/bleudubai.com\/de\/produkt\/eintrittskarte-fur-das-museum-der-zukunft-entdecken-sie-die-zukunft\/","title":{"rendered":"Eintrittskarte f\u00fcr das Museum der Zukunft: Entdecken Sie die Zukunft"},"content":{"rendered":"<p>Entdecken Sie das Museum der Zukunft in Dubai, ein Ort, der die Welt durch eine avantgardistische Vision ver\u00e4ndern soll. Erkunden Sie diese ikonische architektonische Struktur, eine der komplexesten der Welt. Tauchen Sie in futuristische Umgebungen ein, die Sie in eine inspirierende und bef\u00e4higende Zukunft entf\u00fchren sollen. Erforschen Sie die Fortschritte in der Raumfahrt, die Herausforderungen des Klimawandels und die Fortschritte in den Bereichen Gesundheit, Wellness und Spiritualit\u00e4t. Entdecken Sie das Potenzial von Robotik, k\u00fcnstlicher Intelligenz und Konzepten wie Human Augmentation.<br \/>\nUnd schlie\u00dflich erkunden Sie die m\u00f6glichen Ver\u00e4nderungen in den Bereichen Bildung, intelligente St\u00e4dte, Energie und Transport.<\/p>\n","protected":false},"excerpt":{"rendered":"<p>Tauchen Sie mit diesem Ticket f\u00fcr das Museum of the Future in Dubai in eine kraftvolle Zukunftsvision ein. Reisen Sie 50 Jahre in die Zukunft und erkunden Sie eine fantasievolle Welt mit diesem einzigartigen Erlebnis. <\/p>\n","protected":false},"featured_media":4572,"comment_status":"open","ping_status":"closed","template":"","meta":{"_acf_changed":false},"product_brand":[],"product_cat":[188,183,163,168],"product_tag":[],"class_list":{"0":"post-7636","1":"product","2":"type-product","3":"status-publish","4":"has-post-thumbnail","6":"product_cat-city-pass-de","7":"product_cat-eintrittskarten","8":"product_cat-familienaktivitaeten","9":"product_cat-unverzichtbare-aktivitaten","11":"first","12":"instock","13":"shipping-taxable","14":"purchasable","15":"product-type-simple"},"acf":[],"_links":{"self":[{"href":"https:\/\/bleudubai.com\/de\/wp-json\/wp\/v2\/product\/7636","targetHints":{"allow":["GET"]}}],"collection":[{"href":"https:\/\/bleudubai.com\/de\/wp-json\/wp\/v2\/product"}],"about":[{"href":"https:\/\/bleudubai.com\/de\/wp-json\/wp\/v2\/types\/product"}],"replies":[{"embeddable":true,"href":"https:\/\/bleudubai.com\/de\/wp-json\/wp\/v2\/comments?post=7636"}],"wp:featuredmedia":[{"embeddable":true,"href":"https:\/\/bleudubai.com\/de\/wp-json\/wp\/v2\/media\/4572"}],"wp:attachment":[{"href":"https:\/\/bleudubai.com\/de\/wp-json\/wp\/v2\/media?parent=7636"}],"wp:term":[{"taxonomy":"product_brand","embeddable":true,"href":"https:\/\/bleudubai.com\/de\/wp-json\/wp\/v2\/product_brand?post=7636"},{"taxonomy":"product_cat","embeddable":true,"href":"https:\/\/bleudubai.com\/de\/wp-json\/wp\/v2\/product_cat?post=7636"},{"taxonomy":"product_tag","embeddable":true,"href":"https:\/\/bleudubai.com\/de\/wp-json\/wp\/v2\/product_tag?post=7636"}],"curies":[{"name":"wp","href":"https:\/\/api.w.org\/{rel}","templated":true}]}}