{"id":7638,"date":"2024-09-01T19:38:13","date_gmt":"2024-09-01T19:38:13","guid":{"rendered":"https:\/\/bleudubai.com\/product\/erkunden-sie-die-meeresgrunde-vor-2-tauchgangen-geniessen-sie-ein-barbecue-mittagessen\/"},"modified":"2024-11-11T20:35:00","modified_gmt":"2024-11-11T20:35:00","slug":"erkunden-sie-die-meeresgrunde-vor-2-tauchgangen-geniessen-sie-ein-barbecue-mittagessen","status":"publish","type":"product","link":"https:\/\/bleudubai.com\/de\/produkt\/erkunden-sie-die-meeresgrunde-vor-2-tauchgangen-geniessen-sie-ein-barbecue-mittagessen\/","title":{"rendered":"Erkunden Sie den Meeresboden auf 2 Tauchg\u00e4ngen Genie\u00dfen Sie ein Barbecue-Mittagessen"},"content":{"rendered":"<p>Ob Sie ein erfahrener Taucher oder ein Anf\u00e4nger sind, unsere Tauchaktivit\u00e4ten in Fujairah sind auf Sie zugeschnitten. Unsere Tauchg\u00e4nge werden von zertifizierten Tauchlehrern geleitet, die gro\u00dfen Wert auf Sicherheit, Spa\u00df und die Entdeckung von Highlights legen. Wir sorgen daf\u00fcr, dass Ihre Unterwasserreise reibungslos verl\u00e4uft, egal ob es Ihr erster Tauchgang nach einer Ausbildung oder Ihr hundertster Tauchgang ist. Die Ostk\u00fcste von Fujairah ist reich an tropischem Meeresleben. Gesunde Korallen, nat\u00fcrliche und k\u00fcnstliche Riffe sowie Makrosch\u00e4tze erwarten Sie. Halten Sie die Augen offen, um die Vielfalt des Meereslebens zu sehen, das sich zwischen den wundersch\u00f6nen Korallen und Wracks von Fujairah versteckt. Verpassen Sie nicht die faszinierenden Makroarten, wie Garnelen und Nacktschnecken, die Sie bei jedem Tauchgang \u00fcberraschen werden. Nach Ihrem Unterwasserabenteuer k\u00f6nnen Sie ein k\u00f6stliches Barbecue-Mittagessen genie\u00dfen, das speziell f\u00fcr Sie zubereitet wird. Auf der R\u00fcckfahrt machen wir zwei Stopps: Zuerst haben Sie die Chance, den ber\u00fchmten Wasserfall von Khor Fakkan zu bewundern, danach k\u00f6nnen Sie einen atemberaubenden Blick auf das Amphitheater von Khor Fakkan genie\u00dfen.<\/p>\n","protected":false},"excerpt":{"rendered":"<p>Entdecken Sie das tropische Meeresleben von Fujairah auf zwei zertifizierten Tauchg\u00e4ngen. Buchen Sie jetzt und genie\u00dfen Sie ein Barbecue-Mittagessen an der Ostk\u00fcste. <\/p>\n","protected":false},"featured_media":4467,"comment_status":"open","ping_status":"closed","template":"","meta":{"_acf_changed":false},"product_brand":[],"product_cat":[148,143],"product_tag":[],"class_list":{"0":"post-7638","1":"product","2":"type-product","3":"status-publish","4":"has-post-thumbnail","6":"product_cat-kombinierte-aktivitaten","7":"product_cat-wasseraktivitaeten","9":"first","10":"instock","11":"shipping-taxable","12":"purchasable","13":"product-type-simple"},"acf":[],"_links":{"self":[{"href":"https:\/\/bleudubai.com\/de\/wp-json\/wp\/v2\/product\/7638","targetHints":{"allow":["GET"]}}],"collection":[{"href":"https:\/\/bleudubai.com\/de\/wp-json\/wp\/v2\/product"}],"about":[{"href":"https:\/\/bleudubai.com\/de\/wp-json\/wp\/v2\/types\/product"}],"replies":[{"embeddable":true,"href":"https:\/\/bleudubai.com\/de\/wp-json\/wp\/v2\/comments?post=7638"}],"wp:featuredmedia":[{"embeddable":true,"href":"https:\/\/bleudubai.com\/de\/wp-json\/wp\/v2\/media\/4467"}],"wp:attachment":[{"href":"https:\/\/bleudubai.com\/de\/wp-json\/wp\/v2\/media?parent=7638"}],"wp:term":[{"taxonomy":"product_brand","embeddable":true,"href":"https:\/\/bleudubai.com\/de\/wp-json\/wp\/v2\/product_brand?post=7638"},{"taxonomy":"product_cat","embeddable":true,"href":"https:\/\/bleudubai.com\/de\/wp-json\/wp\/v2\/product_cat?post=7638"},{"taxonomy":"product_tag","embeddable":true,"href":"https:\/\/bleudubai.com\/de\/wp-json\/wp\/v2\/product_tag?post=7638"}],"curies":[{"name":"wp","href":"https:\/\/api.w.org\/{rel}","templated":true}]}}