{"id":7647,"date":"2024-09-01T19:38:13","date_gmt":"2024-09-01T19:38:13","guid":{"rendered":"https:\/\/bleudubai.com\/product\/entdecken-sie-das-gefuhl-von-wakeboarding-wasserski-und-surfen-in-palm-jumeirah\/"},"modified":"2024-11-11T20:35:02","modified_gmt":"2024-11-11T20:35:02","slug":"entdecken-sie-das-gefuhl-von-wakeboarding-wasserski-und-surfen-in-palm-jumeirah","status":"publish","type":"product","link":"https:\/\/bleudubai.com\/de\/produkt\/entdecken-sie-das-gefuhl-von-wakeboarding-wasserski-und-surfen-in-palm-jumeirah\/","title":{"rendered":"Erleben Sie Wakeboarding, Wasserski und Surfen in Palm Jumeirah."},"content":{"rendered":"<p>Bereiten Sie sich darauf vor, auf den Wellen der ber\u00fchmten Insel Palm Jumeirah zu reiten! Ein professioneller Surflehrer steht Ihnen zur Seite und gibt Ihnen Tipps, die auf Ihr Niveau abgestimmt sind. Finden Sie Ihr Gleichgewicht und Ihre Geschwindigkeit, w\u00e4hrend Sie Ihre F\u00e4higkeiten auf die Probe stellen. Unabh\u00e4ngig von Ihrer Vorerfahrung wird Sie dieses Abenteuer mit einem breiten L\u00e4cheln zur\u00fccklassen.<\/p>\n","protected":false},"excerpt":{"rendered":"<p>Entscheiden Sie sich f\u00fcr eines der 3 Surferlebnisse, die Sie w\u00e4hlen k\u00f6nnen und die jeweils 20 Minuten dauern. Genie\u00dfen Sie einen Moment des puren Vergn\u00fcgens auf den Wellen von Palm Jumeirah. <\/p>\n","protected":false},"featured_media":4452,"comment_status":"open","ping_status":"closed","template":"","meta":{"_acf_changed":false},"product_brand":[],"product_cat":[178,163,203,143],"product_tag":[],"class_list":{"0":"post-7647","1":"product","2":"type-product","3":"status-publish","4":"has-post-thumbnail","6":"product_cat-bootsfahrt","7":"product_cat-familienaktivitaeten","8":"product_cat-sport-adrenalin","9":"product_cat-wasseraktivitaeten","11":"first","12":"instock","13":"shipping-taxable","14":"purchasable","15":"product-type-simple"},"acf":[],"_links":{"self":[{"href":"https:\/\/bleudubai.com\/de\/wp-json\/wp\/v2\/product\/7647","targetHints":{"allow":["GET"]}}],"collection":[{"href":"https:\/\/bleudubai.com\/de\/wp-json\/wp\/v2\/product"}],"about":[{"href":"https:\/\/bleudubai.com\/de\/wp-json\/wp\/v2\/types\/product"}],"replies":[{"embeddable":true,"href":"https:\/\/bleudubai.com\/de\/wp-json\/wp\/v2\/comments?post=7647"}],"wp:featuredmedia":[{"embeddable":true,"href":"https:\/\/bleudubai.com\/de\/wp-json\/wp\/v2\/media\/4452"}],"wp:attachment":[{"href":"https:\/\/bleudubai.com\/de\/wp-json\/wp\/v2\/media?parent=7647"}],"wp:term":[{"taxonomy":"product_brand","embeddable":true,"href":"https:\/\/bleudubai.com\/de\/wp-json\/wp\/v2\/product_brand?post=7647"},{"taxonomy":"product_cat","embeddable":true,"href":"https:\/\/bleudubai.com\/de\/wp-json\/wp\/v2\/product_cat?post=7647"},{"taxonomy":"product_tag","embeddable":true,"href":"https:\/\/bleudubai.com\/de\/wp-json\/wp\/v2\/product_tag?post=7647"}],"curies":[{"name":"wp","href":"https:\/\/api.w.org\/{rel}","templated":true}]}}