{"id":7649,"date":"2024-09-01T19:38:13","date_gmt":"2024-09-01T15:38:13","guid":{"rendered":"https:\/\/bleudubai.com\/product\/erkunden-sie-die-wunder-des-unterwasserriffs-des-burj-al-arab-a-dubai\/"},"modified":"2024-09-01T19:38:13","modified_gmt":"2024-09-01T19:38:13","slug":"erkunden-sie-die-wunder-des-unterwasserriffs-des-burj-al-arab-a-dubai","status":"publish","type":"product","link":"https:\/\/bleudubai.com\/de\/produkt\/erkunden-sie-die-wunder-des-unterwasserriffs-des-burj-al-arab-a-dubai\/","title":{"rendered":"Erkunden Sie die Wunder des Unterwasserriffs des Burj Al Arab in Dubai"},"content":{"rendered":"<p>Das Discovery Scuba Diving Programm bietet Ihnen die M\u00f6glichkeit, ohne jegliche Vorkenntnisse in die Unterwasserwelt einzutauchen. Es ist die ideale Gelegenheit f\u00fcr nicht zertifizierte Taucher, die Wunder dieser faszinierenden Umgebung zu entdecken, w\u00e4hrend Sie von unseren erfahrenen Tauchlehrern unterrichtet werden. Sie werden in die Grundlagen des Tauchens, einschlie\u00dflich der Ausr\u00fcstung und Sicherheitsregeln, eingef\u00fchrt und \u00fcben grundlegende Fertigkeiten in geschlossenen Gew\u00e4ssern, bevor Sie sich mit dem Boot zu einem der Korallenriffe des Burj Al Arab in Dubai begeben. Ihr Lehrer wird Ihnen bei jedem Schritt zur Seite stehen, so dass Sie sich entspannen und die farbenfrohen Korallen und das Meeresleben genie\u00dfen k\u00f6nnen. Ob Sie nun in einer Gruppe oder alleine reisen, diese familienfreundliche Aktivit\u00e4t bietet Ihnen die M\u00f6glichkeit, neue Freunde zu finden, w\u00e4hrend Sie den Meeresboden erkunden. Ihr Tauchlehrer wird auch Fotos von Ihren unvergesslichen Momenten machen, so dass Sie sich entspannen und diesen Vorgeschmack auf das Tauchen in vollen Z\u00fcgen genie\u00dfen k\u00f6nnen.<\/p>\n","protected":false},"excerpt":{"rendered":"<p>Erleben Sie eine einzigartige Erfahrung bei der Erkundung der Unterwasserwelt des Burj Al Arab Riffs in Dubai.<\/p>\n","protected":false},"featured_media":4437,"comment_status":"open","ping_status":"closed","template":"","meta":{"_acf_changed":false},"product_brand":[],"product_cat":[148,143],"product_tag":[],"class_list":{"0":"post-7649","1":"product","2":"type-product","3":"status-publish","4":"has-post-thumbnail","6":"product_cat-kombinierte-aktivitaten","7":"product_cat-wasseraktivitaeten","9":"first","10":"instock","11":"shipping-taxable","12":"purchasable","13":"product-type-simple"},"acf":[],"_links":{"self":[{"href":"https:\/\/bleudubai.com\/de\/wp-json\/wp\/v2\/product\/7649","targetHints":{"allow":["GET"]}}],"collection":[{"href":"https:\/\/bleudubai.com\/de\/wp-json\/wp\/v2\/product"}],"about":[{"href":"https:\/\/bleudubai.com\/de\/wp-json\/wp\/v2\/types\/product"}],"replies":[{"embeddable":true,"href":"https:\/\/bleudubai.com\/de\/wp-json\/wp\/v2\/comments?post=7649"}],"wp:featuredmedia":[{"embeddable":true,"href":"https:\/\/bleudubai.com\/de\/wp-json\/wp\/v2\/media\/4437"}],"wp:attachment":[{"href":"https:\/\/bleudubai.com\/de\/wp-json\/wp\/v2\/media?parent=7649"}],"wp:term":[{"taxonomy":"product_brand","embeddable":true,"href":"https:\/\/bleudubai.com\/de\/wp-json\/wp\/v2\/product_brand?post=7649"},{"taxonomy":"product_cat","embeddable":true,"href":"https:\/\/bleudubai.com\/de\/wp-json\/wp\/v2\/product_cat?post=7649"},{"taxonomy":"product_tag","embeddable":true,"href":"https:\/\/bleudubai.com\/de\/wp-json\/wp\/v2\/product_tag?post=7649"}],"curies":[{"name":"wp","href":"https:\/\/api.w.org\/{rel}","templated":true}]}}