{"id":7662,"date":"2024-09-01T19:38:13","date_gmt":"2024-09-01T19:38:13","guid":{"rendered":"https:\/\/bleudubai.com\/product\/erkunden-palm-jumeirah-en-stand-up-paddle-dauert-60-minuten\/"},"modified":"2025-10-01T18:29:20","modified_gmt":"2025-10-01T14:29:20","slug":"erkunden-palm-jumeirah-en-stand-up-paddle-dauert-60-minuten","status":"publish","type":"product","link":"https:\/\/bleudubai.com\/de\/produkt\/erkunden-palm-jumeirah-en-stand-up-paddle-dauert-60-minuten\/","title":{"rendered":"Erkunden Sie Palm Jumeirah mit dem Stand Up Paddle &#8211; Dauer: 60 Minuten"},"content":{"rendered":"<p>Begeben Sie sich auf ein Stand Up Paddling-Abenteuer auf den glitzernden Gew\u00e4ssern von Palm Jumeirah.<\/p>\n<p>Finden Sie Ihr Gleichgewicht auf dem Brett und genie\u00dfen Sie die Freiheit, an dieser ikonischen Insel entlang zu gleiten.<\/p>\n<p>Entfliehen Sie dem hektischen Tempo der Stadt, genie\u00dfen Sie die Sonne auf Ihrem Gesicht und lassen Sie sich von der Meeresbrise tragen.<\/p>\n<p>Diese Aktivit\u00e4t ist f\u00fcr alle Niveaus geeignet und wir bieten eine kostenlose 15-min\u00fctige Trainingseinheit f\u00fcr Anf\u00e4nger an.<\/p>\n<p>Laden Sie Ihre Lieben ein, dieses unvergessliche Erlebnis mit Ihnen zu teilen.<\/p>\n","protected":false},"excerpt":{"rendered":"<p>Entdecken Sie Palm Jumeirah vom Wasser aus bei einem Stand Up Paddle Erlebnis. Mieten Sie sich ein Board und genie\u00dfen Sie die atemberaubende Aussicht auf Dubai. Genie\u00dfen Sie den Sonnenuntergang oder -aufgang \u00fcber der wundersch\u00f6nen Skyline.  <\/p>\n","protected":false},"featured_media":4422,"comment_status":"open","ping_status":"closed","template":"","meta":{"_acf_changed":false},"product_brand":[],"product_cat":[163,143],"product_tag":[],"class_list":{"0":"post-7662","1":"product","2":"type-product","3":"status-publish","4":"has-post-thumbnail","6":"product_cat-familienaktivitaeten","7":"product_cat-wasseraktivitaeten","9":"first","10":"instock","11":"shipping-taxable","12":"purchasable","13":"product-type-simple"},"acf":[],"_links":{"self":[{"href":"https:\/\/bleudubai.com\/de\/wp-json\/wp\/v2\/product\/7662","targetHints":{"allow":["GET"]}}],"collection":[{"href":"https:\/\/bleudubai.com\/de\/wp-json\/wp\/v2\/product"}],"about":[{"href":"https:\/\/bleudubai.com\/de\/wp-json\/wp\/v2\/types\/product"}],"replies":[{"embeddable":true,"href":"https:\/\/bleudubai.com\/de\/wp-json\/wp\/v2\/comments?post=7662"}],"wp:featuredmedia":[{"embeddable":true,"href":"https:\/\/bleudubai.com\/de\/wp-json\/wp\/v2\/media\/4422"}],"wp:attachment":[{"href":"https:\/\/bleudubai.com\/de\/wp-json\/wp\/v2\/media?parent=7662"}],"wp:term":[{"taxonomy":"product_brand","embeddable":true,"href":"https:\/\/bleudubai.com\/de\/wp-json\/wp\/v2\/product_brand?post=7662"},{"taxonomy":"product_cat","embeddable":true,"href":"https:\/\/bleudubai.com\/de\/wp-json\/wp\/v2\/product_cat?post=7662"},{"taxonomy":"product_tag","embeddable":true,"href":"https:\/\/bleudubai.com\/de\/wp-json\/wp\/v2\/product_tag?post=7662"}],"curies":[{"name":"wp","href":"https:\/\/api.w.org\/{rel}","templated":true}]}}