{"id":7663,"date":"2024-09-01T19:38:13","date_gmt":"2024-09-01T15:38:13","guid":{"rendered":"https:\/\/bleudubai.com\/product\/kajakfahrt-durch-den-nationalpark-der-ostlichen-mangrove-in-dabu-dhabi\/"},"modified":"2024-11-11T20:33:21","modified_gmt":"2024-11-11T20:33:21","slug":"kajakfahrt-durch-den-nationalpark-der-ostlichen-mangrove-in-dabu-dhabi","status":"publish","type":"product","link":"https:\/\/bleudubai.com\/de\/produkt\/kajakfahrt-durch-den-nationalpark-der-ostlichen-mangrove-in-dabu-dhabi\/","title":{"rendered":"Gef\u00fchrte Kajakfahrt durch den \u00f6stlichen Mangroven-Nationalpark von Abu Dhabi"},"content":{"rendered":"<p>Erkunden Sie den einzigartigen Nationalpark Eastern Mangroves auf einer gef\u00fchrten Kajaktour in Abu Dhabi. Entdecken Sie einen bl\u00fchenden Lebensraum mit \u00fcber 60 Vogelarten, Schildkr\u00f6ten, Meeress\u00e4ugern und einer Vielzahl an Muscheln, Fischen und Krebsen. Genie\u00dfen Sie die freie Zeit zum Schwimmen am Strand.<br \/>\nBeginnen Sie Ihren Tag mit dem Anlegen Ihrer Schwimmweste, holen Sie Ihr Paddel ab und nehmen Sie an einer 10-min\u00fctigen Sicherheitseinweisung in das Kajakfahren teil. Anschlie\u00dfend begeben Sie sich auf eine 2-st\u00fcndige Tour durch die wundersch\u00f6nen Mangroven und lernen die Sch\u00f6nheit und Bedeutung der Mangroven kennen. Machen Sie eine 15-min\u00fctige Pause, um sich auszuruhen, Fotos zu machen oder an einem malerischen Strand zu baden. Dieser Ort ist ideal f\u00fcr Familien, Vogelliebhaber und Fotografen, die der Stadt f\u00fcr ein paar Stunden entfliehen m\u00f6chten.<\/p>\n","protected":false},"excerpt":{"rendered":"<p>Tauchen Sie ein in eine andere Seite von Abu Dhabi bei einer entspannenden Kajakfahrt durch die Salzmangroven und Feuchtgebiete. Entdecken Sie diesen Naturschatz mit einem lokalen Reisef\u00fchrer. <\/p>\n","protected":false},"featured_media":4407,"comment_status":"open","ping_status":"closed","template":"","meta":{"_acf_changed":false},"product_brand":[],"product_cat":[173,163,143],"product_tag":[],"class_list":{"0":"post-7663","1":"product","2":"type-product","3":"status-publish","4":"has-post-thumbnail","6":"product_cat-aktivitaten-in-abu-dhabi","7":"product_cat-familienaktivitaeten","8":"product_cat-wasseraktivitaeten","10":"first","11":"instock","12":"shipping-taxable","13":"purchasable","14":"product-type-simple"},"acf":[],"_links":{"self":[{"href":"https:\/\/bleudubai.com\/de\/wp-json\/wp\/v2\/product\/7663","targetHints":{"allow":["GET"]}}],"collection":[{"href":"https:\/\/bleudubai.com\/de\/wp-json\/wp\/v2\/product"}],"about":[{"href":"https:\/\/bleudubai.com\/de\/wp-json\/wp\/v2\/types\/product"}],"replies":[{"embeddable":true,"href":"https:\/\/bleudubai.com\/de\/wp-json\/wp\/v2\/comments?post=7663"}],"wp:featuredmedia":[{"embeddable":true,"href":"https:\/\/bleudubai.com\/de\/wp-json\/wp\/v2\/media\/4407"}],"wp:attachment":[{"href":"https:\/\/bleudubai.com\/de\/wp-json\/wp\/v2\/media?parent=7663"}],"wp:term":[{"taxonomy":"product_brand","embeddable":true,"href":"https:\/\/bleudubai.com\/de\/wp-json\/wp\/v2\/product_brand?post=7663"},{"taxonomy":"product_cat","embeddable":true,"href":"https:\/\/bleudubai.com\/de\/wp-json\/wp\/v2\/product_cat?post=7663"},{"taxonomy":"product_tag","embeddable":true,"href":"https:\/\/bleudubai.com\/de\/wp-json\/wp\/v2\/product_tag?post=7663"}],"curies":[{"name":"wp","href":"https:\/\/api.w.org\/{rel}","templated":true}]}}