{"id":7676,"date":"2024-09-01T19:38:35","date_gmt":"2024-09-01T19:38:35","guid":{"rendered":"https:\/\/bleudubai.com\/product\/yachtkreuzfahrt-mit-fruhstuck-oder-barbecue-an-der-meereskuste-von-dubai\/"},"modified":"2025-10-09T17:17:37","modified_gmt":"2025-10-09T13:17:37","slug":"yachtkreuzfahrt-mit-fruhstuck-oder-barbecue-an-der-meereskuste-von-dubai","status":"publish","type":"product","link":"https:\/\/bleudubai.com\/de\/produkt\/yachtkreuzfahrt-mit-fruhstuck-oder-barbecue-an-der-meereskuste-von-dubai\/","title":{"rendered":"Jachtkreuzfahrt mit Fr\u00fchst\u00fcck oder Barbecue ab Dubai Marina"},"content":{"rendered":"<p>Entdecken Sie Dubai vom Wasser aus auf einer unvergesslichen Kreuzfahrt.<\/p>\n<p>Segeln Sie durch die Dubai Marina zur Blue Water Island, vorbei am Dubai Eye, Jumeirah Beach, The Palm und dem ber\u00fchmten Burj Al Arab.<\/p>\n<p>Genie\u00dfen Sie einen herzlichen Empfang an Bord Ihrer Yacht, wo Sie ein k\u00f6stliches Fr\u00fchst\u00fcck oder Barbecue genie\u00dfen k\u00f6nnen, je nachdem, was Sie bevorzugen.<\/p>\n<p>Die 20 Meter lange Yacht verf\u00fcgt \u00fcber eine hochwertige Ausstattung, darunter ein Essbereich und drei wundersch\u00f6ne Kabinen mit viel Tageslicht.<br \/>\nMachen Sie es sich im Salon gem\u00fctlich, je nach Wunsch im Schatten oder in der Sonne.<\/p>\n","protected":false},"excerpt":{"rendered":"<p>Erkunden Sie die Sehensw\u00fcrdigkeiten von Dubai auf einer Jachtkreuzfahrt ab der Marina. Genie\u00dfen Sie eine gef\u00fchrte Tour und lassen Sie sich ein k\u00f6stliches Fr\u00fchst\u00fcck oder ein frisch zubereitetes Barbecue an Bord schmecken. <\/p>\n","protected":false},"featured_media":4557,"comment_status":"open","ping_status":"closed","template":"","meta":{"_acf_changed":false},"product_brand":[],"product_cat":[178,188,163],"product_tag":[],"class_list":{"0":"post-7676","1":"product","2":"type-product","3":"status-publish","4":"has-post-thumbnail","6":"product_cat-bootsfahrt","7":"product_cat-city-pass-de","8":"product_cat-familienaktivitaeten","10":"first","11":"instock","12":"featured","13":"shipping-taxable","14":"purchasable","15":"product-type-simple"},"acf":[],"_links":{"self":[{"href":"https:\/\/bleudubai.com\/de\/wp-json\/wp\/v2\/product\/7676","targetHints":{"allow":["GET"]}}],"collection":[{"href":"https:\/\/bleudubai.com\/de\/wp-json\/wp\/v2\/product"}],"about":[{"href":"https:\/\/bleudubai.com\/de\/wp-json\/wp\/v2\/types\/product"}],"replies":[{"embeddable":true,"href":"https:\/\/bleudubai.com\/de\/wp-json\/wp\/v2\/comments?post=7676"}],"wp:featuredmedia":[{"embeddable":true,"href":"https:\/\/bleudubai.com\/de\/wp-json\/wp\/v2\/media\/4557"}],"wp:attachment":[{"href":"https:\/\/bleudubai.com\/de\/wp-json\/wp\/v2\/media?parent=7676"}],"wp:term":[{"taxonomy":"product_brand","embeddable":true,"href":"https:\/\/bleudubai.com\/de\/wp-json\/wp\/v2\/product_brand?post=7676"},{"taxonomy":"product_cat","embeddable":true,"href":"https:\/\/bleudubai.com\/de\/wp-json\/wp\/v2\/product_cat?post=7676"},{"taxonomy":"product_tag","embeddable":true,"href":"https:\/\/bleudubai.com\/de\/wp-json\/wp\/v2\/product_tag?post=7676"}],"curies":[{"name":"wp","href":"https:\/\/api.w.org\/{rel}","templated":true}]}}