{"id":7677,"date":"2024-09-01T19:38:35","date_gmt":"2024-09-01T19:38:35","guid":{"rendered":"https:\/\/bleudubai.com\/product\/decouvert-le-desert-en-du-quad-eine-vergessliche-erfahrung\/"},"modified":"2024-11-11T20:33:38","modified_gmt":"2024-11-11T20:33:38","slug":"decouvert-le-desert-en-du-quad-eine-vergessliche-erfahrung","status":"publish","type":"product","link":"https:\/\/bleudubai.com\/de\/produkt\/decouvert-le-desert-en-du-quad-eine-vergessliche-erfahrung\/","title":{"rendered":"Entdecken Sie die W\u00fcste beim Fahren eines Quads &#8211; ein unvergessliches Erlebnis."},"content":{"rendered":"<p>Erleben Sie ein episches Abenteuer in der W\u00fcste von Dubai an Bord eines hochmodernen Quads. Genie\u00dfen Sie ein Fahrzeug, das dank Automatikgetriebe und Allradantrieb leicht zu fahren ist. Fahren Sie sicher auf dieser gef\u00fchrten Tour und erleben Sie den Nervenkitzel dieses schnellen und wendigen Fahrzeugs. Erleben Sie die Sch\u00f6nheit der W\u00fcste auf diesem einzigartigen Abenteuer. W\u00e4hlen Sie zwischen einer Entdeckungstour oder einer 1- oder 2-st\u00fcndigen Erkundungstour und fahren Sie zu den beeindruckenden D\u00fcnen wie Big Red oder Pink Rock.<\/p>\n","protected":false},"excerpt":{"rendered":"<p>Entdecken Sie die W\u00fcste auf einem Quad-Abenteuer von Dubai aus. Fahren Sie durch die ber\u00fchmten D\u00fcnen wie Big Red, Pink Rock und Fossil Rock. <\/p>\n","protected":false},"featured_media":4542,"comment_status":"open","ping_status":"closed","template":"","meta":{"_acf_changed":false},"product_brand":[],"product_cat":[193,203,168,158],"product_tag":[],"class_list":{"0":"post-7677","1":"product","2":"type-product","3":"status-publish","4":"has-post-thumbnail","6":"product_cat-die-highlights","7":"product_cat-sport-adrenalin","8":"product_cat-unverzichtbare-aktivitaten","9":"product_cat-wustenaktivitaten","11":"first","12":"instock","13":"shipping-taxable","14":"purchasable","15":"product-type-simple"},"acf":[],"_links":{"self":[{"href":"https:\/\/bleudubai.com\/de\/wp-json\/wp\/v2\/product\/7677","targetHints":{"allow":["GET"]}}],"collection":[{"href":"https:\/\/bleudubai.com\/de\/wp-json\/wp\/v2\/product"}],"about":[{"href":"https:\/\/bleudubai.com\/de\/wp-json\/wp\/v2\/types\/product"}],"replies":[{"embeddable":true,"href":"https:\/\/bleudubai.com\/de\/wp-json\/wp\/v2\/comments?post=7677"}],"wp:featuredmedia":[{"embeddable":true,"href":"https:\/\/bleudubai.com\/de\/wp-json\/wp\/v2\/media\/4542"}],"wp:attachment":[{"href":"https:\/\/bleudubai.com\/de\/wp-json\/wp\/v2\/media?parent=7677"}],"wp:term":[{"taxonomy":"product_brand","embeddable":true,"href":"https:\/\/bleudubai.com\/de\/wp-json\/wp\/v2\/product_brand?post=7677"},{"taxonomy":"product_cat","embeddable":true,"href":"https:\/\/bleudubai.com\/de\/wp-json\/wp\/v2\/product_cat?post=7677"},{"taxonomy":"product_tag","embeddable":true,"href":"https:\/\/bleudubai.com\/de\/wp-json\/wp\/v2\/product_tag?post=7677"}],"curies":[{"name":"wp","href":"https:\/\/api.w.org\/{rel}","templated":true}]}}