{"id":7692,"date":"2024-09-01T19:38:35","date_gmt":"2024-09-01T15:38:35","guid":{"rendered":"https:\/\/bleudubai.com\/product\/decouvert-le-desert-au-volant-dun-buggy-experience-inforniable\/"},"modified":"2025-10-01T18:30:10","modified_gmt":"2025-10-01T14:30:10","slug":"decouvert-le-desert-au-volant-dun-buggy-experience-inforniable","status":"publish","type":"product","link":"https:\/\/bleudubai.com\/de\/produkt\/decouvert-le-desert-au-volant-dun-buggy-experience-inforniable\/","title":{"rendered":"Entdecken Sie die W\u00fcste in einem Buggy &#8211; ein unvergessliches Erlebnis."},"content":{"rendered":"<p>St\u00fcrzen Sie sich in einem Buggy der neuesten Generation in ein episches Abenteuer in der W\u00fcste von Dubai.<br \/>\nGenie\u00dfen Sie die Leichtigkeit des Fahrens, die Ihnen das Automatikgetriebe und der Allradantrieb bieten.<\/p>\n<p>Bewegen Sie sich auf dieser gef\u00fchrten Tour sicher und erleben Sie den Nervenkitzel dieses schnellen und wendigen Fahrzeugs. Bewundern Sie die Sch\u00f6nheit der W\u00fcste w\u00e4hrend dieses einzigartigen Abenteuers. <\/p>\n<p>W\u00e4hlen Sie aus unseren ein- bis zweist\u00fcndigen Entdeckungs- oder Erkundungstouren und erobern Sie beeindruckende D\u00fcnen wie Big Red oder Pink Rock.<\/p>\n","protected":false},"excerpt":{"rendered":"<p>Entdecken Sie die W\u00fcste auf einem Buggy-Abenteuer von Dubai aus. Fahren Sie \u00fcber die ber\u00fchmten D\u00fcnen wie Big Red, Pink Rock und Fossil Rock. <\/p>\n","protected":false},"featured_media":8783,"comment_status":"open","ping_status":"closed","template":"","meta":{"_acf_changed":false},"product_brand":[],"product_cat":[193,203,168,158],"product_tag":[],"class_list":{"0":"post-7692","1":"product","2":"type-product","3":"status-publish","4":"has-post-thumbnail","6":"product_cat-die-highlights","7":"product_cat-sport-adrenalin","8":"product_cat-unverzichtbare-aktivitaten","9":"product_cat-wustenaktivitaten","11":"first","12":"instock","13":"featured","14":"shipping-taxable","15":"purchasable","16":"product-type-simple"},"acf":[],"_links":{"self":[{"href":"https:\/\/bleudubai.com\/de\/wp-json\/wp\/v2\/product\/7692","targetHints":{"allow":["GET"]}}],"collection":[{"href":"https:\/\/bleudubai.com\/de\/wp-json\/wp\/v2\/product"}],"about":[{"href":"https:\/\/bleudubai.com\/de\/wp-json\/wp\/v2\/types\/product"}],"replies":[{"embeddable":true,"href":"https:\/\/bleudubai.com\/de\/wp-json\/wp\/v2\/comments?post=7692"}],"wp:featuredmedia":[{"embeddable":true,"href":"https:\/\/bleudubai.com\/de\/wp-json\/wp\/v2\/media\/8783"}],"wp:attachment":[{"href":"https:\/\/bleudubai.com\/de\/wp-json\/wp\/v2\/media?parent=7692"}],"wp:term":[{"taxonomy":"product_brand","embeddable":true,"href":"https:\/\/bleudubai.com\/de\/wp-json\/wp\/v2\/product_brand?post=7692"},{"taxonomy":"product_cat","embeddable":true,"href":"https:\/\/bleudubai.com\/de\/wp-json\/wp\/v2\/product_cat?post=7692"},{"taxonomy":"product_tag","embeddable":true,"href":"https:\/\/bleudubai.com\/de\/wp-json\/wp\/v2\/product_tag?post=7692"}],"curies":[{"name":"wp","href":"https:\/\/api.w.org\/{rel}","templated":true}]}}