{"id":7693,"date":"2024-09-01T19:38:35","date_gmt":"2024-09-01T19:38:35","guid":{"rendered":"https:\/\/bleudubai.com\/product\/tauch-und-schnorcheltour-in-fujairah-mit-barbecue-mittagessen\/"},"modified":"2024-11-11T20:33:54","modified_gmt":"2024-11-11T20:33:54","slug":"tauch-und-schnorcheltour-in-fujairah-mit-barbecue-mittagessen","status":"publish","type":"product","link":"https:\/\/bleudubai.com\/de\/produkt\/tauch-und-schnorcheltour-in-fujairah-mit-barbecue-mittagessen\/","title":{"rendered":"Gef\u00fchrte Schnorcheltour in Fujairah mit Barbecue-Mittagessen"},"content":{"rendered":"<p>Entdecken Sie das faszinierende Leben der exotischen Fische, die in den Gew\u00e4ssern von Fujairah leben, indem Sie einfach eine Maske aufsetzen und schnorcheln. Diese sichere, unterhaltsame und f\u00fcr alle Altersgruppen geeignete Aktivit\u00e4t erm\u00f6glicht es Ihnen, die wundersch\u00f6nen Korallen und farbenfrohen Fischschw\u00e4rme zu erkunden, die diese Region bev\u00f6lkern. Die gesamte Ausr\u00fcstung, einschlie\u00dflich Maske, Schnorchel und Flossen, wird Ihnen zur Verf\u00fcgung gestellt. Schwimmwesten sind f\u00fcr diejenigen verf\u00fcgbar, die eine Unterst\u00fctzung an der Oberfl\u00e4che bevorzugen und unser Team von professionellen Schnorchelguides steht Ihnen auf Anfrage zur Verf\u00fcgung. Sobald Sie am Schnorchelplatz angekommen sind, ziehen Sie einfach Ihre Ausr\u00fcstung an und tauchen Sie ab, um Ihr Abenteuer zu beginnen. Erkunden Sie die erstaunliche Unterwasserwelt, beobachten Sie die Sch\u00f6nheit unter der Wasseroberfl\u00e4che und begegnen Sie einer Vielzahl von Meeresbewohnern, einschlie\u00dflich Schildkr\u00f6ten, Rochen und vielleicht sogar Haien. Unser Luxus-Tauchboot wird Sie den ganzen Tag \u00fcber begleiten und bietet Toiletten an Bord, Liegest\u00fchle zum Sonnenbaden und Getr\u00e4nke, um Sie w\u00e4hrend Ihres Schnorchel-Erlebnisses mit Fl\u00fcssigkeit zu versorgen. Ihr erfahrener Reiseleiter wird die besten Schnorchelpl\u00e4tze je nach Wetter- und Meeresbedingungen ausw\u00e4hlen. Jede Reise wird den Besuch von zwei verschiedenen Orten beinhalten, die eine Vielfalt an Unterwassererkundungen bieten. Am Ende des Tages erwartet Sie ein k\u00f6stliches Barbecue-Mittagessen. Unterwegs machen wir zwei Stopps, um den ber\u00fchmten Wasserfall von Khorfakkan zu bewundern und den Panoramablick auf das Amphitheater von Khorfakkan zu genie\u00dfen.<\/p>\n","protected":false},"excerpt":{"rendered":"<p>Entdecken Sie die atemberaubende Unterwasserwelt von Fujairah auf einem Schnorchelausflug. Sie m\u00fcssen kein Taucher sein, erkunden Sie die spektakul\u00e4ren Orte von Fujairah und genie\u00dfen Sie ein k\u00f6stliches Barbecue-Mittagessen. <\/p>\n","protected":false},"featured_media":4497,"comment_status":"open","ping_status":"closed","template":"","meta":{"_acf_changed":false},"product_brand":[],"product_cat":[163,148,168,143],"product_tag":[],"class_list":{"0":"post-7693","1":"product","2":"type-product","3":"status-publish","4":"has-post-thumbnail","6":"product_cat-familienaktivitaeten","7":"product_cat-kombinierte-aktivitaten","8":"product_cat-unverzichtbare-aktivitaten","9":"product_cat-wasseraktivitaeten","11":"first","12":"instock","13":"shipping-taxable","14":"purchasable","15":"product-type-simple"},"acf":[],"_links":{"self":[{"href":"https:\/\/bleudubai.com\/de\/wp-json\/wp\/v2\/product\/7693","targetHints":{"allow":["GET"]}}],"collection":[{"href":"https:\/\/bleudubai.com\/de\/wp-json\/wp\/v2\/product"}],"about":[{"href":"https:\/\/bleudubai.com\/de\/wp-json\/wp\/v2\/types\/product"}],"replies":[{"embeddable":true,"href":"https:\/\/bleudubai.com\/de\/wp-json\/wp\/v2\/comments?post=7693"}],"wp:featuredmedia":[{"embeddable":true,"href":"https:\/\/bleudubai.com\/de\/wp-json\/wp\/v2\/media\/4497"}],"wp:attachment":[{"href":"https:\/\/bleudubai.com\/de\/wp-json\/wp\/v2\/media?parent=7693"}],"wp:term":[{"taxonomy":"product_brand","embeddable":true,"href":"https:\/\/bleudubai.com\/de\/wp-json\/wp\/v2\/product_brand?post=7693"},{"taxonomy":"product_cat","embeddable":true,"href":"https:\/\/bleudubai.com\/de\/wp-json\/wp\/v2\/product_cat?post=7693"},{"taxonomy":"product_tag","embeddable":true,"href":"https:\/\/bleudubai.com\/de\/wp-json\/wp\/v2\/product_tag?post=7693"}],"curies":[{"name":"wp","href":"https:\/\/api.w.org\/{rel}","templated":true}]}}