{"id":7707,"date":"2024-09-01T19:38:56","date_gmt":"2024-09-01T15:38:56","guid":{"rendered":"https:\/\/bleudubai.com\/product\/safari-in-der-desert-de-dubai-kamel-sandboard-quad-oder-buggyund-bbq-dinner\/"},"modified":"2026-04-13T10:15:21","modified_gmt":"2026-04-13T06:15:21","slug":"safari-in-der-desert-de-dubai-kamel-sandboard-quad-oder-buggyund-bbq-dinner","status":"publish","type":"product","link":"https:\/\/bleudubai.com\/de\/produkt\/safari-in-der-desert-de-dubai-kamel-sandboard-quad-oder-buggyund-bbq-dinner\/","title":{"rendered":"W\u00fcstensafari in Dubai: Kamel, Sandboard Quad oder Buggy und Abendessen vom Buffet"},"content":{"rendered":"<p>Entdecken Sie die W\u00fcste von Dubai auf einem unvergesslichen Abenteuer, das mit der Abholung von Ihrem Hotel in einem Gel\u00e4ndewagen beginnt.<\/p>\n<p>In Begleitung eines erfahrenen \u00f6rtlichen Reiseleiters machen Sie sich auf den Weg in die W\u00fcste, die nur 45 Minuten von Dubai entfernt liegt. Bei Ihrer Ankunft im Lahbab Desert Camp werden Sie herzlich in einem klimatisierten Zelt begr\u00fc\u00dft, wo Sie sich entspannen und Erfrischungen genie\u00dfen k\u00f6nnen. <\/p>\n<p>Machen Sie sich anschlie\u00dfend auf ein aufregendes Erlebnis gefasst, wenn Sie mit einem Gel\u00e4ndewagen durch die D\u00fcnen fahren. Sie haben auch die M\u00f6glichkeit, eine Kamelfarm zu besuchen, die mitten in der W\u00fcste liegt. Lassen Sie sich vom Adrenalin durchfluten, w\u00e4hrend Sie die roten D\u00fcnen z\u00e4hmen und bewundern, wie Ihr Fahrzeug die raue Landschaft zerschneidet und steile H\u00e4nge hinabst\u00fcrzt.  <\/p>\n<p>Sobald die D\u00fcnenrallye beendet ist, haben Sie die M\u00f6glichkeit, sich im Sandboarding zu versuchen oder einfach die W\u00fcstenlandschaft um Sie herum zu genie\u00dfen. Vergessen Sie nicht, diesen einzigartigen und unendlichen Horizont mit unvergesslichen Fotos festzuhalten. Legen Sie anschlie\u00dfend eine Pause bei den roten D\u00fcnen ein und genie\u00dfen Sie einen ruhigen Kamelritt im Herzen der W\u00fcste.  <\/p>\n<p>Pour cl\u00f4turer cette journ\u00e9e m\u00e9morable, d\u00e9tendez-vous dans un camp traditionnel o\u00f9 vous d\u00e9gusterez un d\u00e9licieux d\u00eener BBQ international et assisterez \u00e0 plusieurs spectacles \u00e9miratis captivants. Enfin, votre guide vous ram\u00e8nera \u00e0 votre h\u00f4tel \u00e0 Duba\u00ef, vous laissant des souvenirs imp\u00e9rissables de cette exp\u00e9rience palpitante. <\/p>\n","protected":false},"excerpt":{"rendered":"<p>Erkunden Sie die W\u00fcste von Dubai auf einer unglaublichen Safari mit einem Kamelritt bei Sonnenuntergang. Entdecken Sie sensationelle Sportarten wie Sandboarding und D\u00fcnenrallye. <\/p>\n","protected":false},"featured_media":4647,"comment_status":"open","ping_status":"closed","template":"","meta":{"_acf_changed":false},"product_brand":[],"product_cat":[193,163,148,203,168,158],"product_tag":[],"class_list":{"0":"post-7707","1":"product","2":"type-product","3":"status-publish","4":"has-post-thumbnail","6":"product_cat-die-highlights","7":"product_cat-familienaktivitaeten","8":"product_cat-kombinierte-aktivitaten","9":"product_cat-sport-adrenalin","10":"product_cat-unverzichtbare-aktivitaten","11":"product_cat-wustenaktivitaten","13":"first","14":"instock","15":"featured","16":"shipping-taxable","17":"purchasable","18":"product-type-simple"},"acf":[],"_links":{"self":[{"href":"https:\/\/bleudubai.com\/de\/wp-json\/wp\/v2\/product\/7707","targetHints":{"allow":["GET"]}}],"collection":[{"href":"https:\/\/bleudubai.com\/de\/wp-json\/wp\/v2\/product"}],"about":[{"href":"https:\/\/bleudubai.com\/de\/wp-json\/wp\/v2\/types\/product"}],"replies":[{"embeddable":true,"href":"https:\/\/bleudubai.com\/de\/wp-json\/wp\/v2\/comments?post=7707"}],"wp:featuredmedia":[{"embeddable":true,"href":"https:\/\/bleudubai.com\/de\/wp-json\/wp\/v2\/media\/4647"}],"wp:attachment":[{"href":"https:\/\/bleudubai.com\/de\/wp-json\/wp\/v2\/media?parent=7707"}],"wp:term":[{"taxonomy":"product_brand","embeddable":true,"href":"https:\/\/bleudubai.com\/de\/wp-json\/wp\/v2\/product_brand?post=7707"},{"taxonomy":"product_cat","embeddable":true,"href":"https:\/\/bleudubai.com\/de\/wp-json\/wp\/v2\/product_cat?post=7707"},{"taxonomy":"product_tag","embeddable":true,"href":"https:\/\/bleudubai.com\/de\/wp-json\/wp\/v2\/product_tag?post=7707"}],"curies":[{"name":"wp","href":"https:\/\/api.w.org\/{rel}","templated":true}]}}