{"id":7722,"date":"2024-09-01T19:38:56","date_gmt":"2024-09-01T19:38:56","guid":{"rendered":"https:\/\/bleudubai.com\/product\/billet-pour-les-124e-et-125e-etages-du-burj-khalifa\/"},"modified":"2025-08-20T21:00:10","modified_gmt":"2025-08-20T17:00:10","slug":"billet-pour-les-124e-et-125e-etages-du-burj-khalifa","status":"publish","type":"product","link":"https:\/\/bleudubai.com\/de\/produkt\/billet-pour-les-124e-et-125e-etages-du-burj-khalifa\/","title":{"rendered":"Eintrittskarte f\u00fcr die 124. und 125. Etage des Burj Khalifa"},"content":{"rendered":"<p>Begeben Sie sich auf ein vertikales Abenteuer und fahren Sie mit dem schnellsten Aufzug der Welt auf die 124. und 125. Etage des Burj Khalifa in Dubai. Mit einer H\u00f6he von 829 Metern dominiert der Burj Khalifa die Innenstadt von Dubai und bietet einen atemberaubenden Blick aus der Luft auf das Emirat und seine Umgebung. Genie\u00dfen Sie auf der Aussichtsplattform das 360-Grad-Panorama und entdecken Sie die architektonischen und technologischen Details, die den Burj Khalifa zu einem wahren Wunder des Nahen Ostens machen. Nutzen Sie die Teleskope, um die Stadt aus der Ferne zu erkunden und g\u00f6nnen Sie sich ein Erinnerungsfoto, das am Eingang zum 125. Au\u00dferdem k\u00f6nnen Sie von den Aussichtsplattformen des Burj Khalifa die Dubai Font\u00e4ne bewundern. Mit synchronisierter Musik bietet die gr\u00f6\u00dfte tanzende Font\u00e4ne der Welt ein unvergessliches Seh- und H\u00f6rerlebnis.<\/p>\n","protected":false},"excerpt":{"rendered":"<p>Erleben Sie eine einzigartige Fahrt mit dem schnellsten Aufzug der Welt bis zur Spitze des Burj Khalifa, dem h\u00f6chsten Wolkenkratzer der Welt. Genie\u00dfen Sie den Panoramablick von der 124. und 125. Etage dieser Ikone Dubais. <\/p>\n","protected":false},"featured_media":4602,"comment_status":"open","ping_status":"closed","template":"","meta":{"_acf_changed":false},"product_brand":[],"product_cat":[188,193,183,163,168],"product_tag":[],"class_list":{"0":"post-7722","1":"product","2":"type-product","3":"status-publish","4":"has-post-thumbnail","6":"product_cat-city-pass-de","7":"product_cat-die-highlights","8":"product_cat-eintrittskarten","9":"product_cat-familienaktivitaeten","10":"product_cat-unverzichtbare-aktivitaten","12":"first","13":"instock","14":"featured","15":"shipping-taxable","16":"purchasable","17":"product-type-simple"},"acf":[],"_links":{"self":[{"href":"https:\/\/bleudubai.com\/de\/wp-json\/wp\/v2\/product\/7722","targetHints":{"allow":["GET"]}}],"collection":[{"href":"https:\/\/bleudubai.com\/de\/wp-json\/wp\/v2\/product"}],"about":[{"href":"https:\/\/bleudubai.com\/de\/wp-json\/wp\/v2\/types\/product"}],"replies":[{"embeddable":true,"href":"https:\/\/bleudubai.com\/de\/wp-json\/wp\/v2\/comments?post=7722"}],"wp:featuredmedia":[{"embeddable":true,"href":"https:\/\/bleudubai.com\/de\/wp-json\/wp\/v2\/media\/4602"}],"wp:attachment":[{"href":"https:\/\/bleudubai.com\/de\/wp-json\/wp\/v2\/media?parent=7722"}],"wp:term":[{"taxonomy":"product_brand","embeddable":true,"href":"https:\/\/bleudubai.com\/de\/wp-json\/wp\/v2\/product_brand?post=7722"},{"taxonomy":"product_cat","embeddable":true,"href":"https:\/\/bleudubai.com\/de\/wp-json\/wp\/v2\/product_cat?post=7722"},{"taxonomy":"product_tag","embeddable":true,"href":"https:\/\/bleudubai.com\/de\/wp-json\/wp\/v2\/product_tag?post=7722"}],"curies":[{"name":"wp","href":"https:\/\/api.w.org\/{rel}","templated":true}]}}