{"id":7723,"date":"2024-09-01T19:38:56","date_gmt":"2024-09-01T19:38:56","guid":{"rendered":"https:\/\/bleudubai.com\/product\/dinner-kreuzfahrt-in-der-marina-mit-live-musik-ein-unvergessliches-erlebnis-in-dubai\/"},"modified":"2025-10-01T18:28:10","modified_gmt":"2025-10-01T14:28:10","slug":"dinner-kreuzfahrt-in-der-marina-mit-live-musik-ein-unvergessliches-erlebnis-in-dubai","status":"publish","type":"product","link":"https:\/\/bleudubai.com\/de\/produkt\/dinner-kreuzfahrt-in-der-marina-mit-live-musik-ein-unvergessliches-erlebnis-in-dubai\/","title":{"rendered":"Dinner-Kreuzfahrt im Jachthafen mit Live-Musik: Ein unvergessliches Erlebnis in Dubai"},"content":{"rendered":"<p>Gehen Sie an Bord eines pr\u00e4chtigen Glasschiffes und genie\u00dfen Sie eine Dinner-Kreuzfahrt durch die Marina von Dubai, Ain Wheel und JBR. Lassen Sie sich von einem exklusiven Erlebnis verf\u00fchren.<br \/>\nGenie\u00dfen Sie ein kostenloses Getr\u00e4nk, w\u00e4hrend Sie \u00fcber die beiden Decks des Schiffes schlendern: das untere Glasdeck f\u00fcr eine optimale Aussicht und das obere Deck im Freien, wo Sie die Brise des Persischen Golfs genie\u00dfen k\u00f6nnen. Genie\u00dfen Sie ein k\u00f6stliches Buffet mit kontinentalen und orientalischen Gerichten, begleitet von einer erlesenen Auswahl an Fruchts\u00e4ften und Erfrischungsgetr\u00e4nken.<br \/>\nLassen Sie sich von der romantischen Atmosph\u00e4re tragen, die von einer sanften Melodie erzeugt wird. Genie\u00dfen Sie nach dem Abendessen die atemberaubende Aussicht von den Terrassen im Freien, w\u00e4hrend die Kreuzfahrt Sie gegen 22:00 Uhr zum Kai zur\u00fcckbringt. Beispielmen\u00fc: Salate :<\/p>\n<ul>\n<li>Asiatischer Thunfischsalat<\/li>\n<li>Rattenkartoffeln mit Honigmayonnaise und einer Essigreduktion<\/li>\n<li>Libanesischer Fattoush-Salat mit Gurke und Tomate<\/li>\n<li>Hummus<\/li>\n<li>Fasolia<\/li>\n<li>Nudeln mit Basilikum-Pesto<\/li>\n<li>Franz\u00f6sische Vinaigrette<\/li>\n<li>Oliven\u00f6l und Balsamico-Essig<\/li>\n<\/ul>\n<p>Suppe :<\/p>\n<ul>\n<li>\u00c4gyptische Linsensuppe mit Gew\u00fcrzen und Oliven\u00f6l<\/li>\n<\/ul>\n<p>Auswahl an Brotsorten:<\/p>\n<ul>\n<li>Handgemachte Br\u00f6tchen<\/li>\n<li>Arabisches Brot<\/li>\n<\/ul>\n<p>Hauptgerichte :<\/p>\n<ul>\n<li>Hachis Parmentier mit Lammfleisch<\/li>\n<li>H\u00e4hnchen mit Pilzso\u00dfe<\/li>\n<li>Gegrillter Fisch in Gew\u00fcrzkruste mit cremiger Zitronensauce<\/li>\n<li>Kadai-Gem\u00fcse<\/li>\n<li>Rosmarin-Bratkartoffeln mit kandierten Knoblauchzehen<\/li>\n<li>Singapurische Gem\u00fcsenudeln mit Combava<\/li>\n<li>Ged\u00e4mpfter Basmati-Reis<\/li>\n<li>Live-Nudelstation<\/li>\n<li>Live-Nudelkochstation<\/li>\n<\/ul>\n<p>Desserts :<\/p>\n<ul>\n<li>Kokosnuss-Pudding<\/li>\n<li>Cupcake-Sortiment<\/li>\n<li>Umm Ali<\/li>\n<li>Obstsalate der Saison<\/li>\n<li>Schwarzw\u00e4lder Kirschtorte mit wei\u00dfer Schokolade<\/li>\n<\/ul>\n<p>Tee und Kaffee<\/p>\n","protected":false},"excerpt":{"rendered":"<p>Erleben Sie die Magie des beleuchteten Dubai Marina auf einer n\u00e4chtlichen Kreuzfahrt mit Abendessen vom Buffet und alkoholfreien Getr\u00e4nken. Tauchen Sie ein in die elektrische Atmosph\u00e4re der Stadt und genie\u00dfen Sie die atemberaubende Aussicht. <\/p>\n","protected":false},"featured_media":4587,"comment_status":"open","ping_status":"closed","template":"","meta":{"_acf_changed":false},"product_brand":[],"product_cat":[178,188,193,163,168],"product_tag":[],"class_list":{"0":"post-7723","1":"product","2":"type-product","3":"status-publish","4":"has-post-thumbnail","6":"product_cat-bootsfahrt","7":"product_cat-city-pass-de","8":"product_cat-die-highlights","9":"product_cat-familienaktivitaeten","10":"product_cat-unverzichtbare-aktivitaten","12":"first","13":"instock","14":"shipping-taxable","15":"purchasable","16":"product-type-simple"},"acf":[],"_links":{"self":[{"href":"https:\/\/bleudubai.com\/de\/wp-json\/wp\/v2\/product\/7723","targetHints":{"allow":["GET"]}}],"collection":[{"href":"https:\/\/bleudubai.com\/de\/wp-json\/wp\/v2\/product"}],"about":[{"href":"https:\/\/bleudubai.com\/de\/wp-json\/wp\/v2\/types\/product"}],"replies":[{"embeddable":true,"href":"https:\/\/bleudubai.com\/de\/wp-json\/wp\/v2\/comments?post=7723"}],"wp:featuredmedia":[{"embeddable":true,"href":"https:\/\/bleudubai.com\/de\/wp-json\/wp\/v2\/media\/4587"}],"wp:attachment":[{"href":"https:\/\/bleudubai.com\/de\/wp-json\/wp\/v2\/media?parent=7723"}],"wp:term":[{"taxonomy":"product_brand","embeddable":true,"href":"https:\/\/bleudubai.com\/de\/wp-json\/wp\/v2\/product_brand?post=7723"},{"taxonomy":"product_cat","embeddable":true,"href":"https:\/\/bleudubai.com\/de\/wp-json\/wp\/v2\/product_cat?post=7723"},{"taxonomy":"product_tag","embeddable":true,"href":"https:\/\/bleudubai.com\/de\/wp-json\/wp\/v2\/product_tag?post=7723"}],"curies":[{"name":"wp","href":"https:\/\/api.w.org\/{rel}","templated":true}]}}