{"id":7733,"date":"2024-09-01T19:38:12","date_gmt":"2024-09-01T19:38:12","guid":{"rendered":"https:\/\/bleudubai.com\/product\/erkundungstouren-im-kajak-von-palm-jumeirah-60-minuten\/"},"modified":"2024-09-01T19:38:12","modified_gmt":"2024-09-01T19:38:12","slug":"erkundungstouren-im-kajak-von-palm-jumeirah-60-minuten","status":"publish","type":"product","link":"https:\/\/bleudubai.com\/de\/produkt\/erkundungstouren-im-kajak-von-palm-jumeirah-60-minuten\/","title":{"rendered":"Kajak-Erkundung von Palm Jumeirah &#8211; 60 Minuten"},"content":{"rendered":"<p>Entdecken Sie eine unterhaltsame Wassersportart in Palm Jumeirah!<\/p>\n<p>Entdecken Sie Dubais symboltr\u00e4chtige k\u00fcnstliche Insel vom blendenden Wasser aus in einem 3-Sitzer-Kajak.<\/p>\n<p>Mieten Sie f\u00fcr sich und Ihre beiden Begleiter f\u00fcr eine Stunde ein Kajak und st\u00fcrzen Sie sich in Ihr eigenes Abenteuer, w\u00e4hrend Sie einen atemberaubenden Blick \u00fcber die D\u00e4cher von Dubai und Palm Jumeirah genie\u00dfen.<\/p>\n<p>Sind Sie bereit f\u00fcr diese einzigartige Erfahrung?<br \/>\nOb Sie Anf\u00e4nger oder erfahrener Kajakfahrer sind, diese Aktivit\u00e4t ist f\u00fcr jeden geeignet.<\/p>\n<p>Wir bieten sogar eine kostenlose 15-min\u00fctige Unterrichtsstunde f\u00fcr Anf\u00e4nger an!<\/p>\n","protected":false},"excerpt":{"rendered":"<p>Entdecken Sie die Sch\u00f6nheit von Palm Jumeirah bei einer Kajakfahrt. Eine sichere und unterhaltsame Aktivit\u00e4t f\u00fcr alle Altersgruppen. Genie\u00dfen Sie einen Moment der Entspannung mit der Familie oder mit Freunden auf den ruhigen Gew\u00e4ssern von Palm Jumeirah.  <\/p>\n","protected":false},"featured_media":4392,"comment_status":"open","ping_status":"closed","template":"","meta":{"_acf_changed":false},"product_brand":[],"product_cat":[143],"product_tag":[],"class_list":{"0":"post-7733","1":"product","2":"type-product","3":"status-publish","4":"has-post-thumbnail","6":"product_cat-wasseraktivitaeten","8":"first","9":"instock","10":"shipping-taxable","11":"purchasable","12":"product-type-simple"},"acf":[],"_links":{"self":[{"href":"https:\/\/bleudubai.com\/de\/wp-json\/wp\/v2\/product\/7733","targetHints":{"allow":["GET"]}}],"collection":[{"href":"https:\/\/bleudubai.com\/de\/wp-json\/wp\/v2\/product"}],"about":[{"href":"https:\/\/bleudubai.com\/de\/wp-json\/wp\/v2\/types\/product"}],"replies":[{"embeddable":true,"href":"https:\/\/bleudubai.com\/de\/wp-json\/wp\/v2\/comments?post=7733"}],"wp:featuredmedia":[{"embeddable":true,"href":"https:\/\/bleudubai.com\/de\/wp-json\/wp\/v2\/media\/4392"}],"wp:attachment":[{"href":"https:\/\/bleudubai.com\/de\/wp-json\/wp\/v2\/media?parent=7733"}],"wp:term":[{"taxonomy":"product_brand","embeddable":true,"href":"https:\/\/bleudubai.com\/de\/wp-json\/wp\/v2\/product_brand?post=7733"},{"taxonomy":"product_cat","embeddable":true,"href":"https:\/\/bleudubai.com\/de\/wp-json\/wp\/v2\/product_cat?post=7733"},{"taxonomy":"product_tag","embeddable":true,"href":"https:\/\/bleudubai.com\/de\/wp-json\/wp\/v2\/product_tag?post=7733"}],"curies":[{"name":"wp","href":"https:\/\/api.w.org\/{rel}","templated":true}]}}