{"id":7735,"date":"2024-09-01T19:37:52","date_gmt":"2024-09-01T19:37:52","guid":{"rendered":"https:\/\/bleudubai.com\/product\/15-minutiges-unvergessliches-spaziergang-erlebnis-im-spazierstock-oder-in-der-banane\/"},"modified":"2025-08-18T03:50:46","modified_gmt":"2025-08-17T23:50:46","slug":"15-minutiges-unvergessliches-spaziergang-erlebnis-im-spazierstock-oder-in-der-banane","status":"publish","type":"product","link":"https:\/\/bleudubai.com\/de\/produkt\/15-minutiges-unvergessliches-spaziergang-erlebnis-im-spazierstock-oder-in-der-banane\/","title":{"rendered":"15-min\u00fctige Fahrt mit einem Donut oder einer Banane im Schlepptau"},"content":{"rendered":"<p>Wenn Sie den Nervenkitzel lieben, dann ist unsere Donut- oder Bananenschlepptour genau das Richtige f\u00fcr Sie!<\/p>\n<p>Lassen Sie sich mit hoher Geschwindigkeit ziehen, h\u00fcpfen Sie \u00fcber die Wellen und genie\u00dfen Sie dabei den Panoramablick auf Palm Jumeirah.<\/p>\n<p>Genie\u00dfen Sie einen Strudel der Gef\u00fchle, Spr\u00fcnge und Rutschpartien auf dem blauen Wasser und schaffen Sie unvergessliche Erinnerungen mit Freunden und Familie.<\/p>\n","protected":false},"excerpt":{"rendered":"<p>Kommen Sie an Bord und erleben Sie ein adrenalinreiches Abenteuer mit unserer Fahrt in einem aufblasbaren Donut oder einer Banane mit Anh\u00e4nger. Genie\u00dfen Sie 15 Minuten Sonne, Lachen und Nervenkitzel in Palm Jumeirah. <\/p>\n","protected":false},"featured_media":4317,"comment_status":"open","ping_status":"closed","template":"","meta":{"_acf_changed":false},"product_brand":[],"product_cat":[163,203,143],"product_tag":[],"class_list":{"0":"post-7735","1":"product","2":"type-product","3":"status-publish","4":"has-post-thumbnail","6":"product_cat-familienaktivitaeten","7":"product_cat-sport-adrenalin","8":"product_cat-wasseraktivitaeten","10":"first","11":"instock","12":"shipping-taxable","13":"purchasable","14":"product-type-simple"},"acf":[],"_links":{"self":[{"href":"https:\/\/bleudubai.com\/de\/wp-json\/wp\/v2\/product\/7735","targetHints":{"allow":["GET"]}}],"collection":[{"href":"https:\/\/bleudubai.com\/de\/wp-json\/wp\/v2\/product"}],"about":[{"href":"https:\/\/bleudubai.com\/de\/wp-json\/wp\/v2\/types\/product"}],"replies":[{"embeddable":true,"href":"https:\/\/bleudubai.com\/de\/wp-json\/wp\/v2\/comments?post=7735"}],"wp:featuredmedia":[{"embeddable":true,"href":"https:\/\/bleudubai.com\/de\/wp-json\/wp\/v2\/media\/4317"}],"wp:attachment":[{"href":"https:\/\/bleudubai.com\/de\/wp-json\/wp\/v2\/media?parent=7735"}],"wp:term":[{"taxonomy":"product_brand","embeddable":true,"href":"https:\/\/bleudubai.com\/de\/wp-json\/wp\/v2\/product_brand?post=7735"},{"taxonomy":"product_cat","embeddable":true,"href":"https:\/\/bleudubai.com\/de\/wp-json\/wp\/v2\/product_cat?post=7735"},{"taxonomy":"product_tag","embeddable":true,"href":"https:\/\/bleudubai.com\/de\/wp-json\/wp\/v2\/product_tag?post=7735"}],"curies":[{"name":"wp","href":"https:\/\/api.w.org\/{rel}","templated":true}]}}