{"id":7744,"date":"2024-09-01T19:38:12","date_gmt":"2024-09-01T15:38:12","guid":{"rendered":"https:\/\/bleudubai.com\/product\/ski-jet-tour-mit-den-schonsten-aussichten-von-dubai\/"},"modified":"2025-11-30T14:01:25","modified_gmt":"2025-11-30T10:01:25","slug":"ski-jet-tour-mit-den-schonsten-aussichten-von-dubai","status":"publish","type":"product","link":"https:\/\/bleudubai.com\/de\/produkt\/ski-jet-tour-mit-den-schonsten-aussichten-von-dubai\/","title":{"rendered":"Jet-Ski-Ausflug mit den sch\u00f6nsten Aussichten auf Dubai"},"content":{"rendered":"<p>Entdecken Sie die beeindruckende K\u00fcste von Dubai und die imposanten Wolkenkratzer bei einer lustigen Bootsfahrt und einem aufregenden Jetski-Abenteuer.<\/p>\n<p>Sie haben die Wahl zwischen drei Routen und k\u00f6nnen sich einen Jetski mit zwei Personen teilen:<\/p>\n<p>20 min\u00fctiger Spaziergang Skyline Dubai :<br \/>\nMachen Sie einen Spaziergang am Strand mit dem ber\u00fchmten Burj Khalifa im Hintergrund.<\/p>\n<p>30 min\u00fctiger Spaziergang zum Burj Al Arab :<\/p>\n<p>Genie\u00dfen Sie einen 30 min\u00fctigen Ausflug mit dem Jetski und erleben Sie einen Adrenalinschub. Bestaunen Sie die Skyline der Stadt vom Meer aus und fahren Sie am ikonischen Burj Al Arab vorbei, um tolle Fotos und Videos zu machen. <\/p>\n<p>60 min\u00fctiger Ausflug zum Burj Al Arab und zum Royal Atlantis (Bestseller) :<\/p>\n<p>Machen Sie einen ersten Halt vor dem luxuri\u00f6sen neuen Hotel Royal Atlantis und einen zweiten vor dem ber\u00fchmten Burj Al Arab.<\/p>\n<p>90 min\u00fctige Tour durch Palm Jumeirah :<\/p>\n<p>Entdecken Sie die symboltr\u00e4chtigsten Punkte von Dubai, wie JBR, das Riesenrad Ain Dubai, Atlantis und das Burj Al Arab. Diese Tour ist perfekt f\u00fcr alle, die bereits Erfahrung mit Jetskis haben und auf der Suche nach neuen Eindr\u00fccken sind. <\/p>\n<p>Unsere Lehrer begleiten Sie w\u00e4hrend Ihrer Fahrt und passen die Geschwindigkeit Ihrem Niveau und Ihren W\u00fcnschen an. Alle unsere Maschinen sind von 2022 bis 2023. <\/p>\n","protected":false},"excerpt":{"rendered":"<p>Genie\u00dfen Sie eine Fahrt mit dem Jetski entlang der K\u00fcste von Dubai. Bestaunen Sie den Burj Khalifa, den Burj Al Arab und die anderen Wolkenkratzer von Dubai, w\u00e4hrend Sie den Persischen Golf \u00fcberqueren. <\/p>\n","protected":false},"featured_media":4377,"comment_status":"open","ping_status":"closed","template":"","meta":{"_acf_changed":false},"product_brand":[],"product_cat":[178,193,203,168,143],"product_tag":[],"class_list":{"0":"post-7744","1":"product","2":"type-product","3":"status-publish","4":"has-post-thumbnail","6":"product_cat-bootsfahrt","7":"product_cat-die-highlights","8":"product_cat-sport-adrenalin","9":"product_cat-unverzichtbare-aktivitaten","10":"product_cat-wasseraktivitaeten","12":"first","13":"instock","14":"featured","15":"shipping-taxable","16":"purchasable","17":"product-type-simple"},"acf":[],"_links":{"self":[{"href":"https:\/\/bleudubai.com\/de\/wp-json\/wp\/v2\/product\/7744","targetHints":{"allow":["GET"]}}],"collection":[{"href":"https:\/\/bleudubai.com\/de\/wp-json\/wp\/v2\/product"}],"about":[{"href":"https:\/\/bleudubai.com\/de\/wp-json\/wp\/v2\/types\/product"}],"replies":[{"embeddable":true,"href":"https:\/\/bleudubai.com\/de\/wp-json\/wp\/v2\/comments?post=7744"}],"wp:featuredmedia":[{"embeddable":true,"href":"https:\/\/bleudubai.com\/de\/wp-json\/wp\/v2\/media\/4377"}],"wp:attachment":[{"href":"https:\/\/bleudubai.com\/de\/wp-json\/wp\/v2\/media?parent=7744"}],"wp:term":[{"taxonomy":"product_brand","embeddable":true,"href":"https:\/\/bleudubai.com\/de\/wp-json\/wp\/v2\/product_brand?post=7744"},{"taxonomy":"product_cat","embeddable":true,"href":"https:\/\/bleudubai.com\/de\/wp-json\/wp\/v2\/product_cat?post=7744"},{"taxonomy":"product_tag","embeddable":true,"href":"https:\/\/bleudubai.com\/de\/wp-json\/wp\/v2\/product_tag?post=7744"}],"curies":[{"name":"wp","href":"https:\/\/api.w.org\/{rel}","templated":true}]}}