{"id":7753,"date":"2024-09-01T19:37:29","date_gmt":"2024-09-01T19:37:29","guid":{"rendered":"https:\/\/bleudubai.com\/product\/entdecken-sie-das-ski-dubai-snow-plus-paket\/"},"modified":"2024-11-11T21:20:32","modified_gmt":"2024-11-11T21:20:32","slug":"entdecken-sie-das-ski-dubai-snow-plus-paket","status":"publish","type":"product","link":"https:\/\/bleudubai.com\/de\/produkt\/entdecken-sie-das-ski-dubai-snow-plus-paket\/","title":{"rendered":"Entdecken Sie den Skipass Dubai Snow Plus"},"content":{"rendered":"<p>Entfliehen Sie der dr\u00fcckenden Hitze der Stadt und verbringen Sie einen unterhaltsamen Tag mit Ihren Lieben in Ski Dubai. Buchen Sie den Snow Plus Pass und genie\u00dfen Sie den gr\u00f6\u00dften Indoor-Schneepark mit einer Vielzahl von Fahrgesch\u00e4ften und Attraktionen, wie Bob Sleigh, Tubing Run, Snow Cavern, Tobogganing, Giant Zorb Ball und Bumper Cars. Mit dem Snow Plus Pass k\u00f6nnen Sie eine unbegrenzte Anzahl an Fahrten mit dem Mountain Thriller und Sesselliften genie\u00dfen. Sie haben auch die Wahl zwischen zwei Stunden auf der Piste (f\u00fcr Skifahrer\/Snowboarder der Mittelstufe 2) oder zwei Fahrten mit der Snow Bullet Zipline. Winterausr\u00fcstung inklusive: Jacke, Hose, Einweg-Socken, Fleecehandschuhe und Schneestiefel.<\/p>\n","protected":false},"excerpt":{"rendered":"<p>Erleben Sie den Nervenkitzel mit dem Skipass Dubai Snow Plus. Genie\u00dfen Sie einen Tag voller Abenteuer auf den Fahrgesch\u00e4ften und Attraktionen des Schneeparks sowie eine Begegnung mit den Pinguinen. Ein Spa\u00df f\u00fcr die ganze Familie!  <\/p>\n","protected":false},"featured_media":4227,"comment_status":"open","ping_status":"closed","template":"","meta":{"_acf_changed":false},"product_brand":[],"product_cat":[163,198,148],"product_tag":[],"class_list":{"0":"post-7753","1":"product","2":"type-product","3":"status-publish","4":"has-post-thumbnail","6":"product_cat-familienaktivitaeten","7":"product_cat-freizeitparks","8":"product_cat-kombinierte-aktivitaten","10":"first","11":"instock","12":"shipping-taxable","13":"purchasable","14":"product-type-simple"},"acf":[],"_links":{"self":[{"href":"https:\/\/bleudubai.com\/de\/wp-json\/wp\/v2\/product\/7753","targetHints":{"allow":["GET"]}}],"collection":[{"href":"https:\/\/bleudubai.com\/de\/wp-json\/wp\/v2\/product"}],"about":[{"href":"https:\/\/bleudubai.com\/de\/wp-json\/wp\/v2\/types\/product"}],"replies":[{"embeddable":true,"href":"https:\/\/bleudubai.com\/de\/wp-json\/wp\/v2\/comments?post=7753"}],"wp:featuredmedia":[{"embeddable":true,"href":"https:\/\/bleudubai.com\/de\/wp-json\/wp\/v2\/media\/4227"}],"wp:attachment":[{"href":"https:\/\/bleudubai.com\/de\/wp-json\/wp\/v2\/media?parent=7753"}],"wp:term":[{"taxonomy":"product_brand","embeddable":true,"href":"https:\/\/bleudubai.com\/de\/wp-json\/wp\/v2\/product_brand?post=7753"},{"taxonomy":"product_cat","embeddable":true,"href":"https:\/\/bleudubai.com\/de\/wp-json\/wp\/v2\/product_cat?post=7753"},{"taxonomy":"product_tag","embeddable":true,"href":"https:\/\/bleudubai.com\/de\/wp-json\/wp\/v2\/product_tag?post=7753"}],"curies":[{"name":"wp","href":"https:\/\/api.w.org\/{rel}","templated":true}]}}