{"id":7754,"date":"2024-09-01T19:37:29","date_gmt":"2024-09-01T19:37:29","guid":{"rendered":"https:\/\/bleudubai.com\/product\/2-stunden-oder-ganztagesskifahren-a-ski-dubai\/"},"modified":"2024-11-11T21:23:35","modified_gmt":"2024-11-11T21:23:35","slug":"2-stunden-oder-ganztagesskifahren-a-ski-dubai","status":"publish","type":"product","link":"https:\/\/bleudubai.com\/de\/produkt\/2-stunden-oder-ganztagesskifahren-a-ski-dubai\/","title":{"rendered":"2-st\u00fcndiger oder ganzt\u00e4giger Skikurs in Ski Dubai"},"content":{"rendered":"<p>Genie\u00dfen Sie Ihren Aufenthalt in Dubai noch mehr mit einem Tagespass oder einer zweist\u00fcndigen Session in Ski Dubai. Vergn\u00fcgen Sie sich auf unseren 5 Skipisten, die eine Vielzahl von Schwierigkeitsgraden, H\u00f6hen und Neigungen bieten. Fahren Sie unsere l\u00e4ngste Piste hinunter, die sich \u00fcber 400 Meter erstreckt und einen H\u00f6henunterschied von mehr als 60 Metern aufweist. Versuchen Sie sich auf der ersten \u00fcberdachten schwarzen Piste der Welt oder nutzen Sie die Anf\u00e4ngerpisten, um Ihre Schw\u00fcnge zu verbessern. Sie brauchen sich nicht um Skiausr\u00fcstung oder warme Kleidung zu k\u00fcmmern, denn wir stellen Ihnen Skibekleidung, Schuhe, Skier und St\u00f6cke zur Verf\u00fcgung. Nach einer Abfahrt k\u00f6nnen Sie den 4er-Sessellift oder den Schlepplift nutzen, um bequem wieder auf die Piste zu gelangen. Wenn Sie m\u00f6chten, k\u00f6nnen Sie Unterricht bei unserem professionellen Skilehrerteam nehmen. Nutzen Sie auch unsere exklusive Boutique und die Caf\u00e9s St Moritz und Avalanche.<\/p>\n","protected":false},"excerpt":{"rendered":"<p>Entdecken Sie das gr\u00f6\u00dfte \u00fcberdachte Skigebiet des Mittleren Ostens mit einem Tagespass oder einer zweist\u00fcndigen Session. Entfliehen Sie der Hitze Dubais und genie\u00dfen Sie die Freuden des Skifahrens und Snowboardens in diesem einzigartigen Park. Der Pass beinhaltet Skikleidung und -ausr\u00fcstung.  <\/p>\n","protected":false},"featured_media":4212,"comment_status":"open","ping_status":"closed","template":"","meta":{"_acf_changed":false},"product_brand":[],"product_cat":[163,198,148],"product_tag":[],"class_list":{"0":"post-7754","1":"product","2":"type-product","3":"status-publish","4":"has-post-thumbnail","6":"product_cat-familienaktivitaeten","7":"product_cat-freizeitparks","8":"product_cat-kombinierte-aktivitaten","10":"first","11":"instock","12":"shipping-taxable","13":"purchasable","14":"product-type-simple"},"acf":[],"_links":{"self":[{"href":"https:\/\/bleudubai.com\/de\/wp-json\/wp\/v2\/product\/7754","targetHints":{"allow":["GET"]}}],"collection":[{"href":"https:\/\/bleudubai.com\/de\/wp-json\/wp\/v2\/product"}],"about":[{"href":"https:\/\/bleudubai.com\/de\/wp-json\/wp\/v2\/types\/product"}],"replies":[{"embeddable":true,"href":"https:\/\/bleudubai.com\/de\/wp-json\/wp\/v2\/comments?post=7754"}],"wp:featuredmedia":[{"embeddable":true,"href":"https:\/\/bleudubai.com\/de\/wp-json\/wp\/v2\/media\/4212"}],"wp:attachment":[{"href":"https:\/\/bleudubai.com\/de\/wp-json\/wp\/v2\/media?parent=7754"}],"wp:term":[{"taxonomy":"product_brand","embeddable":true,"href":"https:\/\/bleudubai.com\/de\/wp-json\/wp\/v2\/product_brand?post=7754"},{"taxonomy":"product_cat","embeddable":true,"href":"https:\/\/bleudubai.com\/de\/wp-json\/wp\/v2\/product_cat?post=7754"},{"taxonomy":"product_tag","embeddable":true,"href":"https:\/\/bleudubai.com\/de\/wp-json\/wp\/v2\/product_tag?post=7754"}],"curies":[{"name":"wp","href":"https:\/\/api.w.org\/{rel}","templated":true}]}}