{"id":7763,"date":"2024-09-01T19:37:29","date_gmt":"2024-09-01T19:37:29","guid":{"rendered":"https:\/\/bleudubai.com\/product\/trampo-extreme-2-stunden-erfahrung\/"},"modified":"2024-09-01T19:37:29","modified_gmt":"2024-09-01T19:37:29","slug":"trampo-extreme-2-stunden-erfahrung","status":"publish","type":"product","link":"https:\/\/bleudubai.com\/de\/produkt\/trampo-extreme-2-stunden-erfahrung\/","title":{"rendered":"Trampo Extreme-Erlebnis &#8211; 2 Stunden"},"content":{"rendered":"<p>Genie\u00dfen Sie einen zweist\u00fcndigen Zugang zum Trampolin im Trampo Extreme Indoor Park. Trainieren Sie Ihre Sprung- und Kletterf\u00e4higkeiten in einer sicheren und unterhaltsamen Umgebung. Der Zugang umfasst den Dodgeball-Bereich, den Trapezsprung, das Wandklettern und die Schaumstoffgrube. Die Kinder k\u00f6nnen sich beim Flippen auf dem Trampolin austoben, die Herausforderung der 6 schwindelerregenden Kletterw\u00e4nde annehmen, mit Basketballk\u00f6rben tauchen, ein J\u00e4gerball-Spiel spielen und sich in der Schaumstoffgrube vergn\u00fcgen.<\/p>\n","protected":false},"excerpt":{"rendered":"<p>Genie\u00dfen Sie 2 Stunden lang h\u00fcpfenden Spa\u00df im Trampo Extreme. Die ideale Aktivit\u00e4t f\u00fcr Familien mit Kindern, die in der Dubai Mall oder der Nakheel Mall angeboten wird. <\/p>\n","protected":false},"featured_media":4197,"comment_status":"open","ping_status":"closed","template":"","meta":{"_acf_changed":false},"product_brand":[],"product_cat":[163,198],"product_tag":[],"class_list":{"0":"post-7763","1":"product","2":"type-product","3":"status-publish","4":"has-post-thumbnail","6":"product_cat-familienaktivitaeten","7":"product_cat-freizeitparks","9":"first","10":"instock","11":"shipping-taxable","12":"purchasable","13":"product-type-simple"},"acf":[],"_links":{"self":[{"href":"https:\/\/bleudubai.com\/de\/wp-json\/wp\/v2\/product\/7763","targetHints":{"allow":["GET"]}}],"collection":[{"href":"https:\/\/bleudubai.com\/de\/wp-json\/wp\/v2\/product"}],"about":[{"href":"https:\/\/bleudubai.com\/de\/wp-json\/wp\/v2\/types\/product"}],"replies":[{"embeddable":true,"href":"https:\/\/bleudubai.com\/de\/wp-json\/wp\/v2\/comments?post=7763"}],"wp:featuredmedia":[{"embeddable":true,"href":"https:\/\/bleudubai.com\/de\/wp-json\/wp\/v2\/media\/4197"}],"wp:attachment":[{"href":"https:\/\/bleudubai.com\/de\/wp-json\/wp\/v2\/media?parent=7763"}],"wp:term":[{"taxonomy":"product_brand","embeddable":true,"href":"https:\/\/bleudubai.com\/de\/wp-json\/wp\/v2\/product_brand?post=7763"},{"taxonomy":"product_cat","embeddable":true,"href":"https:\/\/bleudubai.com\/de\/wp-json\/wp\/v2\/product_cat?post=7763"},{"taxonomy":"product_tag","embeddable":true,"href":"https:\/\/bleudubai.com\/de\/wp-json\/wp\/v2\/product_tag?post=7763"}],"curies":[{"name":"wp","href":"https:\/\/api.w.org\/{rel}","templated":true}]}}