{"id":7764,"date":"2024-09-01T19:37:29","date_gmt":"2024-09-01T19:37:29","guid":{"rendered":"https:\/\/bleudubai.com\/product\/entdecken-sie-die-patinoire-de-dubai\/"},"modified":"2025-10-18T07:19:03","modified_gmt":"2025-10-18T03:19:03","slug":"entdecken-sie-die-patinoire-de-dubai","status":"publish","type":"product","link":"https:\/\/bleudubai.com\/de\/produkt\/entdecken-sie-die-patinoire-de-dubai\/","title":{"rendered":"Entdecken Sie die Eislaufbahn in Dubai"},"content":{"rendered":"<p>Tauchen Sie ein in die Welt des Eislaufens auf der olympischen Eisbahn in Dubai, wo Eislaufbegeisterte ein grenzenloses Erlebnis genie\u00dfen k\u00f6nnen. Die Eisbahn befindet sich in der Dubai Mall, dem zweitgr\u00f6\u00dften Einkaufszentrum der Welt, und bietet hervorragende Einrichtungen f\u00fcr Jugendliche mit Trainingsprogrammen f\u00fcr alle Niveaus. Ob Sie Anf\u00e4nger oder Fortgeschrittener sind, hier finden Sie die perfekte Gelegenheit, sich auf dem Eis zu entfalten. Neben Schlittschuhlaufen und Trainingsprogrammen bietet die Dubai Eisbahn auch Disco- und Schaumpartys, um Ihrem Eislauferlebnis einen Hauch von Magie zu verleihen.<\/p>\n","protected":false},"excerpt":{"rendered":"<p>Entdecken Sie das Vergn\u00fcgen des Eislaufens in der W\u00fcste von Dubai. Ob Sie Anf\u00e4nger oder Experte sind, diese Aktivit\u00e4t verspricht Nervenkitzel und garantierte Unterhaltung. <\/p>\n","protected":false},"featured_media":4182,"comment_status":"open","ping_status":"closed","template":"","meta":{"_acf_changed":false},"product_brand":[],"product_cat":[183,163,198],"product_tag":[],"class_list":{"0":"post-7764","1":"product","2":"type-product","3":"status-publish","4":"has-post-thumbnail","6":"product_cat-eintrittskarten","7":"product_cat-familienaktivitaeten","8":"product_cat-freizeitparks","10":"first","11":"instock","12":"shipping-taxable","13":"purchasable","14":"product-type-simple"},"acf":[],"_links":{"self":[{"href":"https:\/\/bleudubai.com\/de\/wp-json\/wp\/v2\/product\/7764","targetHints":{"allow":["GET"]}}],"collection":[{"href":"https:\/\/bleudubai.com\/de\/wp-json\/wp\/v2\/product"}],"about":[{"href":"https:\/\/bleudubai.com\/de\/wp-json\/wp\/v2\/types\/product"}],"replies":[{"embeddable":true,"href":"https:\/\/bleudubai.com\/de\/wp-json\/wp\/v2\/comments?post=7764"}],"wp:featuredmedia":[{"embeddable":true,"href":"https:\/\/bleudubai.com\/de\/wp-json\/wp\/v2\/media\/4182"}],"wp:attachment":[{"href":"https:\/\/bleudubai.com\/de\/wp-json\/wp\/v2\/media?parent=7764"}],"wp:term":[{"taxonomy":"product_brand","embeddable":true,"href":"https:\/\/bleudubai.com\/de\/wp-json\/wp\/v2\/product_brand?post=7764"},{"taxonomy":"product_cat","embeddable":true,"href":"https:\/\/bleudubai.com\/de\/wp-json\/wp\/v2\/product_cat?post=7764"},{"taxonomy":"product_tag","embeddable":true,"href":"https:\/\/bleudubai.com\/de\/wp-json\/wp\/v2\/product_tag?post=7764"}],"curies":[{"name":"wp","href":"https:\/\/api.w.org\/{rel}","templated":true}]}}