{"id":7773,"date":"2024-09-01T19:37:29","date_gmt":"2024-09-01T15:37:29","guid":{"rendered":"https:\/\/bleudubai.com\/product\/eintrittskarten-fur-1-park-in-dubai-mit-transfers-inbegriffen\/"},"modified":"2024-11-11T21:31:08","modified_gmt":"2024-11-11T21:31:08","slug":"eintrittskarten-fur-1-park-in-dubai-mit-transfers-inbegriffen","status":"publish","type":"product","link":"https:\/\/bleudubai.com\/de\/produkt\/eintrittskarten-fur-1-park-in-dubai-mit-transfers-inbegriffen\/","title":{"rendered":"Eintrittskarte f\u00fcr 1 Park in Dubai nach Wahl mit Transfers inklusive"},"content":{"rendered":"<p>Genie\u00dfen Sie die besten Vergn\u00fcgungsparks mit Dubai Parks. Genie\u00dfen Sie einen Tag in einem der beliebtesten Parks in Dubai: Motiongate, Bollywood, Legoland oder Legoland Waterpark. Ihre Eintrittskarte beinhaltet den Transport, was Ihr Erlebnis noch einfacher macht. Dies ist eine gro\u00dfartige Gelegenheit, Qualit\u00e4tszeit mit Ihren Kindern zu verbringen und an lustigen Aktivit\u00e4ten teilzunehmen.<\/p>\n","protected":false},"excerpt":{"rendered":"<p>Transport in Ihrem Ticket enthalten! Besuchen Sie einen der beliebtesten Parks in Dubai: 1 Motiongate, 2 Bollywood, 3 Legoland, 4 Legoland Waterpark. <\/p>\n","protected":false},"featured_media":4167,"comment_status":"open","ping_status":"closed","template":"","meta":{"_acf_changed":false},"product_brand":[],"product_cat":[163,198,148],"product_tag":[],"class_list":{"0":"post-7773","1":"product","2":"type-product","3":"status-publish","4":"has-post-thumbnail","6":"product_cat-familienaktivitaeten","7":"product_cat-freizeitparks","8":"product_cat-kombinierte-aktivitaten","10":"first","11":"instock","12":"shipping-taxable","13":"purchasable","14":"product-type-simple"},"acf":[],"_links":{"self":[{"href":"https:\/\/bleudubai.com\/de\/wp-json\/wp\/v2\/product\/7773","targetHints":{"allow":["GET"]}}],"collection":[{"href":"https:\/\/bleudubai.com\/de\/wp-json\/wp\/v2\/product"}],"about":[{"href":"https:\/\/bleudubai.com\/de\/wp-json\/wp\/v2\/types\/product"}],"replies":[{"embeddable":true,"href":"https:\/\/bleudubai.com\/de\/wp-json\/wp\/v2\/comments?post=7773"}],"wp:featuredmedia":[{"embeddable":true,"href":"https:\/\/bleudubai.com\/de\/wp-json\/wp\/v2\/media\/4167"}],"wp:attachment":[{"href":"https:\/\/bleudubai.com\/de\/wp-json\/wp\/v2\/media?parent=7773"}],"wp:term":[{"taxonomy":"product_brand","embeddable":true,"href":"https:\/\/bleudubai.com\/de\/wp-json\/wp\/v2\/product_brand?post=7773"},{"taxonomy":"product_cat","embeddable":true,"href":"https:\/\/bleudubai.com\/de\/wp-json\/wp\/v2\/product_cat?post=7773"},{"taxonomy":"product_tag","embeddable":true,"href":"https:\/\/bleudubai.com\/de\/wp-json\/wp\/v2\/product_tag?post=7773"}],"curies":[{"name":"wp","href":"https:\/\/api.w.org\/{rel}","templated":true}]}}