{"id":7774,"date":"2024-09-01T19:37:29","date_gmt":"2024-09-01T19:37:29","guid":{"rendered":"https:\/\/bleudubai.com\/product\/eintrittskarte-fur-motiongate-dubai\/"},"modified":"2024-11-11T21:34:38","modified_gmt":"2024-11-11T21:34:38","slug":"eintrittskarte-fur-motiongate-dubai","status":"publish","type":"product","link":"https:\/\/bleudubai.com\/de\/produkt\/eintrittskarte-fur-motiongate-dubai\/","title":{"rendered":"Eintrittskarte f\u00fcr Motiongate Dubai"},"content":{"rendered":"<p>Motiongate\u2122 Dubai vereint 3 legend\u00e4re Filmstudios aus Hollywood: Columbia Pictures, DreamWorks Animation und Lionsgate. Mit Ihrer Tageskarte k\u00f6nnen Sie in eine Welt voller Filmabenteuer eintauchen. Genie\u00dfen Sie 27 Fahrgesch\u00e4fte und Attraktionen in diesem Themenpark, sowie ein volles Programm mit 15 Unterhaltungs- und Tanzshows. Genie\u00dfen Sie Ihre Mahlzeiten in den Restaurants und Fast-Food-Restaurants, die \u00fcber den gesamten Park verteilt sind. W\u00e4hlen Sie aus den f\u00fcnf Achterbahnen, den Multimedia-Szenenfahrten im Dunkeln, dem Fallturm, dem interaktiven Spiellabor, der Wasserattraktion in einer Boje und den Multimedia-Shows. Das Dubai Parks and Resort liegt an der Sheikh Zayed Road, etwa 25 Minuten von der Dubai Marina entfernt.<\/p>\n","protected":false},"excerpt":{"rendered":"<p>Entdecken Sie Motiongate Dubai, den gr\u00f6\u00dften Hollywood-inspirierten Themenpark im Nahen Osten. Genie\u00dfen Sie einen ganzen Tag voller Filmabenteuer und abwechslungsreicher Fahrgesch\u00e4fte. <\/p>\n","protected":false},"featured_media":4152,"comment_status":"open","ping_status":"closed","template":"","meta":{"_acf_changed":false},"product_brand":[],"product_cat":[183,163,198],"product_tag":[],"class_list":{"0":"post-7774","1":"product","2":"type-product","3":"status-publish","4":"has-post-thumbnail","6":"product_cat-eintrittskarten","7":"product_cat-familienaktivitaeten","8":"product_cat-freizeitparks","10":"first","11":"instock","12":"shipping-taxable","13":"purchasable","14":"product-type-simple"},"acf":[],"_links":{"self":[{"href":"https:\/\/bleudubai.com\/de\/wp-json\/wp\/v2\/product\/7774","targetHints":{"allow":["GET"]}}],"collection":[{"href":"https:\/\/bleudubai.com\/de\/wp-json\/wp\/v2\/product"}],"about":[{"href":"https:\/\/bleudubai.com\/de\/wp-json\/wp\/v2\/types\/product"}],"replies":[{"embeddable":true,"href":"https:\/\/bleudubai.com\/de\/wp-json\/wp\/v2\/comments?post=7774"}],"wp:featuredmedia":[{"embeddable":true,"href":"https:\/\/bleudubai.com\/de\/wp-json\/wp\/v2\/media\/4152"}],"wp:attachment":[{"href":"https:\/\/bleudubai.com\/de\/wp-json\/wp\/v2\/media?parent=7774"}],"wp:term":[{"taxonomy":"product_brand","embeddable":true,"href":"https:\/\/bleudubai.com\/de\/wp-json\/wp\/v2\/product_brand?post=7774"},{"taxonomy":"product_cat","embeddable":true,"href":"https:\/\/bleudubai.com\/de\/wp-json\/wp\/v2\/product_cat?post=7774"},{"taxonomy":"product_tag","embeddable":true,"href":"https:\/\/bleudubai.com\/de\/wp-json\/wp\/v2\/product_tag?post=7774"}],"curies":[{"name":"wp","href":"https:\/\/api.w.org\/{rel}","templated":true}]}}