{"id":7783,"date":"2024-09-01T19:37:29","date_gmt":"2024-09-01T19:37:29","guid":{"rendered":"https:\/\/bleudubai.com\/product\/ferrari-world-abu-dhabi-karten\/"},"modified":"2025-10-01T18:29:17","modified_gmt":"2025-10-01T14:29:17","slug":"ferrari-world-abu-dhabi-karten","status":"publish","type":"product","link":"https:\/\/bleudubai.com\/de\/produkt\/ferrari-world-abu-dhabi-karten\/","title":{"rendered":"Eintrittskarte f\u00fcr die Ferrari World Abu Dhabi"},"content":{"rendered":"<p>Erleben Sie einzigartige Eindr\u00fccke im ersten Ferrari-Themenpark der Welt. Entdecken Sie eine Vielzahl von Aktivit\u00e4ten unter dem ikonischen roten Dach, die Jung und Alt begeistern werden.<br \/>\nGenie\u00dfen Sie 37 aufregende Attraktionen, darunter die schnellste Achterbahn und den h\u00f6chsten Looping der Welt. Von hochmodernen Simulatoren \u00fcber atemberaubende Achterbahnen bis hin zum Fahren von Rennwagen bietet die Ferrari World Abu Dhabi einen Traumtag f\u00fcr die ganze Familie. Tauchen Sie ein in die Welt der Ferrari-Fahrer und erkunden Sie die interaktiven Attraktionen des Parks, die auch die j\u00fcngsten Besucher begeistern werden. Werfen Sie einen Blick hinter die Kulissen des Ferrari-Imperiums und sp\u00fcren Sie die Leidenschaft, die zur Schaffung zeitgen\u00f6ssischer Meisterwerke gef\u00fchrt hat. Ferrari World Abu Dhabi wurde 2017 und 2018 von den World Travel Awards zum besten Themenpark des Mittleren Ostens gew\u00e4hlt.<\/p>\n","protected":false},"excerpt":{"rendered":"<p>Genie\u00dfen Sie einen unbegrenzten Tageszugang zur Ferrari World Abu Dhabi, dem ersten \u00fcberdachten Ferrari-Themenpark der Welt. Erleben Sie einen Nervenkitzel mit zahlreichen Ferrari-Simulationen und -Attraktionen, die Besucher aller Altersgruppen begeistern werden. <\/p>\n","protected":false},"featured_media":4122,"comment_status":"open","ping_status":"closed","template":"","meta":{"_acf_changed":false},"product_brand":[],"product_cat":[173,163,198],"product_tag":[],"class_list":{"0":"post-7783","1":"product","2":"type-product","3":"status-publish","4":"has-post-thumbnail","6":"product_cat-aktivitaten-in-abu-dhabi","7":"product_cat-familienaktivitaeten","8":"product_cat-freizeitparks","10":"first","11":"instock","12":"shipping-taxable","13":"purchasable","14":"product-type-simple"},"acf":[],"_links":{"self":[{"href":"https:\/\/bleudubai.com\/de\/wp-json\/wp\/v2\/product\/7783","targetHints":{"allow":["GET"]}}],"collection":[{"href":"https:\/\/bleudubai.com\/de\/wp-json\/wp\/v2\/product"}],"about":[{"href":"https:\/\/bleudubai.com\/de\/wp-json\/wp\/v2\/types\/product"}],"replies":[{"embeddable":true,"href":"https:\/\/bleudubai.com\/de\/wp-json\/wp\/v2\/comments?post=7783"}],"wp:featuredmedia":[{"embeddable":true,"href":"https:\/\/bleudubai.com\/de\/wp-json\/wp\/v2\/media\/4122"}],"wp:attachment":[{"href":"https:\/\/bleudubai.com\/de\/wp-json\/wp\/v2\/media?parent=7783"}],"wp:term":[{"taxonomy":"product_brand","embeddable":true,"href":"https:\/\/bleudubai.com\/de\/wp-json\/wp\/v2\/product_brand?post=7783"},{"taxonomy":"product_cat","embeddable":true,"href":"https:\/\/bleudubai.com\/de\/wp-json\/wp\/v2\/product_cat?post=7783"},{"taxonomy":"product_tag","embeddable":true,"href":"https:\/\/bleudubai.com\/de\/wp-json\/wp\/v2\/product_tag?post=7783"}],"curies":[{"name":"wp","href":"https:\/\/api.w.org\/{rel}","templated":true}]}}