{"id":7784,"date":"2024-09-01T19:37:29","date_gmt":"2024-09-01T19:37:29","guid":{"rendered":"https:\/\/bleudubai.com\/product\/1-ticket-fur-2-dubai-parks-and-resorts\/"},"modified":"2024-11-11T21:37:34","modified_gmt":"2024-11-11T21:37:34","slug":"1-ticket-fur-2-dubai-parks-and-resorts","status":"publish","type":"product","link":"https:\/\/bleudubai.com\/de\/produkt\/1-ticket-fur-2-dubai-parks-and-resorts\/","title":{"rendered":"1 Eintrittskarte f\u00fcr 2 Parks in Dubai Parks and Resorts"},"content":{"rendered":"<p>Dubai Parks and Resorts ist der gr\u00f6\u00dfte Themen-Freizeitkomplex im Nahen Osten.<\/p>\n<p>Erkunden Sie MOTIONGATE\u2122 Dubai, inspiriert von Hollywood.<br \/>\nLEGOLAND\u00a9 Dubai, der erste LEGOLAND\u00a9-Park in der Region.<br \/>\nLEGOLAND\u00a9 Water Park, ideal f\u00fcr Familien mit Kindern von 2 bis 12 Jahren.<br \/>\nBOLLYWOOD PARKS\u2122 Dubai.<\/p>\n<p>Der Komplex ist durch Riverland\u2122 Dubai verbunden, einem Einkaufs- und Restaurantbereich im Herzen von Dubai Parks and Resorts.<\/p>\n<p>Etwa 25 Minuten von der Dubai Marina entfernt gelegen, k\u00f6nnen Sie mit diesem Pass 2 der 4 angebotenen Parks an einem Tag nutzen.<\/p>\n","protected":false},"excerpt":{"rendered":"<p>Genie\u00dfen Sie einen Tag in zwei der beliebtesten Themenparks von Dubai Parks and Resorts: Motiongate Dubai, Bollywood Parks Dubai, Legoland Dubai und Legoland Water Park. Hier ist Spa\u00df f\u00fcr alle garantiert! <\/p>\n","protected":false},"featured_media":4137,"comment_status":"open","ping_status":"closed","template":"","meta":{"_acf_changed":false},"product_brand":[],"product_cat":[193,183,163,198,148,168],"product_tag":[],"class_list":{"0":"post-7784","1":"product","2":"type-product","3":"status-publish","4":"has-post-thumbnail","6":"product_cat-die-highlights","7":"product_cat-eintrittskarten","8":"product_cat-familienaktivitaeten","9":"product_cat-freizeitparks","10":"product_cat-kombinierte-aktivitaten","11":"product_cat-unverzichtbare-aktivitaten","13":"first","14":"instock","15":"shipping-taxable","16":"purchasable","17":"product-type-simple"},"acf":[],"_links":{"self":[{"href":"https:\/\/bleudubai.com\/de\/wp-json\/wp\/v2\/product\/7784","targetHints":{"allow":["GET"]}}],"collection":[{"href":"https:\/\/bleudubai.com\/de\/wp-json\/wp\/v2\/product"}],"about":[{"href":"https:\/\/bleudubai.com\/de\/wp-json\/wp\/v2\/types\/product"}],"replies":[{"embeddable":true,"href":"https:\/\/bleudubai.com\/de\/wp-json\/wp\/v2\/comments?post=7784"}],"wp:featuredmedia":[{"embeddable":true,"href":"https:\/\/bleudubai.com\/de\/wp-json\/wp\/v2\/media\/4137"}],"wp:attachment":[{"href":"https:\/\/bleudubai.com\/de\/wp-json\/wp\/v2\/media?parent=7784"}],"wp:term":[{"taxonomy":"product_brand","embeddable":true,"href":"https:\/\/bleudubai.com\/de\/wp-json\/wp\/v2\/product_brand?post=7784"},{"taxonomy":"product_cat","embeddable":true,"href":"https:\/\/bleudubai.com\/de\/wp-json\/wp\/v2\/product_cat?post=7784"},{"taxonomy":"product_tag","embeddable":true,"href":"https:\/\/bleudubai.com\/de\/wp-json\/wp\/v2\/product_tag?post=7784"}],"curies":[{"name":"wp","href":"https:\/\/api.w.org\/{rel}","templated":true}]}}