{"id":7793,"date":"2024-09-01T19:37:51","date_gmt":"2024-09-01T19:37:51","guid":{"rendered":"https:\/\/bleudubai.com\/product\/flying-cup-dubai-trinkt-ein-getrank-und-schmeckt-ein-fall-an-der-marina\/"},"modified":"2024-11-11T21:04:23","modified_gmt":"2024-11-11T21:04:23","slug":"flying-cup-dubai-trinkt-ein-getrank-und-schmeckt-ein-fall-an-der-marina","status":"publish","type":"product","link":"https:\/\/bleudubai.com\/de\/produkt\/flying-cup-dubai-trinkt-ein-getrank-und-schmeckt-ein-fall-an-der-marina\/","title":{"rendered":"Flying Cup Dubai: Trinken Sie ein Getr\u00e4nk und genie\u00dfen Sie einen Snack in der Marina"},"content":{"rendered":"<p>Erleben Sie eine au\u00dfergew\u00f6hnliche Erfahrung bei einer Vielzahl von Getr\u00e4nken und Snacks in einer H\u00f6he, die einem 12-st\u00f6ckigen Geb\u00e4ude entspricht.<\/p>\n<p>Genie\u00dfen Sie die atemberaubende Aussicht und machen Sie Fotos von Dubais ber\u00fchmtesten Sehensw\u00fcrdigkeiten wie dem Burj Al Arab, The Palm, Atlantis und Skydive Dubai.<\/p>\n","protected":false},"excerpt":{"rendered":"<p>Erleben Sie eine au\u00dfergew\u00f6hnliche Erfahrung in Dubai und genie\u00dfen Sie Getr\u00e4nke und Snacks in 40 Metern H\u00f6he, w\u00e4hrend Sie den Panoramablick genie\u00dfen und Fotos von den ikonischen Sehensw\u00fcrdigkeiten machen.<\/p>\n","protected":false},"featured_media":4302,"comment_status":"open","ping_status":"closed","template":"","meta":{"_acf_changed":false},"product_brand":[],"product_cat":[153,183,163],"product_tag":[],"class_list":{"0":"post-7793","1":"product","2":"type-product","3":"status-publish","4":"has-post-thumbnail","6":"product_cat-aktivitaten-in-der-luft","7":"product_cat-eintrittskarten","8":"product_cat-familienaktivitaeten","10":"first","11":"instock","12":"shipping-taxable","13":"purchasable","14":"product-type-simple"},"acf":[],"_links":{"self":[{"href":"https:\/\/bleudubai.com\/de\/wp-json\/wp\/v2\/product\/7793","targetHints":{"allow":["GET"]}}],"collection":[{"href":"https:\/\/bleudubai.com\/de\/wp-json\/wp\/v2\/product"}],"about":[{"href":"https:\/\/bleudubai.com\/de\/wp-json\/wp\/v2\/types\/product"}],"replies":[{"embeddable":true,"href":"https:\/\/bleudubai.com\/de\/wp-json\/wp\/v2\/comments?post=7793"}],"wp:featuredmedia":[{"embeddable":true,"href":"https:\/\/bleudubai.com\/de\/wp-json\/wp\/v2\/media\/4302"}],"wp:attachment":[{"href":"https:\/\/bleudubai.com\/de\/wp-json\/wp\/v2\/media?parent=7793"}],"wp:term":[{"taxonomy":"product_brand","embeddable":true,"href":"https:\/\/bleudubai.com\/de\/wp-json\/wp\/v2\/product_brand?post=7793"},{"taxonomy":"product_cat","embeddable":true,"href":"https:\/\/bleudubai.com\/de\/wp-json\/wp\/v2\/product_cat?post=7793"},{"taxonomy":"product_tag","embeddable":true,"href":"https:\/\/bleudubai.com\/de\/wp-json\/wp\/v2\/product_tag?post=7793"}],"curies":[{"name":"wp","href":"https:\/\/api.w.org\/{rel}","templated":true}]}}