{"id":7794,"date":"2024-09-01T19:37:29","date_gmt":"2024-09-01T19:37:29","guid":{"rendered":"https:\/\/bleudubai.com\/product\/laventure-ultime-a-img-worlds-of-adventure\/"},"modified":"2025-10-01T18:30:07","modified_gmt":"2025-10-01T14:30:07","slug":"laventure-ultime-a-img-worlds-of-adventure","status":"publish","type":"product","link":"https:\/\/bleudubai.com\/de\/produkt\/laventure-ultime-a-img-worlds-of-adventure\/","title":{"rendered":"Das ultimative Abenteuer bei IMG Worlds of Adventure"},"content":{"rendered":"<p>Willkommen bei IMG Worlds of Adventure, Dubais ultimativem Ziel f\u00fcr Mega-Themenunterhaltung. Dieser au\u00dfergew\u00f6hnliche Park vereint f\u00fcnf aufregende Abenteuerbereiche, die Besuchern aus aller Welt ein unvergessliches Erlebnis bieten. Sie haben die M\u00f6glichkeit, in die Welten von Cartoon Network und Marvel einzutauchen, den Nervenkitzel des Spukhotels zu erleben, sich in Lost Valley &#8211; Dinosaur Adventure zu wagen und \u00fcber den IMG Boulevard zu schlendern. Mit einer Fl\u00e4che von \u00fcber 1,5 Millionen Quadratfu\u00df ist IMG Worlds of Adventure der gr\u00f6\u00dfte temperaturkontrollierte Indoor-Themenpark der Welt, der Ihnen das ganze Jahr \u00fcber Spa\u00df und Spannung bietet.<\/p>\n","protected":false},"excerpt":{"rendered":"<p>Tauchen Sie ein in die Aufregung der aufregenden Fahrgesch\u00e4fte, Live-Shows und unglaublichen Attraktionen von IMG Worlds of Adventure. Erkunden Sie f\u00fcnf Aktionszonen, darunter Marvel, Lost Valley, Cartoon Network, IMG Boulevard und The Haunted Hotel. Der Park bietet auch eine Kids Zone, die speziell auf die j\u00fcngsten Besucher zugeschnitten ist.  <\/p>\n","protected":false},"featured_media":4107,"comment_status":"open","ping_status":"closed","template":"","meta":{"_acf_changed":false},"product_brand":[],"product_cat":[193,163,198,168],"product_tag":[],"class_list":{"0":"post-7794","1":"product","2":"type-product","3":"status-publish","4":"has-post-thumbnail","6":"product_cat-die-highlights","7":"product_cat-familienaktivitaeten","8":"product_cat-freizeitparks","9":"product_cat-unverzichtbare-aktivitaten","11":"first","12":"instock","13":"shipping-taxable","14":"purchasable","15":"product-type-simple"},"acf":[],"_links":{"self":[{"href":"https:\/\/bleudubai.com\/de\/wp-json\/wp\/v2\/product\/7794","targetHints":{"allow":["GET"]}}],"collection":[{"href":"https:\/\/bleudubai.com\/de\/wp-json\/wp\/v2\/product"}],"about":[{"href":"https:\/\/bleudubai.com\/de\/wp-json\/wp\/v2\/types\/product"}],"replies":[{"embeddable":true,"href":"https:\/\/bleudubai.com\/de\/wp-json\/wp\/v2\/comments?post=7794"}],"wp:featuredmedia":[{"embeddable":true,"href":"https:\/\/bleudubai.com\/de\/wp-json\/wp\/v2\/media\/4107"}],"wp:attachment":[{"href":"https:\/\/bleudubai.com\/de\/wp-json\/wp\/v2\/media?parent=7794"}],"wp:term":[{"taxonomy":"product_brand","embeddable":true,"href":"https:\/\/bleudubai.com\/de\/wp-json\/wp\/v2\/product_brand?post=7794"},{"taxonomy":"product_cat","embeddable":true,"href":"https:\/\/bleudubai.com\/de\/wp-json\/wp\/v2\/product_cat?post=7794"},{"taxonomy":"product_tag","embeddable":true,"href":"https:\/\/bleudubai.com\/de\/wp-json\/wp\/v2\/product_tag?post=7794"}],"curies":[{"name":"wp","href":"https:\/\/api.w.org\/{rel}","templated":true}]}}