{"id":7803,"date":"2024-09-01T19:37:51","date_gmt":"2024-09-01T19:37:51","guid":{"rendered":"https:\/\/bleudubai.com\/product\/fallschirmspringer-erfahrung-im-raum-a-ifly-dubai\/"},"modified":"2024-11-11T21:10:07","modified_gmt":"2024-11-11T21:10:07","slug":"fallschirmspringer-erfahrung-im-raum-a-ifly-dubai","status":"publish","type":"product","link":"https:\/\/bleudubai.com\/de\/produkt\/fallschirmspringer-erfahrung-im-raum-a-ifly-dubai\/","title":{"rendered":"Fallschirmspringen in der Halle bei iFly Dubai"},"content":{"rendered":"<p>Wenn Sie schon immer wissen wollten, wie es ist, aus einem Flugzeug zu springen, sich aber nicht bereit f\u00fcr dieses extreme Abenteuer f\u00fchlen, dann ist das Indoor-Fallschirmspringerlebnis im iFly Dubai genau das Richtige f\u00fcr Sie. Lassen Sie den Wind durch Ihr Haar streichen und sp\u00fcren Sie die Aufregung, w\u00e4hrend Ihr Anzug anmutig durch den Windkanal fliegt, der von 800 PS starken D\u00fcsen angetrieben wird. Sie schweben in einer H\u00f6he von 10 Metern und haben einen atemberaubenden Blick auf die belebten Menschenmengen des City Center Mirdifs Magic Planet. Bevor Sie abheben, werden Sie von unseren Experten von iFly Dubai mit einem speziellen Anzug ausgestattet und in die Flugtechniken eingewiesen, die Sie f\u00fcr einen guten Start ben\u00f6tigen. Sie werden zwei aufregende Fl\u00fcge mit pers\u00f6nlicher Betreuung durch Ihren Fluglehrer genie\u00dfen und mit einer neuen Leidenschaft und einem tiefen Respekt vor der Kraft des Windes nach Hause gehen.<\/p>\n","protected":false},"excerpt":{"rendered":"<p>Erleben Sie einen Indoor-Fallschirmsprung im iFly Dubai und sp\u00fcren Sie das Adrenalin ohne die schwindelerregenden H\u00f6hen. Genie\u00dfen Sie dieses unglaubliche Luftabenteuer in einem 10 Meter hohen Windkanal. <\/p>\n","protected":false},"featured_media":4272,"comment_status":"open","ping_status":"closed","template":"","meta":{"_acf_changed":false},"product_brand":[],"product_cat":[153,203],"product_tag":[],"class_list":{"0":"post-7803","1":"product","2":"type-product","3":"status-publish","4":"has-post-thumbnail","6":"product_cat-aktivitaten-in-der-luft","7":"product_cat-sport-adrenalin","9":"first","10":"instock","11":"shipping-taxable","12":"purchasable","13":"product-type-simple"},"acf":[],"_links":{"self":[{"href":"https:\/\/bleudubai.com\/de\/wp-json\/wp\/v2\/product\/7803","targetHints":{"allow":["GET"]}}],"collection":[{"href":"https:\/\/bleudubai.com\/de\/wp-json\/wp\/v2\/product"}],"about":[{"href":"https:\/\/bleudubai.com\/de\/wp-json\/wp\/v2\/types\/product"}],"replies":[{"embeddable":true,"href":"https:\/\/bleudubai.com\/de\/wp-json\/wp\/v2\/comments?post=7803"}],"wp:featuredmedia":[{"embeddable":true,"href":"https:\/\/bleudubai.com\/de\/wp-json\/wp\/v2\/media\/4272"}],"wp:attachment":[{"href":"https:\/\/bleudubai.com\/de\/wp-json\/wp\/v2\/media?parent=7803"}],"wp:term":[{"taxonomy":"product_brand","embeddable":true,"href":"https:\/\/bleudubai.com\/de\/wp-json\/wp\/v2\/product_brand?post=7803"},{"taxonomy":"product_cat","embeddable":true,"href":"https:\/\/bleudubai.com\/de\/wp-json\/wp\/v2\/product_cat?post=7803"},{"taxonomy":"product_tag","embeddable":true,"href":"https:\/\/bleudubai.com\/de\/wp-json\/wp\/v2\/product_tag?post=7803"}],"curies":[{"name":"wp","href":"https:\/\/api.w.org\/{rel}","templated":true}]}}