{"id":7804,"date":"2024-09-01T19:37:51","date_gmt":"2024-09-01T19:37:51","guid":{"rendered":"https:\/\/bleudubai.com\/product\/diebstahl-von-helikoptern-aus-den-festungen-der-stadt-dubai\/"},"modified":"2024-11-12T17:51:10","modified_gmt":"2024-11-12T17:51:10","slug":"diebstahl-von-helikoptern-aus-den-festungen-der-stadt-dubai","status":"publish","type":"product","link":"https:\/\/bleudubai.com\/de\/produkt\/diebstahl-von-helikoptern-aus-den-festungen-der-stadt-dubai\/","title":{"rendered":"Hubschrauberflug \u00fcber die H\u00f6hepunkte von Dubai City"},"content":{"rendered":"<p>Gehen Sie an Bord eines luxuri\u00f6sen Hubschraubers und genie\u00dfen Sie einen unglaublichen Panoramablick auf Dubai aus der Luft. Starten Sie vom Hubschrauberlandeplatz des Hotels Atlantis the Palm und fliegen Sie 12 bis 25 Minuten lang \u00fcber die Stadt, w\u00e4hrend Sie die ber\u00fchmtesten Attraktionen bewundern k\u00f6nnen. 12-min\u00fctiger Flug PEARL HELI TOUR:<br \/>\nGenie\u00dfen Sie einen spannenden Gruppenflug vom Atlantis the Palm zum Burj Khalifa und fliegen Sie \u00fcber Sehensw\u00fcrdigkeiten wie das Burj Al Arab und die wundersch\u00f6ne K\u00fcste von Dubai. 15-min\u00fctiger FUN RIDE-Flug:<br \/>\nErleben Sie Dubai aus einer neuen Perspektive bei einem Gruppenflug vom Atlantis The Palm zum Burj Khalifa. Bewundern Sie das Burj Al Arab, die Inselgruppe The World vom S\u00fcdpol aus gesehen, Port Rashid und Palm Jumeirah bei diesem einzigartigen Erlebnis. 17-min\u00fctiger Flug THE ICONIC TOUR:<br \/>\nG\u00f6nnen Sie sich einen unvergesslichen 17-min\u00fctigen Flug zu den wichtigsten Sehensw\u00fcrdigkeiten von Dubai. Lassen Sie sich von Atlantis, der Insel Palm Jumeirah, dem ikonischen Hotel Burj Al Arab, der wundersch\u00f6nen K\u00fcste Dubais, dem Burj Khalifa und dem Lagoon Project begeistern. 25-min\u00fctiger Flug CITY CIRCUIT:<br \/>\nBegeben Sie sich auf einen 25-min\u00fctigen Gruppenflug vom Atlantis The Palm zur alten Bucht von Dubai. W\u00e4hrend des Fluges fliegen Sie \u00fcber das Burj Al Arab, The World Archipelago, den majest\u00e4tischen Burj Khalifa, Union House, Port Rashid, und erhalten auch einen Blick auf Ski Dubai, die Jebel Ali Rennbahn, das neue Dubai und viele andere Wunder der Stadt.<\/p>\n","protected":false},"excerpt":{"rendered":"<p>Genie\u00dfen Sie einen Helikopterflug \u00fcber Dubai und entdecken Sie die wichtigsten Sehensw\u00fcrdigkeiten wie das Burj Al Arab, das Burj Khalifa und die World Islands. Buchen Sie einen Flug von 12 bis 25 Minuten und genie\u00dfen Sie die spektakul\u00e4re Aussicht auf die Stadt. <\/p>\n","protected":false},"featured_media":4287,"comment_status":"open","ping_status":"closed","template":"","meta":{"_acf_changed":false},"product_brand":[],"product_cat":[153,193,163,168],"product_tag":[],"class_list":{"0":"post-7804","1":"product","2":"type-product","3":"status-publish","4":"has-post-thumbnail","6":"product_cat-aktivitaten-in-der-luft","7":"product_cat-die-highlights","8":"product_cat-familienaktivitaeten","9":"product_cat-unverzichtbare-aktivitaten","11":"first","12":"instock","13":"shipping-taxable","14":"purchasable","15":"product-type-simple"},"acf":[],"_links":{"self":[{"href":"https:\/\/bleudubai.com\/de\/wp-json\/wp\/v2\/product\/7804","targetHints":{"allow":["GET"]}}],"collection":[{"href":"https:\/\/bleudubai.com\/de\/wp-json\/wp\/v2\/product"}],"about":[{"href":"https:\/\/bleudubai.com\/de\/wp-json\/wp\/v2\/types\/product"}],"replies":[{"embeddable":true,"href":"https:\/\/bleudubai.com\/de\/wp-json\/wp\/v2\/comments?post=7804"}],"wp:featuredmedia":[{"embeddable":true,"href":"https:\/\/bleudubai.com\/de\/wp-json\/wp\/v2\/media\/4287"}],"wp:attachment":[{"href":"https:\/\/bleudubai.com\/de\/wp-json\/wp\/v2\/media?parent=7804"}],"wp:term":[{"taxonomy":"product_brand","embeddable":true,"href":"https:\/\/bleudubai.com\/de\/wp-json\/wp\/v2\/product_brand?post=7804"},{"taxonomy":"product_cat","embeddable":true,"href":"https:\/\/bleudubai.com\/de\/wp-json\/wp\/v2\/product_cat?post=7804"},{"taxonomy":"product_tag","embeddable":true,"href":"https:\/\/bleudubai.com\/de\/wp-json\/wp\/v2\/product_tag?post=7804"}],"curies":[{"name":"wp","href":"https:\/\/api.w.org\/{rel}","templated":true}]}}