{"id":7813,"date":"2024-09-01T19:37:52","date_gmt":"2024-09-01T15:37:52","guid":{"rendered":"https:\/\/bleudubai.com\/product\/speed-boat-90-min-ubernehmen-sie-die-kontrolle-und-navigieren-sie-zu-ihrem-eigenen-schiff\/"},"modified":"2024-11-11T20:53:38","modified_gmt":"2024-11-11T20:53:38","slug":"speed-boat-90-min-ubernehmen-sie-die-kontrolle-und-navigieren-sie-zu-ihrem-eigenen-schiff","status":"publish","type":"product","link":"https:\/\/bleudubai.com\/de\/produkt\/speed-boat-90-min-ubernehmen-sie-die-kontrolle-und-navigieren-sie-zu-ihrem-eigenen-schiff\/","title":{"rendered":"Speed Boat 90 min: \u00dcbernehmen Sie die Kontrolle und segeln Sie nach Lust und Laune."},"content":{"rendered":"<p>Segeln Sie auf dem Persischen Golf und erkunden Sie die ikonische K\u00fcste von Dubai auf einem 90-min\u00fctigen, gef\u00fchrten Abenteuer, bei dem Sie Ihr eigenes Boot steuern. Diese Tour ist f\u00fcr Abenteurer gedacht, die die K\u00fcste von Dubai auf eine aufregende Art und Weise entdecken m\u00f6chten. Erreichen Sie Geschwindigkeiten von bis zu 50 km\/h bei diesem sicheren und unterhaltsamen Wassererlebnis. Bestaunen Sie ber\u00fchmte Sehensw\u00fcrdigkeiten wie Palm Jumeirah, Atlantis, The Palm, Burj Al Arab und Ain Dubai, das gr\u00f6\u00dfte Aussichtsrad der Welt. \u00dcbernehmen Sie die Kontrolle \u00fcber Ihr Erlebnis, indem Sie Ihr eigenes Boot steuern und halten Sie unterwegs an, um perfekte Fotos von den ber\u00fchmtesten Sehensw\u00fcrdigkeiten Dubais zu machen. Die kippsicheren Boote bieten ein Erlebnis, das genauso viel Spa\u00df macht wie Jetski fahren, aber sicher und f\u00fcr die ganze Familie geeignet ist.<\/p>\n","protected":false},"excerpt":{"rendered":"<p>\u00dcbernehmen Sie die Kontrolle \u00fcber ein HERO Boot und erkunden Sie die ikonische K\u00fcste von Dubai mit unglaublichen Geschwindigkeiten. Entdecken Sie das Burj Al Arab und Atlantis, the Palm auf diesem unvergesslichen Abenteuer auf See und erleben Sie eine unterhaltsame Alternative zu herk\u00f6mmlichen Sightseeing-Touren. <\/p>\n","protected":false},"featured_media":4347,"comment_status":"open","ping_status":"closed","template":"","meta":{"_acf_changed":false},"product_brand":[],"product_cat":[178,203,143],"product_tag":[],"class_list":{"0":"post-7813","1":"product","2":"type-product","3":"status-publish","4":"has-post-thumbnail","6":"product_cat-bootsfahrt","7":"product_cat-sport-adrenalin","8":"product_cat-wasseraktivitaeten","10":"first","11":"instock","12":"shipping-taxable","13":"purchasable","14":"product-type-simple"},"acf":[],"_links":{"self":[{"href":"https:\/\/bleudubai.com\/de\/wp-json\/wp\/v2\/product\/7813","targetHints":{"allow":["GET"]}}],"collection":[{"href":"https:\/\/bleudubai.com\/de\/wp-json\/wp\/v2\/product"}],"about":[{"href":"https:\/\/bleudubai.com\/de\/wp-json\/wp\/v2\/types\/product"}],"replies":[{"embeddable":true,"href":"https:\/\/bleudubai.com\/de\/wp-json\/wp\/v2\/comments?post=7813"}],"wp:featuredmedia":[{"embeddable":true,"href":"https:\/\/bleudubai.com\/de\/wp-json\/wp\/v2\/media\/4347"}],"wp:attachment":[{"href":"https:\/\/bleudubai.com\/de\/wp-json\/wp\/v2\/media?parent=7813"}],"wp:term":[{"taxonomy":"product_brand","embeddable":true,"href":"https:\/\/bleudubai.com\/de\/wp-json\/wp\/v2\/product_brand?post=7813"},{"taxonomy":"product_cat","embeddable":true,"href":"https:\/\/bleudubai.com\/de\/wp-json\/wp\/v2\/product_cat?post=7813"},{"taxonomy":"product_tag","embeddable":true,"href":"https:\/\/bleudubai.com\/de\/wp-json\/wp\/v2\/product_tag?post=7813"}],"curies":[{"name":"wp","href":"https:\/\/api.w.org\/{rel}","templated":true}]}}