{"id":7814,"date":"2024-09-01T19:37:52","date_gmt":"2024-09-01T19:37:52","guid":{"rendered":"https:\/\/bleudubai.com\/product\/30-minuten-flyboard-erfahrung-am-dubai\/"},"modified":"2026-04-18T11:35:06","modified_gmt":"2026-04-18T07:35:06","slug":"30-minuten-flyboard-erfahrung-am-dubai","status":"publish","type":"product","link":"https:\/\/bleudubai.com\/de\/produkt\/30-minuten-flyboard-erfahrung-am-dubai\/","title":{"rendered":"30-min\u00fctige Flyboard-Erfahrung in Dubai"},"content":{"rendered":"<p>Erleben Sie das einzigartige Gef\u00fchl des Flyboardens, egal ob Sie Anf\u00e4nger oder erfahrener Flyboarder sind. Lassen Sie sich von einem erfahrenen und professionellen Lehrer sicher durch die 30-min\u00fctige Aktivit\u00e4t in Dubai f\u00fchren. Verlassen Sie sich auf ihre Erfahrung, um Ihnen bei Bedarf zu helfen und die Leistung des Ger\u00e4ts an Ihr Niveau anzupassen. Versuchen Sie, so hoch wie m\u00f6glich zu steigen und genie\u00dfen Sie den Panoramablick, der sich Ihnen bietet. Sie haben auch die M\u00f6glichkeit, Ihre Flyboard-Session mit einer 30-min\u00fctigen Jetski-Fahrt zu kombinieren, um ein noch intensiveres Erlebnis zu haben.<\/p>\n","protected":false},"excerpt":{"rendered":"<p>Erleben Sie neue Eindr\u00fccke bei dieser 30-min\u00fctigen Flyboard-Aktivit\u00e4t in Dubai. Kombinieren Sie auch 30 Minuten Flyboarding mit 30 Minuten Jetski fahren. <\/p>\n","protected":false},"featured_media":4362,"comment_status":"open","ping_status":"closed","template":"","meta":{"_acf_changed":false},"product_brand":[],"product_cat":[203,143],"product_tag":[],"class_list":{"0":"post-7814","1":"product","2":"type-product","3":"status-publish","4":"has-post-thumbnail","6":"product_cat-sport-adrenalin","7":"product_cat-wasseraktivitaeten","9":"first","10":"instock","11":"shipping-taxable","12":"purchasable","13":"product-type-simple"},"acf":[],"_links":{"self":[{"href":"https:\/\/bleudubai.com\/de\/wp-json\/wp\/v2\/product\/7814","targetHints":{"allow":["GET"]}}],"collection":[{"href":"https:\/\/bleudubai.com\/de\/wp-json\/wp\/v2\/product"}],"about":[{"href":"https:\/\/bleudubai.com\/de\/wp-json\/wp\/v2\/types\/product"}],"replies":[{"embeddable":true,"href":"https:\/\/bleudubai.com\/de\/wp-json\/wp\/v2\/comments?post=7814"}],"wp:featuredmedia":[{"embeddable":true,"href":"https:\/\/bleudubai.com\/de\/wp-json\/wp\/v2\/media\/4362"}],"wp:attachment":[{"href":"https:\/\/bleudubai.com\/de\/wp-json\/wp\/v2\/media?parent=7814"}],"wp:term":[{"taxonomy":"product_brand","embeddable":true,"href":"https:\/\/bleudubai.com\/de\/wp-json\/wp\/v2\/product_brand?post=7814"},{"taxonomy":"product_cat","embeddable":true,"href":"https:\/\/bleudubai.com\/de\/wp-json\/wp\/v2\/product_cat?post=7814"},{"taxonomy":"product_tag","embeddable":true,"href":"https:\/\/bleudubai.com\/de\/wp-json\/wp\/v2\/product_tag?post=7814"}],"curies":[{"name":"wp","href":"https:\/\/api.w.org\/{rel}","templated":true}]}}