{"id":7819,"date":"2024-09-01T19:37:52","date_gmt":"2024-09-01T15:37:52","guid":{"rendered":"https:\/\/bleudubai.com\/product\/speed-boat-60-min-ubernehmen-sie-die-kontrolle-und-navigieren-sie-in-ihrem-eigenen-boot\/"},"modified":"2024-11-11T21:00:21","modified_gmt":"2024-11-11T21:00:21","slug":"speed-boat-60-min-ubernehmen-sie-die-kontrolle-und-navigieren-sie-in-ihrem-eigenen-boot","status":"publish","type":"product","link":"https:\/\/bleudubai.com\/de\/produkt\/speed-boat-60-min-ubernehmen-sie-die-kontrolle-und-navigieren-sie-in-ihrem-eigenen-boot\/","title":{"rendered":"Speed Boat 60 min: \u00dcbernehmen Sie die Kontrolle und fahren Sie nach Belieben."},"content":{"rendered":"<p>\u00dcbernehmen Sie das Steuer Ihres eigenen HERO-Bootes und erkunden Sie die ikonische K\u00fcste von Dubai auf einem unvergesslichen Abenteuer auf See.<\/p>\n<p>Auf dieser 60-min\u00fctigen Tour k\u00f6nnen Sie die ber\u00fchmten Str\u00e4nde von Dubai, Ain Dubai und Palm Jumeirah bewundern, w\u00e4hrend Sie von einem professionellen Reisef\u00fchrer begleitet werden.<\/p>\n<p>Die HERO-Boote machen Spa\u00df und sind gleichzeitig sicher und bieten eine einfache Fahrerfahrung f\u00fcr angehende Kapit\u00e4ne.<\/p>\n<p>Schlie\u00dfen Sie sich den mehr als einer halben Million G\u00e4sten an, die dieses einzigartige Erlebnis bereits hatten, und \u00fcbernehmen Sie die Kontrolle \u00fcber Ihr Abenteuer auf See.<\/p>\n","protected":false},"excerpt":{"rendered":"<p>Erleben Sie die Aufregung, ein HERO-Boot entlang der K\u00fcste von Dubai zu steuern. Erkunden Sie auf diesem Seeabenteuer ikonische Sehensw\u00fcrdigkeiten wie das Burj Al Arab und Atlantis, the Palm. <\/p>\n","protected":false},"featured_media":4332,"comment_status":"open","ping_status":"closed","template":"","meta":{"_acf_changed":false},"product_brand":[],"product_cat":[178,203,143],"product_tag":[],"class_list":{"0":"post-7819","1":"product","2":"type-product","3":"status-publish","4":"has-post-thumbnail","6":"product_cat-bootsfahrt","7":"product_cat-sport-adrenalin","8":"product_cat-wasseraktivitaeten","10":"first","11":"instock","12":"shipping-taxable","13":"purchasable","14":"product-type-simple"},"acf":[],"_links":{"self":[{"href":"https:\/\/bleudubai.com\/de\/wp-json\/wp\/v2\/product\/7819","targetHints":{"allow":["GET"]}}],"collection":[{"href":"https:\/\/bleudubai.com\/de\/wp-json\/wp\/v2\/product"}],"about":[{"href":"https:\/\/bleudubai.com\/de\/wp-json\/wp\/v2\/types\/product"}],"replies":[{"embeddable":true,"href":"https:\/\/bleudubai.com\/de\/wp-json\/wp\/v2\/comments?post=7819"}],"wp:featuredmedia":[{"embeddable":true,"href":"https:\/\/bleudubai.com\/de\/wp-json\/wp\/v2\/media\/4332"}],"wp:attachment":[{"href":"https:\/\/bleudubai.com\/de\/wp-json\/wp\/v2\/media?parent=7819"}],"wp:term":[{"taxonomy":"product_brand","embeddable":true,"href":"https:\/\/bleudubai.com\/de\/wp-json\/wp\/v2\/product_brand?post=7819"},{"taxonomy":"product_cat","embeddable":true,"href":"https:\/\/bleudubai.com\/de\/wp-json\/wp\/v2\/product_cat?post=7819"},{"taxonomy":"product_tag","embeddable":true,"href":"https:\/\/bleudubai.com\/de\/wp-json\/wp\/v2\/product_tag?post=7819"}],"curies":[{"name":"wp","href":"https:\/\/api.w.org\/{rel}","templated":true}]}}