{"id":7856,"date":"2024-09-01T19:40:02","date_gmt":"2024-09-01T19:40:02","guid":{"rendered":"https:\/\/bleudubai.com\/product\/reiten-wueste-dubai\/"},"modified":"2024-11-13T07:25:31","modified_gmt":"2024-11-13T07:25:31","slug":"reiten-wueste-dubai","status":"publish","type":"product","link":"https:\/\/bleudubai.com\/de\/produkt\/reiten-wueste-dubai\/","title":{"rendered":"Reiten in der W\u00fcste von Dubai"},"content":{"rendered":"<p>Machen Sie sich morgens oder nachmittags auf einen entspannenden 90-min\u00fctigen Ausritt durch die W\u00fcste. Tauchen Sie bei Ihrer Ankunft in eine rustikale Farm ein, die von gut gepflegten Pferden umgeben ist. Geeignet f\u00fcr Anf\u00e4nger und erfahrene Reiter, hilft Ihnen das Team bei der Auswahl des richtigen Pferdes und gibt eine Sicherheitseinweisung. Fangen Sie die Sch\u00f6nheit der W\u00fcste bei Sonnenaufgang oder -untergang ein und pr\u00e4gen Sie Ihren Geist mit dem Frieden und der Erhabenheit der W\u00fcste. <\/p>\n","protected":false},"excerpt":{"rendered":"<p>Tauchen Sie mit unserem W\u00fcstenritt in die Beduinenvergangenheit der 1920er Jahre ein. Entdecken Sie den Charme einer Zeit, in der das Pferd das einzige Fortbewegungsmittel war. <\/p>\n","protected":false},"featured_media":4932,"comment_status":"open","ping_status":"closed","template":"","meta":{"_acf_changed":false},"product_brand":[],"product_cat":[163,203,158],"product_tag":[],"class_list":{"0":"post-7856","1":"product","2":"type-product","3":"status-publish","4":"has-post-thumbnail","6":"product_cat-familienaktivitaeten","7":"product_cat-sport-adrenalin","8":"product_cat-wustenaktivitaten","10":"first","11":"instock","12":"shipping-taxable","13":"purchasable","14":"product-type-simple"},"acf":[],"_links":{"self":[{"href":"https:\/\/bleudubai.com\/de\/wp-json\/wp\/v2\/product\/7856","targetHints":{"allow":["GET"]}}],"collection":[{"href":"https:\/\/bleudubai.com\/de\/wp-json\/wp\/v2\/product"}],"about":[{"href":"https:\/\/bleudubai.com\/de\/wp-json\/wp\/v2\/types\/product"}],"replies":[{"embeddable":true,"href":"https:\/\/bleudubai.com\/de\/wp-json\/wp\/v2\/comments?post=7856"}],"wp:featuredmedia":[{"embeddable":true,"href":"https:\/\/bleudubai.com\/de\/wp-json\/wp\/v2\/media\/4932"}],"wp:attachment":[{"href":"https:\/\/bleudubai.com\/de\/wp-json\/wp\/v2\/media?parent=7856"}],"wp:term":[{"taxonomy":"product_brand","embeddable":true,"href":"https:\/\/bleudubai.com\/de\/wp-json\/wp\/v2\/product_brand?post=7856"},{"taxonomy":"product_cat","embeddable":true,"href":"https:\/\/bleudubai.com\/de\/wp-json\/wp\/v2\/product_cat?post=7856"},{"taxonomy":"product_tag","embeddable":true,"href":"https:\/\/bleudubai.com\/de\/wp-json\/wp\/v2\/product_tag?post=7856"}],"curies":[{"name":"wp","href":"https:\/\/api.w.org\/{rel}","templated":true}]}}