{"id":7857,"date":"2024-09-01T19:40:01","date_gmt":"2024-09-01T15:40:01","guid":{"rendered":"https:\/\/bleudubai.com\/product\/tandem-fallschirmsprung-wueste-dubai\/"},"modified":"2024-11-13T07:27:17","modified_gmt":"2024-11-13T07:27:17","slug":"tandem-fallschirmsprung-wueste-dubai","status":"publish","type":"product","link":"https:\/\/bleudubai.com\/de\/produkt\/tandem-fallschirmsprung-wueste-dubai\/","title":{"rendered":"Tandem-Fallschirmsprung in der W\u00fcste von Dubai"},"content":{"rendered":"<p>Tauchen Sie mit 120 mph im freien Fall, fest angeschnallt an einen qualifizierten Ausbilder. Bevor Sie an Bord gehen, lernen Sie das Team, Ihren Ausbilder und den Kameramann kennen. Steigen Sie in das Flugzeug, schnallen Sie sich an Ihren Ausbilder an und genie\u00dfen Sie fast 60 Sekunden freien Fall. Der Fallschirm wird in 6000 Fu\u00df H\u00f6he entfaltet, dann geht es f\u00fcr etwa 5 Minuten mit dem Fallschirm zur\u00fcck auf den Boden. Halten Sie jeden Moment mit professionellen Fotos und Videos fest. Die Zuschauer k\u00f6nnen vom Boden aus zuschauen, wobei Kaffee und Snacks erh\u00e4ltlich sind. <\/p>\n","protected":false},"excerpt":{"rendered":"<p>Erleben Sie die D\u00fcnen von Dubai im freien Fall bei 200 km\/h. St\u00fcrzen Sie sich aus 13.000 Fu\u00df H\u00f6he in die Tiefe, sp\u00fcren Sie fast 60 Sekunden lang das Adrenalin und halten Sie dieses einmalige Erlebnis mit einem professionellen Kameramann fest. <\/p>\n","protected":false},"featured_media":4917,"comment_status":"open","ping_status":"closed","template":"","meta":{"_acf_changed":false},"product_brand":[],"product_cat":[153,203],"product_tag":[],"class_list":{"0":"post-7857","1":"product","2":"type-product","3":"status-publish","4":"has-post-thumbnail","6":"product_cat-aktivitaten-in-der-luft","7":"product_cat-sport-adrenalin","9":"first","10":"instock","11":"shipping-taxable","12":"purchasable","13":"product-type-simple"},"acf":[],"_links":{"self":[{"href":"https:\/\/bleudubai.com\/de\/wp-json\/wp\/v2\/product\/7857","targetHints":{"allow":["GET"]}}],"collection":[{"href":"https:\/\/bleudubai.com\/de\/wp-json\/wp\/v2\/product"}],"about":[{"href":"https:\/\/bleudubai.com\/de\/wp-json\/wp\/v2\/types\/product"}],"replies":[{"embeddable":true,"href":"https:\/\/bleudubai.com\/de\/wp-json\/wp\/v2\/comments?post=7857"}],"wp:featuredmedia":[{"embeddable":true,"href":"https:\/\/bleudubai.com\/de\/wp-json\/wp\/v2\/media\/4917"}],"wp:attachment":[{"href":"https:\/\/bleudubai.com\/de\/wp-json\/wp\/v2\/media?parent=7857"}],"wp:term":[{"taxonomy":"product_brand","embeddable":true,"href":"https:\/\/bleudubai.com\/de\/wp-json\/wp\/v2\/product_brand?post=7857"},{"taxonomy":"product_cat","embeddable":true,"href":"https:\/\/bleudubai.com\/de\/wp-json\/wp\/v2\/product_cat?post=7857"},{"taxonomy":"product_tag","embeddable":true,"href":"https:\/\/bleudubai.com\/de\/wp-json\/wp\/v2\/product_tag?post=7857"}],"curies":[{"name":"wp","href":"https:\/\/api.w.org\/{rel}","templated":true}]}}