{"id":7859,"date":"2024-09-01T19:40:01","date_gmt":"2024-09-01T19:40:01","guid":{"rendered":"https:\/\/bleudubai.com\/product\/40-minutige-e-foil-erfahrung\/"},"modified":"2024-11-13T07:30:37","modified_gmt":"2024-11-13T07:30:37","slug":"40-minutige-e-foil-erfahrung","status":"publish","type":"product","link":"https:\/\/bleudubai.com\/de\/produkt\/40-minutige-e-foil-erfahrung\/","title":{"rendered":"40-min\u00fctige E-Foil-Erfahrung"},"content":{"rendered":"<p>Genie\u00dfen Sie das einzigartige Gef\u00fchl, \u00fcber die Gew\u00e4sser von Palm Jumeirah zu gleiten, mit unserem Abenteuer auf einem elektrischen Tragfl\u00fcgelboot. Egal, ob Sie Anf\u00e4nger oder Experte sind, Seamocean bietet f\u00fcr jeden das richtige Board und erfahrene Instruktoren, die Ihnen helfen, schnell in Fahrt zu kommen. Beginnen Sie Ihr Abenteuer im Yachtclub des Sofitel the Palm, wo Sie eine 10-min\u00fctige Sicherheits- und Betriebseinweisung erhalten. Machen Sie sich mithilfe speziell entwickelter Boards und fachkundiger Anleitung mit dem Balancieren auf dem E-Foil in den ruhigen Gew\u00e4ssern der Palme vertraut. <\/p>\n","protected":false},"excerpt":{"rendered":"<p>Erleben Sie die Aufregung des E-Foils auf den ruhigen Gew\u00e4ssern von Palm Jumeirah. Ob Sie Anf\u00e4nger oder Experte sind, schlie\u00dfen Sie sich dieser elektrisierenden Erfahrung mit Boards f\u00fcr jedes Niveau an. Qualifizierte Lehrer sorgen daf\u00fcr, dass jeder in die Luft geht!  <\/p>\n","protected":false},"featured_media":4887,"comment_status":"open","ping_status":"closed","template":"","meta":{"_acf_changed":false},"product_brand":[],"product_cat":[178,203,143],"product_tag":[],"class_list":{"0":"post-7859","1":"product","2":"type-product","3":"status-publish","4":"has-post-thumbnail","6":"product_cat-bootsfahrt","7":"product_cat-sport-adrenalin","8":"product_cat-wasseraktivitaeten","10":"first","11":"instock","12":"shipping-taxable","13":"purchasable","14":"product-type-simple"},"acf":[],"_links":{"self":[{"href":"https:\/\/bleudubai.com\/de\/wp-json\/wp\/v2\/product\/7859","targetHints":{"allow":["GET"]}}],"collection":[{"href":"https:\/\/bleudubai.com\/de\/wp-json\/wp\/v2\/product"}],"about":[{"href":"https:\/\/bleudubai.com\/de\/wp-json\/wp\/v2\/types\/product"}],"replies":[{"embeddable":true,"href":"https:\/\/bleudubai.com\/de\/wp-json\/wp\/v2\/comments?post=7859"}],"wp:featuredmedia":[{"embeddable":true,"href":"https:\/\/bleudubai.com\/de\/wp-json\/wp\/v2\/media\/4887"}],"wp:attachment":[{"href":"https:\/\/bleudubai.com\/de\/wp-json\/wp\/v2\/media?parent=7859"}],"wp:term":[{"taxonomy":"product_brand","embeddable":true,"href":"https:\/\/bleudubai.com\/de\/wp-json\/wp\/v2\/product_brand?post=7859"},{"taxonomy":"product_cat","embeddable":true,"href":"https:\/\/bleudubai.com\/de\/wp-json\/wp\/v2\/product_cat?post=7859"},{"taxonomy":"product_tag","embeddable":true,"href":"https:\/\/bleudubai.com\/de\/wp-json\/wp\/v2\/product_tag?post=7859"}],"curies":[{"name":"wp","href":"https:\/\/api.w.org\/{rel}","templated":true}]}}