{"id":7860,"date":"2024-09-01T19:40:01","date_gmt":"2024-09-01T19:40:01","guid":{"rendered":"https:\/\/bleudubai.com\/product\/eintrittskarte-wasserpark-wild-wadi\/"},"modified":"2024-11-13T07:32:05","modified_gmt":"2024-11-13T07:32:05","slug":"eintrittskarte-wasserpark-wild-wadi","status":"publish","type":"product","link":"https:\/\/bleudubai.com\/de\/produkt\/eintrittskarte-wasserpark-wild-wadi\/","title":{"rendered":"Eintrittskarte f\u00fcr den Wasserpark Wild Wadi"},"content":{"rendered":"<p>Verbringen Sie mit dieser Eintrittskarte einen Tag voller Spa\u00df im Wasserpark Wild Wadi. Der Park liegt gegen\u00fcber dem Burj-al-Arab und bietet \u00fcber 30 Attraktionen, von Rutschen bis hin zu riesigen Wellen, die einen Tag voller Abenteuer und Spa\u00df f\u00fcr die ganze Familie garantieren. Genie\u00dfen Sie den langsamen Fluss Juha, aufregende Rutschen wie Tantrum Alley und Burj Surj sowie einzigartige Surferlebnisse mit Wipeout und Riptide Flowriders. Die Jumeirah Sceirah bietet einen 70\u00b0-Fall f\u00fcr Adrenalinjunkies.<\/p>\n","protected":false},"excerpt":{"rendered":"<p>Erfrischen Sie sich mit \u00fcber 30 Attraktionen im Wasserpark Wild Wadi in Dubai. Bestaunen Sie den Burj-al-Arab, erleben Sie Nervenkitzel in der einzigartigen Achterbahn und genie\u00dfen Sie einen Tag voller Abenteuer mit Wasserrutschen, Wellen und vielem mehr. <\/p>\n","protected":false},"featured_media":4872,"comment_status":"open","ping_status":"closed","template":"","meta":{"_acf_changed":false},"product_brand":[],"product_cat":[163,198],"product_tag":[],"class_list":{"0":"post-7860","1":"product","2":"type-product","3":"status-publish","4":"has-post-thumbnail","6":"product_cat-familienaktivitaeten","7":"product_cat-freizeitparks","9":"first","10":"instock","11":"shipping-taxable","12":"purchasable","13":"product-type-simple"},"acf":[],"_links":{"self":[{"href":"https:\/\/bleudubai.com\/de\/wp-json\/wp\/v2\/product\/7860","targetHints":{"allow":["GET"]}}],"collection":[{"href":"https:\/\/bleudubai.com\/de\/wp-json\/wp\/v2\/product"}],"about":[{"href":"https:\/\/bleudubai.com\/de\/wp-json\/wp\/v2\/types\/product"}],"replies":[{"embeddable":true,"href":"https:\/\/bleudubai.com\/de\/wp-json\/wp\/v2\/comments?post=7860"}],"wp:featuredmedia":[{"embeddable":true,"href":"https:\/\/bleudubai.com\/de\/wp-json\/wp\/v2\/media\/4872"}],"wp:attachment":[{"href":"https:\/\/bleudubai.com\/de\/wp-json\/wp\/v2\/media?parent=7860"}],"wp:term":[{"taxonomy":"product_brand","embeddable":true,"href":"https:\/\/bleudubai.com\/de\/wp-json\/wp\/v2\/product_brand?post=7860"},{"taxonomy":"product_cat","embeddable":true,"href":"https:\/\/bleudubai.com\/de\/wp-json\/wp\/v2\/product_cat?post=7860"},{"taxonomy":"product_tag","embeddable":true,"href":"https:\/\/bleudubai.com\/de\/wp-json\/wp\/v2\/product_tag?post=7860"}],"curies":[{"name":"wp","href":"https:\/\/api.w.org\/{rel}","templated":true}]}}