{"id":7861,"date":"2024-09-01T19:40:01","date_gmt":"2024-09-01T19:40:01","guid":{"rendered":"https:\/\/bleudubai.com\/product\/yachtcharter-private-luxuskreuzfahrt-elegante-yacht\/"},"modified":"2025-10-15T08:57:49","modified_gmt":"2025-10-15T04:57:49","slug":"yachtcharter-private-luxuskreuzfahrt-elegante-yacht","status":"publish","type":"product","link":"https:\/\/bleudubai.com\/de\/produkt\/yachtcharter-private-luxuskreuzfahrt-elegante-yacht\/","title":{"rendered":"Yachtcharter : Private Luxuskreuzfahrt an Bord einer eleganten Yacht"},"content":{"rendered":"<p>Nehmen Sie an einer mindestens zweist\u00fcndigen Bootsfahrt teil und genie\u00dfen Sie die atemberaubende Aussicht auf die Sehensw\u00fcrdigkeiten von Dubai.<\/p>\n<p>Ein freundliches Team sorgt f\u00fcr ein unvergessliches Erlebnis mit der M\u00f6glichkeit, ein Barbecue zuzubereiten, wenn Sie Ihr eigenes Essen mitbringen, Getr\u00e4nke inklusive, Bluetooth-Lautsprecher und sogar die Lieferung eines Jetskis auf das Boot ist m\u00f6glich.<\/p>\n<p>Fahren Sie an ber\u00fchmten Attraktionen wie der Lagune, JBR, Sky Dive, Kempinski, Atlantis und The Anchor vorbei.<\/p>\n<p>Schwimmen Sie in der N\u00e4he von JBR und legen Sie eine Pause f\u00fcr einen Sprung in die Lagune ein.<br \/>Lassen Sie sich am Ende der Kreuzfahrt zur\u00fcck zum Dubai Harbour bringen.<\/p>\n","protected":false},"excerpt":{"rendered":"<p>Begeben Sie sich auf eine private Jachtkreuzfahrt in Dubai Harbour. Bestaunen Sie die ikonischen Sehensw\u00fcrdigkeiten vom Wasser aus, w\u00e4hlen Sie zwischen 2- und 3-st\u00fcndigen Fahrten und legen Sie eine Badepause ein. Genie\u00dfen Sie die Gastfreundschaft an Bord mit Grillm\u00f6glichkeit und Musik, alles inklusive.  <\/p>\n","protected":false},"featured_media":4857,"comment_status":"open","ping_status":"closed","template":"","meta":{"_acf_changed":false},"product_brand":[],"product_cat":[178,193,163,168],"product_tag":[],"class_list":{"0":"post-7861","1":"product","2":"type-product","3":"status-publish","4":"has-post-thumbnail","6":"product_cat-bootsfahrt","7":"product_cat-die-highlights","8":"product_cat-familienaktivitaeten","9":"product_cat-unverzichtbare-aktivitaten","11":"first","12":"instock","13":"shipping-taxable","14":"purchasable","15":"product-type-simple"},"acf":[],"_links":{"self":[{"href":"https:\/\/bleudubai.com\/de\/wp-json\/wp\/v2\/product\/7861","targetHints":{"allow":["GET"]}}],"collection":[{"href":"https:\/\/bleudubai.com\/de\/wp-json\/wp\/v2\/product"}],"about":[{"href":"https:\/\/bleudubai.com\/de\/wp-json\/wp\/v2\/types\/product"}],"replies":[{"embeddable":true,"href":"https:\/\/bleudubai.com\/de\/wp-json\/wp\/v2\/comments?post=7861"}],"wp:featuredmedia":[{"embeddable":true,"href":"https:\/\/bleudubai.com\/de\/wp-json\/wp\/v2\/media\/4857"}],"wp:attachment":[{"href":"https:\/\/bleudubai.com\/de\/wp-json\/wp\/v2\/media?parent=7861"}],"wp:term":[{"taxonomy":"product_brand","embeddable":true,"href":"https:\/\/bleudubai.com\/de\/wp-json\/wp\/v2\/product_brand?post=7861"},{"taxonomy":"product_cat","embeddable":true,"href":"https:\/\/bleudubai.com\/de\/wp-json\/wp\/v2\/product_cat?post=7861"},{"taxonomy":"product_tag","embeddable":true,"href":"https:\/\/bleudubai.com\/de\/wp-json\/wp\/v2\/product_tag?post=7861"}],"curies":[{"name":"wp","href":"https:\/\/api.w.org\/{rel}","templated":true}]}}