{"id":7862,"date":"2024-09-01T19:39:39","date_gmt":"2024-09-01T15:39:39","guid":{"rendered":"https:\/\/bleudubai.com\/product\/prioritaetsticket-global-village\/"},"modified":"2024-11-13T07:35:19","modified_gmt":"2024-11-13T07:35:19","slug":"prioritaetsticket-global-village","status":"publish","type":"product","link":"https:\/\/bleudubai.com\/de\/produkt\/prioritaetsticket-global-village\/","title":{"rendered":"Priorit\u00e4tsticket f\u00fcr das Global Village"},"content":{"rendered":"<p>Global Village Dubai ist ein Muss f\u00fcr Familien und bietet eine einzigartige Verschmelzung von Unterhaltung, Shopping und Gastronomie. Im Herzen der Stadt gelegen, bringt diese dynamische Attraktion jedes Jahr Kulturen aus aller Welt zusammen. Reisen Sie durch 27 Pavillons, die jeweils ein anderes Land repr\u00e4sentieren, und erkunden Sie die Welt in einem einzigen Besuch. Tauchen Sie ein in die Authentizit\u00e4t jeder Kultur, von den gesch\u00e4ftigen Basaren Indiens bis zu den charmanten Stra\u00dfen Europas. Mit \u00fcber 40.000 Weltklasse-Shows feiert Global Village die Vielfalt der weltweiten Traditionen. Karnevalsfahrgesch\u00e4fte, Feuerwerke und ein lebhafter Marktplatz sorgen f\u00fcr zus\u00e4tzliche Aufregung. Shopping-Fans werden von dem lebhaften Marktplatz begeistert sein, der eine Vielzahl an Kunsthandwerk und einzigartigen Souvenirs anbietet. Ebenso vielf\u00e4ltig ist das kulinarische Erlebnis mit internationalen K\u00fcchen, die von Streetfood bis zu Gourmetk\u00f6stlichkeiten reichen. <\/p>\n","protected":false},"excerpt":{"rendered":"<p>Erkunden Sie die globale Vielfalt im Global Village Dubai. Genie\u00dfen Sie Kultur, Shopping und Geschmackserlebnisse mit einem Ticket, mit dem Sie die Warteschlangen umgehen k\u00f6nnen. <\/p>\n","protected":false},"featured_media":4842,"comment_status":"open","ping_status":"closed","template":"","meta":{"_acf_changed":false},"product_brand":[],"product_cat":[188,193,183,163,168],"product_tag":[],"class_list":{"0":"post-7862","1":"product","2":"type-product","3":"status-publish","4":"has-post-thumbnail","6":"product_cat-city-pass-de","7":"product_cat-die-highlights","8":"product_cat-eintrittskarten","9":"product_cat-familienaktivitaeten","10":"product_cat-unverzichtbare-aktivitaten","12":"first","13":"instock","14":"shipping-taxable","15":"purchasable","16":"product-type-simple"},"acf":[],"_links":{"self":[{"href":"https:\/\/bleudubai.com\/de\/wp-json\/wp\/v2\/product\/7862","targetHints":{"allow":["GET"]}}],"collection":[{"href":"https:\/\/bleudubai.com\/de\/wp-json\/wp\/v2\/product"}],"about":[{"href":"https:\/\/bleudubai.com\/de\/wp-json\/wp\/v2\/types\/product"}],"replies":[{"embeddable":true,"href":"https:\/\/bleudubai.com\/de\/wp-json\/wp\/v2\/comments?post=7862"}],"wp:featuredmedia":[{"embeddable":true,"href":"https:\/\/bleudubai.com\/de\/wp-json\/wp\/v2\/media\/4842"}],"wp:attachment":[{"href":"https:\/\/bleudubai.com\/de\/wp-json\/wp\/v2\/media?parent=7862"}],"wp:term":[{"taxonomy":"product_brand","embeddable":true,"href":"https:\/\/bleudubai.com\/de\/wp-json\/wp\/v2\/product_brand?post=7862"},{"taxonomy":"product_cat","embeddable":true,"href":"https:\/\/bleudubai.com\/de\/wp-json\/wp\/v2\/product_cat?post=7862"},{"taxonomy":"product_tag","embeddable":true,"href":"https:\/\/bleudubai.com\/de\/wp-json\/wp\/v2\/product_tag?post=7862"}],"curies":[{"name":"wp","href":"https:\/\/api.w.org\/{rel}","templated":true}]}}