{"id":7863,"date":"2024-09-01T19:39:39","date_gmt":"2024-09-01T19:39:39","guid":{"rendered":"https:\/\/bleudubai.com\/product\/bevorzugte-eintrittskarte-kidzania-dubai\/"},"modified":"2024-11-13T07:36:45","modified_gmt":"2024-11-13T07:36:45","slug":"bevorzugte-eintrittskarte-kidzania-dubai","status":"publish","type":"product","link":"https:\/\/bleudubai.com\/de\/produkt\/bevorzugte-eintrittskarte-kidzania-dubai\/","title":{"rendered":"Bevorzugte Eintrittskarte f\u00fcr KidZania Dubai"},"content":{"rendered":"<p>KidZania erf\u00fcllt die Tr\u00e4ume Ihrer Kinder, indem es ihnen einen sicheren, realistischen und lehrreichen Ort bietet. In diesem Indoor-Park k\u00f6nnen Kinder zwischen 4 und 16 Jahren \u00fcber 80 Rollenspielaktivit\u00e4ten erkunden, die auf echten Erfahrungen beruhen. Vom Feuerwehrmann bis zum Banker, vom Arzt bis zum Radiomoderator lernen sie die Arbeitswelt auf spielerische Weise kennen. Dieser Indoor-Park bildet eine Stadt in kindgerechtem Ma\u00dfstab nach, mit Geb\u00e4uden, gepflasterten Stra\u00dfen, Fahrzeugen und ber\u00fchmten Einrichtungen, und bietet so ein realistisches und unterhaltsames Erlebnis. <\/p>\n","protected":false},"excerpt":{"rendered":"<p>Entdecken Sie die p\u00e4dagogische und spielerische Welt von KidZania Dubai. Bieten Sie Ihren Kindern im Alter von 4 bis 16 Jahren mehr als 80 Rollenspielaktivit\u00e4ten an. Stundenlanger Spa\u00df und Lernen in einer sicheren Umgebung in Dubai.  <\/p>\n","protected":false},"featured_media":4827,"comment_status":"open","ping_status":"closed","template":"","meta":{"_acf_changed":false},"product_brand":[],"product_cat":[183,163],"product_tag":[],"class_list":{"0":"post-7863","1":"product","2":"type-product","3":"status-publish","4":"has-post-thumbnail","6":"product_cat-eintrittskarten","7":"product_cat-familienaktivitaeten","9":"first","10":"instock","11":"shipping-taxable","12":"purchasable","13":"product-type-simple"},"acf":[],"_links":{"self":[{"href":"https:\/\/bleudubai.com\/de\/wp-json\/wp\/v2\/product\/7863","targetHints":{"allow":["GET"]}}],"collection":[{"href":"https:\/\/bleudubai.com\/de\/wp-json\/wp\/v2\/product"}],"about":[{"href":"https:\/\/bleudubai.com\/de\/wp-json\/wp\/v2\/types\/product"}],"replies":[{"embeddable":true,"href":"https:\/\/bleudubai.com\/de\/wp-json\/wp\/v2\/comments?post=7863"}],"wp:featuredmedia":[{"embeddable":true,"href":"https:\/\/bleudubai.com\/de\/wp-json\/wp\/v2\/media\/4827"}],"wp:attachment":[{"href":"https:\/\/bleudubai.com\/de\/wp-json\/wp\/v2\/media?parent=7863"}],"wp:term":[{"taxonomy":"product_brand","embeddable":true,"href":"https:\/\/bleudubai.com\/de\/wp-json\/wp\/v2\/product_brand?post=7863"},{"taxonomy":"product_cat","embeddable":true,"href":"https:\/\/bleudubai.com\/de\/wp-json\/wp\/v2\/product_cat?post=7863"},{"taxonomy":"product_tag","embeddable":true,"href":"https:\/\/bleudubai.com\/de\/wp-json\/wp\/v2\/product_tag?post=7863"}],"curies":[{"name":"wp","href":"https:\/\/api.w.org\/{rel}","templated":true}]}}