{"id":7868,"date":"2024-09-01T19:39:39","date_gmt":"2024-09-01T15:39:39","guid":{"rendered":"https:\/\/bleudubai.com\/product\/keine-warteschlangen-dubai-miracle-garden\/"},"modified":"2026-02-12T04:26:48","modified_gmt":"2026-02-12T00:26:48","slug":"keine-warteschlangen-dubai-miracle-garden","status":"publish","type":"product","link":"https:\/\/bleudubai.com\/de\/produkt\/keine-warteschlangen-dubai-miracle-garden\/","title":{"rendered":"Keine Warteschlangen f\u00fcr den Dubai Miracle Garden"},"content":{"rendered":"<p>Entdecken Sie mit diesem Kombiticket zwei der symboltr\u00e4chtigsten Attraktionen Dubais an einem Tag. Erkunden Sie das Dubai Aquarium und das Observatorium des Burj Khalifa in einem Rundgang. Steigen Sie mit einem reservierten Eingang auf den Burj Khalifa, wo Sie einen spektakul\u00e4ren Panoramablick und Informationen \u00fcber die Architektur dieses ikonischen Wolkenkratzers erhalten. Betreten Sie anschlie\u00dfend das gr\u00f6\u00dfte H\u00e4ngeaquarium der Welt und bestaunen Sie eine Vielzahl von Wassertieren, von Krokodilen bis hin zu Bullenhaien. Erkunden Sie in den Unterwassertunneln drei verschiedene \u00d6kosysteme. <\/p>\n","protected":false},"excerpt":{"rendered":"<p>Entdecken Sie den Dubai Miracle Garden f\u00fcr vier Stunden! Erkunden Sie \u00fcber 150 Millionen Blumen in voller Bl\u00fcte, treffen Sie die schwebende Dame und tauchen Sie ein in ein einzigartiges Blumenerlebnis. <\/p>\n","protected":false},"featured_media":4752,"comment_status":"open","ping_status":"closed","template":"","meta":{"_acf_changed":false},"product_brand":[],"product_cat":[188,193,183,163,168],"product_tag":[],"class_list":{"0":"post-7868","1":"product","2":"type-product","3":"status-publish","4":"has-post-thumbnail","6":"product_cat-city-pass-de","7":"product_cat-die-highlights","8":"product_cat-eintrittskarten","9":"product_cat-familienaktivitaeten","10":"product_cat-unverzichtbare-aktivitaten","12":"first","13":"instock","14":"featured","15":"shipping-taxable","16":"purchasable","17":"product-type-simple"},"acf":[],"_links":{"self":[{"href":"https:\/\/bleudubai.com\/de\/wp-json\/wp\/v2\/product\/7868","targetHints":{"allow":["GET"]}}],"collection":[{"href":"https:\/\/bleudubai.com\/de\/wp-json\/wp\/v2\/product"}],"about":[{"href":"https:\/\/bleudubai.com\/de\/wp-json\/wp\/v2\/types\/product"}],"replies":[{"embeddable":true,"href":"https:\/\/bleudubai.com\/de\/wp-json\/wp\/v2\/comments?post=7868"}],"wp:featuredmedia":[{"embeddable":true,"href":"https:\/\/bleudubai.com\/de\/wp-json\/wp\/v2\/media\/4752"}],"wp:attachment":[{"href":"https:\/\/bleudubai.com\/de\/wp-json\/wp\/v2\/media?parent=7868"}],"wp:term":[{"taxonomy":"product_brand","embeddable":true,"href":"https:\/\/bleudubai.com\/de\/wp-json\/wp\/v2\/product_brand?post=7868"},{"taxonomy":"product_cat","embeddable":true,"href":"https:\/\/bleudubai.com\/de\/wp-json\/wp\/v2\/product_cat?post=7868"},{"taxonomy":"product_tag","embeddable":true,"href":"https:\/\/bleudubai.com\/de\/wp-json\/wp\/v2\/product_tag?post=7868"}],"curies":[{"name":"wp","href":"https:\/\/api.w.org\/{rel}","templated":true}]}}