{"id":7873,"date":"2024-09-01T19:39:17","date_gmt":"2024-09-01T15:39:17","guid":{"rendered":"https:\/\/bleudubai.com\/product\/entdecken-louvre-abu-dhabi-eintrittskarten\/"},"modified":"2024-11-13T07:50:41","modified_gmt":"2024-11-13T07:50:41","slug":"entdecken-louvre-abu-dhabi-eintrittskarten","status":"publish","type":"product","link":"https:\/\/bleudubai.com\/de\/produkt\/entdecken-louvre-abu-dhabi-eintrittskarten\/","title":{"rendered":"Entdecken Sie den Louvre Abu Dhabi: Eintrittskarten"},"content":{"rendered":"<p>Entdecken Sie eine umfangreiche Sammlung von Kunstwerken, die von Meistern aus aller Welt stammen. Bewundern Sie klassische und moderne Werke, die die Kluft zwischen westlicher und orientalischer Kunst \u00fcberbr\u00fccken. Erkunden Sie eines der gr\u00f6\u00dften Museen der Golfregion und lassen Sie sich von seiner ikonischen Architektur und der beeindruckenden Kuppel begeistern. Ihr einzigartiges Design, das an Palmenbl\u00e4tter erinnert, schafft eine bezaubernde Atmosph\u00e4re, wenn Sie durch die sonnenverw\u00f6hnten G\u00e4nge spazieren. Tauchen Sie in die riesige Sammlung des Museums ein und entdecken Sie eine Vielfalt an Kunstwerken aus der ganzen Welt. Erforschen Sie die Verbindungen zwischen Orient und Okzident. Nutzen Sie den Zugang zur st\u00e4ndigen Sammlung, zu Sonderausstellungen und zum Kindermuseum. Bestaunen Sie alte Artefakte sowie Meisterwerke von K\u00fcnstlern wie Manet. Nach einem Rundgang durch die Galerien k\u00f6nnen Sie sich in einem der \u00f6ffentlichen Bereiche des Museums eine wohlverdiente Pause g\u00f6nnen. <\/p>\n","protected":false},"excerpt":{"rendered":"<p>Erkunden Sie den Louvre Abu Dhabi und tauchen Sie ein in die Sammlungen von Werken und Artefakten aus verschiedenen Kulturen und Zivilisationen. Bewundern Sie die einzigartige Architektur dieses ikonischen Geb\u00e4udes und lassen Sie sich von seinen \u00f6ffentlichen Bereichen verzaubern. <\/p>\n","protected":false},"featured_media":4677,"comment_status":"open","ping_status":"closed","template":"","meta":{"_acf_changed":false},"product_brand":[],"product_cat":[173,188,183,163],"product_tag":[],"class_list":{"0":"post-7873","1":"product","2":"type-product","3":"status-publish","4":"has-post-thumbnail","6":"product_cat-aktivitaten-in-abu-dhabi","7":"product_cat-city-pass-de","8":"product_cat-eintrittskarten","9":"product_cat-familienaktivitaeten","11":"first","12":"instock","13":"shipping-taxable","14":"purchasable","15":"product-type-simple"},"acf":[],"_links":{"self":[{"href":"https:\/\/bleudubai.com\/de\/wp-json\/wp\/v2\/product\/7873","targetHints":{"allow":["GET"]}}],"collection":[{"href":"https:\/\/bleudubai.com\/de\/wp-json\/wp\/v2\/product"}],"about":[{"href":"https:\/\/bleudubai.com\/de\/wp-json\/wp\/v2\/types\/product"}],"replies":[{"embeddable":true,"href":"https:\/\/bleudubai.com\/de\/wp-json\/wp\/v2\/comments?post=7873"}],"wp:featuredmedia":[{"embeddable":true,"href":"https:\/\/bleudubai.com\/de\/wp-json\/wp\/v2\/media\/4677"}],"wp:attachment":[{"href":"https:\/\/bleudubai.com\/de\/wp-json\/wp\/v2\/media?parent=7873"}],"wp:term":[{"taxonomy":"product_brand","embeddable":true,"href":"https:\/\/bleudubai.com\/de\/wp-json\/wp\/v2\/product_brand?post=7873"},{"taxonomy":"product_cat","embeddable":true,"href":"https:\/\/bleudubai.com\/de\/wp-json\/wp\/v2\/product_cat?post=7873"},{"taxonomy":"product_tag","embeddable":true,"href":"https:\/\/bleudubai.com\/de\/wp-json\/wp\/v2\/product_tag?post=7873"}],"curies":[{"name":"wp","href":"https:\/\/api.w.org\/{rel}","templated":true}]}}