{"id":7874,"date":"2024-09-01T19:38:56","date_gmt":"2024-09-01T19:38:56","guid":{"rendered":"https:\/\/bleudubai.com\/product\/dubai-besichtigung-grosse-moschee-louvre-abu-dhabi\/"},"modified":"2025-10-08T02:38:24","modified_gmt":"2025-10-07T22:38:24","slug":"dubai-besichtigung-grosse-moschee-louvre-abu-dhabi","status":"publish","type":"product","link":"https:\/\/bleudubai.com\/de\/produkt\/dubai-besichtigung-grosse-moschee-louvre-abu-dhabi\/","title":{"rendered":"Von Dubai: Besichtigung der Gro\u00dfen Moschee und des Louvre Abu Dhabi"},"content":{"rendered":"<p>Genie\u00dfen Sie einen Tagesausflug von Dubai aus zu zwei Sehensw\u00fcrdigkeiten der Vereinigten Arabischen Emirate, die Sie sich nicht entgehen lassen sollten. Bestaunen Sie auf dieser spannenden Tour alte und moderne architektonische und k\u00fcnstlerische Wunder. Nachdem Sie von Ihrer Unterkunft abgeholt wurden, machen Sie es sich bequem und genie\u00dfen Sie die Fahrt zur Moschee. Wenn Sie ankommen, lassen Sie sich von ihrem glitzernden \u00c4u\u00dferen, das mit wei\u00dfen griechischen und mazedonischen Fliesen verkleidet ist, verzaubern. Im Inneren k\u00f6nnen Sie bei einer F\u00fchrung den gr\u00f6\u00dften handgewebten Teppich der Welt, beeindruckende Kristallleuchter und Glaspaneele mit Tausenden von Swarovski-Kristallen bestaunen. Fahren Sie anschlie\u00dfend auf die Insel Saadiyat, um den Louvre Abu Dhabi zu besuchen. Erkunden Sie dieses gr\u00f6\u00dfte Museum der Golfregion, das klassische und moderne Werke von weltweiter kultureller und soziologischer Bedeutung beherbergt. Bestaunen Sie Meisterwerke aus renommierten franz\u00f6sischen Museen wie dem Louvre, dem Centre Pompidou und dem Mus\u00e9e d&#8217;Orsay. Nehmen Sie sich Zeit, um das Kindermuseum zu besuchen, in einem Caf\u00e9 zu entspannen oder durch die Boutique zu schlendern. Wenn Sie die Besichtigung beendet haben, genie\u00dfen Sie die R\u00fcckfahrt zu Ihrem Hotel in Dubai.<\/p>\n","protected":false},"excerpt":{"rendered":"<p>Entdecken Sie auf einem unvergesslichen Ausflug zwei Juwelen der Vereinigten Arabischen Emirate: den Louvre Abu Dhabi und die pr\u00e4chtige Sheikh-Zayed-Moschee. Buchen Sie jetzt und tauchen Sie ein in die faszinierende Kunst und Architektur dieser Region. <\/p>\n","protected":false},"featured_media":4662,"comment_status":"open","ping_status":"closed","template":"","meta":{"_acf_changed":false},"product_brand":[],"product_cat":[173,193,163,168],"product_tag":[],"class_list":{"0":"post-7874","1":"product","2":"type-product","3":"status-publish","4":"has-post-thumbnail","6":"product_cat-aktivitaten-in-abu-dhabi","7":"product_cat-die-highlights","8":"product_cat-familienaktivitaeten","9":"product_cat-unverzichtbare-aktivitaten","11":"first","12":"instock","13":"featured","14":"shipping-taxable","15":"purchasable","16":"product-type-simple"},"acf":[],"_links":{"self":[{"href":"https:\/\/bleudubai.com\/de\/wp-json\/wp\/v2\/product\/7874","targetHints":{"allow":["GET"]}}],"collection":[{"href":"https:\/\/bleudubai.com\/de\/wp-json\/wp\/v2\/product"}],"about":[{"href":"https:\/\/bleudubai.com\/de\/wp-json\/wp\/v2\/types\/product"}],"replies":[{"embeddable":true,"href":"https:\/\/bleudubai.com\/de\/wp-json\/wp\/v2\/comments?post=7874"}],"wp:featuredmedia":[{"embeddable":true,"href":"https:\/\/bleudubai.com\/de\/wp-json\/wp\/v2\/media\/4662"}],"wp:attachment":[{"href":"https:\/\/bleudubai.com\/de\/wp-json\/wp\/v2\/media?parent=7874"}],"wp:term":[{"taxonomy":"product_brand","embeddable":true,"href":"https:\/\/bleudubai.com\/de\/wp-json\/wp\/v2\/product_brand?post=7874"},{"taxonomy":"product_cat","embeddable":true,"href":"https:\/\/bleudubai.com\/de\/wp-json\/wp\/v2\/product_cat?post=7874"},{"taxonomy":"product_tag","embeddable":true,"href":"https:\/\/bleudubai.com\/de\/wp-json\/wp\/v2\/product_tag?post=7874"}],"curies":[{"name":"wp","href":"https:\/\/api.w.org\/{rel}","templated":true}]}}