{"id":7875,"date":"2024-09-01T19:38:56","date_gmt":"2024-09-01T15:38:56","guid":{"rendered":"https:\/\/bleudubai.com\/product\/wuestensafari-dubai-kamel-sandboard-bbq-dinner\/"},"modified":"2025-10-01T18:27:21","modified_gmt":"2025-10-01T14:27:21","slug":"wuestensafari-dubai-kamel-sandboard-bbq-dinner","status":"publish","type":"product","link":"https:\/\/bleudubai.com\/de\/produkt\/wuestensafari-dubai-kamel-sandboard-bbq-dinner\/","title":{"rendered":"W\u00fcstensafari in Dubai, Kamel, Sandboard und BBQ-Dinner"},"content":{"rendered":"<p>Nachdem Sie in einem Gel\u00e4ndewagen von Ihrem Hotel abgeholt wurden, fahren Sie in Begleitung eines erfahrenen \u00f6rtlichen Reiseleiters in die W\u00fcste, die nur 45 Minuten von Dubai entfernt liegt. Bei Ihrer Ankunft im Lahbab-W\u00fcstencamp werden Sie herzlich in einem klimatisierten Zelt begr\u00fc\u00dft, wo Sie sich entspannen und Erfrischungen genie\u00dfen k\u00f6nnen. Machen Sie sich anschlie\u00dfend auf ein aufregendes Erlebnis gefasst, wenn Sie mit einem Gel\u00e4ndewagen durch die D\u00fcnen fahren. Sie werden auch eine Kamelfarm besuchen, die inmitten der W\u00fcste liegt. Lassen Sie sich vom Adrenalin durchfluten, w\u00e4hrend Sie die roten D\u00fcnen z\u00e4hmen und bewundern, wie Ihr Fahrzeug die zerkl\u00fcftete Landschaft durchschneidet und steile H\u00e4nge hinabst\u00fcrzt. Wenn die D\u00fcnenrallye vorbei ist, haben Sie die Gelegenheit, sich auf dem Sandboard zu versuchen oder einfach die W\u00fcstenlandschaft um Sie herum zu genie\u00dfen. Vergessen Sie nicht, diesen einzigartigen und unendlichen Horizont mit unvergesslichen Fotos festzuhalten. Legen Sie anschlie\u00dfend eine Pause bei den roten D\u00fcnen ein und genie\u00dfen Sie einen ruhigen Kamelritt im Herzen der W\u00fcste. Um diesen unvergesslichen Tag abzurunden, entspannen Sie sich in einem traditionellen Camp, wo Sie ein k\u00f6stliches internationales BBQ-Dinner genie\u00dfen und mehrere mitrei\u00dfende emiratische Shows erleben k\u00f6nnen. Schlie\u00dflich bringt Sie Ihr Reiseleiter zur\u00fcck in Ihr Hotel in Dubai und hinterl\u00e4sst Ihnen bleibende Erinnerungen an dieses aufregende Erlebnis.<\/p>\n","protected":false},"excerpt":{"rendered":"<p>Erkunden Sie die W\u00fcste von Dubai auf einer au\u00dfergew\u00f6hnlichen Safari mit Kamelritt bei Sonnenuntergang. Entdecken Sie sensationelle W\u00fcstensportarten wie Sandboarding und D\u00fcnenrallye. <\/p>\n","protected":false},"featured_media":4647,"comment_status":"open","ping_status":"closed","template":"","meta":{"_acf_changed":false},"product_brand":[],"product_cat":[193,163,148,168,158],"product_tag":[],"class_list":{"0":"post-7875","1":"product","2":"type-product","3":"status-publish","4":"has-post-thumbnail","6":"product_cat-die-highlights","7":"product_cat-familienaktivitaeten","8":"product_cat-kombinierte-aktivitaten","9":"product_cat-unverzichtbare-aktivitaten","10":"product_cat-wustenaktivitaten","12":"first","13":"instock","14":"featured","15":"shipping-taxable","16":"purchasable","17":"product-type-simple"},"acf":[],"_links":{"self":[{"href":"https:\/\/bleudubai.com\/de\/wp-json\/wp\/v2\/product\/7875","targetHints":{"allow":["GET"]}}],"collection":[{"href":"https:\/\/bleudubai.com\/de\/wp-json\/wp\/v2\/product"}],"about":[{"href":"https:\/\/bleudubai.com\/de\/wp-json\/wp\/v2\/types\/product"}],"replies":[{"embeddable":true,"href":"https:\/\/bleudubai.com\/de\/wp-json\/wp\/v2\/comments?post=7875"}],"wp:featuredmedia":[{"embeddable":true,"href":"https:\/\/bleudubai.com\/de\/wp-json\/wp\/v2\/media\/4647"}],"wp:attachment":[{"href":"https:\/\/bleudubai.com\/de\/wp-json\/wp\/v2\/media?parent=7875"}],"wp:term":[{"taxonomy":"product_brand","embeddable":true,"href":"https:\/\/bleudubai.com\/de\/wp-json\/wp\/v2\/product_brand?post=7875"},{"taxonomy":"product_cat","embeddable":true,"href":"https:\/\/bleudubai.com\/de\/wp-json\/wp\/v2\/product_cat?post=7875"},{"taxonomy":"product_tag","embeddable":true,"href":"https:\/\/bleudubai.com\/de\/wp-json\/wp\/v2\/product_tag?post=7875"}],"curies":[{"name":"wp","href":"https:\/\/api.w.org\/{rel}","templated":true}]}}