{"id":7876,"date":"2024-09-01T19:37:29","date_gmt":"2024-09-01T15:37:29","guid":{"rendered":"https:\/\/bleudubai.com\/product\/ballonfahrt-sonnenaufgang-fruehstueck\/"},"modified":"2024-11-13T08:31:46","modified_gmt":"2024-11-13T08:31:46","slug":"ballonfahrt-sonnenaufgang-fruehstueck","status":"publish","type":"product","link":"https:\/\/bleudubai.com\/de\/produkt\/ballonfahrt-sonnenaufgang-fruehstueck\/","title":{"rendered":"Ballonfahrt zum Sonnenaufgang mit Fr\u00fchst\u00fcck"},"content":{"rendered":"<p>Betrachten Sie die Arabische W\u00fcste aus luftiger H\u00f6he bei einer aufregenden Hei\u00dfluftballonfahrt von Dubai aus. Verlassen Sie Ihr Hotel und begeben Sie sich zum Landeplatz, um den Sonnenaufgang \u00fcber den D\u00fcnen zu bewundern. Begegnen Sie einem Wanderfalken und lassen Sie sich ein Gourmet-Fr\u00fchst\u00fcck schmecken. Ihr Abenteuer im Hei\u00dfluftballon beginnt mit einer morgendlichen Abholung von Ihrem Hotel. Starten Sie noch vor Sonnenaufgang im Dubai Desert Conservation Reserve zu einem einst\u00fcndigen Flug \u00fcber die Arabische W\u00fcste. W\u00e4hrend die D\u00fcnen in r\u00f6tlichen T\u00f6nen erstrahlen, halten Sie die Augen offen, um Kamele, Gazellen, Oasen und Dattelpalmenplantagen zu ersp\u00e4hen oder einfach nur das fl\u00fcchtige Schattenspiel auf den sanft geschwungenen H\u00fcgeln zu bewundern. Mit etwas Gl\u00fcck sehen Sie vielleicht sogar die ikonischen Oryx-Antilopen in ihrem nat\u00fcrlichen Lebensraum. Zur\u00fcck auf dem Festland werden Sie zu einem Naturreservat mit individuellen, sauberen Toiletten gef\u00fchrt, wo Sie sich erfrischen k\u00f6nnen. Machen Sie ein Erinnerungsfoto mit einem Wanderfalken und genie\u00dfen Sie ein k\u00f6stliches Fr\u00fchst\u00fcck mit R\u00e4ucherlachs, Obst und vielen anderen Leckereien f\u00fcr Ihren Gaumen. Schlie\u00dflich werden Sie mit unvergesslichen Erinnerungen im Kopf zu Ihrem Hotel zur\u00fcckgebracht.<\/p>\n","protected":false},"excerpt":{"rendered":"<p>\u00dcberfliegen Sie das Herz der Arabischen W\u00fcste bei einer Fahrt im Hei\u00dfluftballon und genie\u00dfen Sie ein k\u00f6stliches Fr\u00fchst\u00fcck in einem authentischen Camp. Fangen Sie einzigartige Momente mit einem Falken ein und achten Sie auf die Tierwelt und die bezaubernde Landschaft. <\/p>\n","protected":false},"featured_media":4257,"comment_status":"open","ping_status":"closed","template":"","meta":{"_acf_changed":false},"product_brand":[],"product_cat":[153,193,148,168,158],"product_tag":[],"class_list":{"0":"post-7876","1":"product","2":"type-product","3":"status-publish","4":"has-post-thumbnail","6":"product_cat-aktivitaten-in-der-luft","7":"product_cat-die-highlights","8":"product_cat-kombinierte-aktivitaten","9":"product_cat-unverzichtbare-aktivitaten","10":"product_cat-wustenaktivitaten","12":"first","13":"instock","14":"shipping-taxable","15":"purchasable","16":"product-type-simple"},"acf":[],"_links":{"self":[{"href":"https:\/\/bleudubai.com\/de\/wp-json\/wp\/v2\/product\/7876","targetHints":{"allow":["GET"]}}],"collection":[{"href":"https:\/\/bleudubai.com\/de\/wp-json\/wp\/v2\/product"}],"about":[{"href":"https:\/\/bleudubai.com\/de\/wp-json\/wp\/v2\/types\/product"}],"replies":[{"embeddable":true,"href":"https:\/\/bleudubai.com\/de\/wp-json\/wp\/v2\/comments?post=7876"}],"wp:featuredmedia":[{"embeddable":true,"href":"https:\/\/bleudubai.com\/de\/wp-json\/wp\/v2\/media\/4257"}],"wp:attachment":[{"href":"https:\/\/bleudubai.com\/de\/wp-json\/wp\/v2\/media?parent=7876"}],"wp:term":[{"taxonomy":"product_brand","embeddable":true,"href":"https:\/\/bleudubai.com\/de\/wp-json\/wp\/v2\/product_brand?post=7876"},{"taxonomy":"product_cat","embeddable":true,"href":"https:\/\/bleudubai.com\/de\/wp-json\/wp\/v2\/product_cat?post=7876"},{"taxonomy":"product_tag","embeddable":true,"href":"https:\/\/bleudubai.com\/de\/wp-json\/wp\/v2\/product_tag?post=7876"}],"curies":[{"name":"wp","href":"https:\/\/api.w.org\/{rel}","templated":true}]}}