{"id":7877,"date":"2024-09-01T19:37:29","date_gmt":"2024-09-01T15:37:29","guid":{"rendered":"https:\/\/bleudubai.com\/product\/fallschirmspringen-ueber-palm-jumeirah\/"},"modified":"2026-04-02T10:09:52","modified_gmt":"2026-04-02T06:09:52","slug":"fallschirmspringen-ueber-palm-jumeirah","status":"publish","type":"product","link":"https:\/\/bleudubai.com\/de\/produkt\/fallschirmspringen-ueber-palm-jumeirah\/","title":{"rendered":"Fallschirmspringen \u00fcber der Palm Jumeirah"},"content":{"rendered":"<p>Tauchen Sie ein in die Aufregung eines freien Falls bei fast 200 km\/h, w\u00e4hrend Sie sicher mit Ihrem professionellen Instrukteur durch ein Geschirr verbunden sind. Treffen Sie unser freundliches Team am Treffpunkt, wo Sie herzlich willkommen gehei\u00dfen werden. Etwa eine Stunde vor dem Start treffen Sie Ihren Instrukteur, der Ihnen die Abl\u00e4ufe, Sicherheitsvorschriften und die besten Positionen f\u00fcr den freien Fall erkl\u00e4rt. Ziehen Sie Ihr Geschirr an, das vom Instrukteur \u00fcberpr\u00fcft wird, um Ihre Sicherheit w\u00e4hrend des Tandem-Abenteuers zu gew\u00e4hrleisten. Ein Fallschirmspringer mit Kamera wird Sie begleiten, um diese unvergessliche Erfahrung festzuhalten. Nach einem 20-min\u00fctigen Flug steigen Sie an der Vorderseite Ihres qualifizierten Instruktors an und f\u00fchren die letzten \u00dcberpr\u00fcfungen durch, bevor Sie aus einer H\u00f6he von 4.000 Metern aus dem Flugzeug springen. Genie\u00dfen Sie fast eine Minute intensiven freien Falls, bevor der Fallschirm bei etwa 1.800 Metern \u00f6ffnet. Danach steigen Sie f\u00fcr 4 bis 5 Minuten mit dem Fallschirm ab und genie\u00dfen dabei atemberaubende Panoramablicke auf die Sandd\u00fcnen der W\u00fcste und die ikonische Insel Palm Jumeirah.<\/p>\n<p>Nach einer sanften Landung haben Sie die Gelegenheit, Ihre adrenalingeladenen Reaktionen mit dem Fallschirmspringer-Kameramann festzuhalten, bevor Sie zum Hauptgeb\u00e4ude zur\u00fcckkehren. Halten Sie alle au\u00dfergew\u00f6hnlichen Momente Ihres Sprungs mit digitalen Fotos und einem professionell bearbeiteten Video fest, die in Ihrem Paket enthalten sind. Planen Sie etwa 3 bis 4 Stunden f\u00fcr dieses vollst\u00e4ndige Erlebnis ein. W\u00e4hrend Ihres Sprungs k\u00f6nnen Ihre Freunde und Ihre Familie Sie vom Boden aus beobachten und die Getr\u00e4nke sowie Snacks im Caf\u00e9 vor Ort genie\u00dfen.<\/p>\n","protected":false},"excerpt":{"rendered":"<p>Sind Sie bereit, den Himmel zu erobern? Bewundern Sie Dubai aus einer neuen Perspektive bei einem Tandem-Fallschirmsprung in La Palm. Fallen Sie mit 200 km\/h und genie\u00dfen Sie die spektakul\u00e4re Aussicht.  <\/p>\n","protected":false},"featured_media":4242,"comment_status":"open","ping_status":"closed","template":"","meta":{"_acf_changed":false},"product_brand":[],"product_cat":[153,193,203,168],"product_tag":[],"class_list":{"0":"post-7877","1":"product","2":"type-product","3":"status-publish","4":"has-post-thumbnail","6":"product_cat-aktivitaten-in-der-luft","7":"product_cat-die-highlights","8":"product_cat-sport-adrenalin","9":"product_cat-unverzichtbare-aktivitaten","11":"first","12":"instock","13":"shipping-taxable","14":"purchasable","15":"product-type-simple"},"acf":[],"_links":{"self":[{"href":"https:\/\/bleudubai.com\/de\/wp-json\/wp\/v2\/product\/7877","targetHints":{"allow":["GET"]}}],"collection":[{"href":"https:\/\/bleudubai.com\/de\/wp-json\/wp\/v2\/product"}],"about":[{"href":"https:\/\/bleudubai.com\/de\/wp-json\/wp\/v2\/types\/product"}],"replies":[{"embeddable":true,"href":"https:\/\/bleudubai.com\/de\/wp-json\/wp\/v2\/comments?post=7877"}],"wp:featuredmedia":[{"embeddable":true,"href":"https:\/\/bleudubai.com\/de\/wp-json\/wp\/v2\/media\/4242"}],"wp:attachment":[{"href":"https:\/\/bleudubai.com\/de\/wp-json\/wp\/v2\/media?parent=7877"}],"wp:term":[{"taxonomy":"product_brand","embeddable":true,"href":"https:\/\/bleudubai.com\/de\/wp-json\/wp\/v2\/product_brand?post=7877"},{"taxonomy":"product_cat","embeddable":true,"href":"https:\/\/bleudubai.com\/de\/wp-json\/wp\/v2\/product_cat?post=7877"},{"taxonomy":"product_tag","embeddable":true,"href":"https:\/\/bleudubai.com\/de\/wp-json\/wp\/v2\/product_tag?post=7877"}],"curies":[{"name":"wp","href":"https:\/\/api.w.org\/{rel}","templated":true}]}}