{"id":7879,"date":"2024-09-01T19:37:28","date_gmt":"2024-09-01T19:37:28","guid":{"rendered":"https:\/\/bleudubai.com\/product\/atlantis-dolphin-paddle-entdecken-delfine-paddeln\/"},"modified":"2025-10-01T18:27:48","modified_gmt":"2025-10-01T14:27:48","slug":"atlantis-dolphin-paddle-entdecken-delfine-paddeln","status":"publish","type":"product","link":"https:\/\/bleudubai.com\/de\/produkt\/atlantis-dolphin-paddle-entdecken-delfine-paddeln\/","title":{"rendered":"Atlantis Dolphin Paddle &#8211; Entdecken Sie die Delfine beim Paddeln"},"content":{"rendered":"<p>Erleben Sie eine einzigartige Erfahrung und trainieren Sie Ihr Gleichgewicht beim Paddle-Boarding in der wundersch\u00f6nen Lagune von Dolphin Bay.<\/p>\n<p>Umgeben Sie sich mit den ans\u00e4ssigen Delfinen, die neugierig, verspielt und freundlich sind.<\/p>\n<p>Neben Delfinen zu paddeln ist eine unglaubliche M\u00f6glichkeit, Geist und K\u00f6rper zu entspannen und gleichzeitig auf unterhaltsame und einnehmende Weise etwas \u00fcber ihr faszinierendes Verhalten zu lernen.<\/p>\n<p>Vergessen Sie nicht, Ihre Erinnerungen mit dem perfekten Instagram-Foto von der Delfinbucht zu verewigen.<\/p>\n","protected":false},"excerpt":{"rendered":"<p>Trainieren Sie Ihr Gleichgewicht, w\u00e4hrend Sie auf einem Paddle-Board-Ausflug die wundersch\u00f6ne Lagune von Dolphin Bay erkunden. Kommen Sie den ans\u00e4ssigen Delfinen ganz nah und erleben Sie ein unvergessliches Erlebnis. <\/p>\n","protected":false},"featured_media":4077,"comment_status":"open","ping_status":"closed","template":"","meta":{"_acf_changed":false},"product_brand":[],"product_cat":[198,203,143],"product_tag":[],"class_list":{"0":"post-7879","1":"product","2":"type-product","3":"status-publish","4":"has-post-thumbnail","6":"product_cat-freizeitparks","7":"product_cat-sport-adrenalin","8":"product_cat-wasseraktivitaeten","10":"first","11":"instock","12":"shipping-taxable","13":"purchasable","14":"product-type-simple"},"acf":[],"_links":{"self":[{"href":"https:\/\/bleudubai.com\/de\/wp-json\/wp\/v2\/product\/7879","targetHints":{"allow":["GET"]}}],"collection":[{"href":"https:\/\/bleudubai.com\/de\/wp-json\/wp\/v2\/product"}],"about":[{"href":"https:\/\/bleudubai.com\/de\/wp-json\/wp\/v2\/types\/product"}],"replies":[{"embeddable":true,"href":"https:\/\/bleudubai.com\/de\/wp-json\/wp\/v2\/comments?post=7879"}],"wp:featuredmedia":[{"embeddable":true,"href":"https:\/\/bleudubai.com\/de\/wp-json\/wp\/v2\/media\/4077"}],"wp:attachment":[{"href":"https:\/\/bleudubai.com\/de\/wp-json\/wp\/v2\/media?parent=7879"}],"wp:term":[{"taxonomy":"product_brand","embeddable":true,"href":"https:\/\/bleudubai.com\/de\/wp-json\/wp\/v2\/product_brand?post=7879"},{"taxonomy":"product_cat","embeddable":true,"href":"https:\/\/bleudubai.com\/de\/wp-json\/wp\/v2\/product_cat?post=7879"},{"taxonomy":"product_tag","embeddable":true,"href":"https:\/\/bleudubai.com\/de\/wp-json\/wp\/v2\/product_tag?post=7879"}],"curies":[{"name":"wp","href":"https:\/\/api.w.org\/{rel}","templated":true}]}}