{"id":7901,"date":"2024-09-01T19:37:28","date_gmt":"2024-09-01T19:37:28","guid":{"rendered":"https:\/\/bleudubai.com\/product\/eintrittskarte-seaworld-abu-dhabi-allgemeiner-zutritt\/"},"modified":"2024-11-13T08:44:14","modified_gmt":"2024-11-13T08:44:14","slug":"eintrittskarte-seaworld-abu-dhabi-allgemeiner-zutritt","status":"publish","type":"product","link":"https:\/\/bleudubai.com\/de\/produkt\/eintrittskarte-seaworld-abu-dhabi-allgemeiner-zutritt\/","title":{"rendered":"Eintrittskarte SeaWorld Abu Dhabi &#8211; Allgemeiner Zutritt"},"content":{"rendered":"<p>Machen Sie sich bereit f\u00fcr ein aufregendes Abenteuer im allerersten Themenpark f\u00fcr Meereslebewesen in der Region. SeaWorld Abu Dhabi bietet Ihnen ein einzigartiges Erlebnis, um das Bewusstsein und die Wertsch\u00e4tzung f\u00fcr den Ozean und seine Bewohner zu sch\u00e4rfen. Entdecken Sie das unverwechselbare Meeres\u00f6kosystem des Persischen Golfs und tauchen Sie in die reiche Kultur der Region ein. Besuchen Sie Rocky Point und beobachten Sie die niedlichen Seel\u00f6wen in ihrem nat\u00fcrlichen Lebensraum, sowohl \u00fcber als auch unter der Wasseroberfl\u00e4che. Gehen Sie an Bord von aufregenden Fahrgesch\u00e4ften, nehmen Sie an spannenden Spielen teil und erleben Sie Live-Shows auf unserem animierten Unterwasserspielplatz. Lassen Sie sich auf eine sonnige Reise durch einen Regenwald entf\u00fchren, in dem Wasserf\u00e4lle tanzen und eine kristallklare Lagune faszinierendes Meeresleben beherbergt. Betrachten Sie die gefrorene Landschaft der Arktis, in der eine Vielzahl von Tieren wie Walr\u00f6sser und Seeotter beheimatet ist, und trotzen Sie der K\u00e4lte, um die isolierteste Region der Welt zu erkunden, in der Pinguine herrschen. Staunen Sie \u00fcber die unendliche Sch\u00f6nheit und Vielfalt des Ozeans in unserem einzigartigen Aquarium, das \u00fcber 68.000 Tiere beherbergt. Vertiefen Sie Ihr Verst\u00e4ndnis des Yas SeaWorld Research &amp; Rescue-Programms, indem Sie mit unserem Team von Meeresexperten interagieren und unseren Tier\u00e4rzten im Tierpflegezentrum \u00fcber die Schulter schauen. Ein Besuch in SeaWorld Abu Dhabi ist ein unvergessliches Erlebnis, das Bildung und Naturschutz miteinander verbindet, mit dem Ziel, unsere Besucher dazu zu inspirieren, den Ozean und seine Lebensr\u00e4ume zu sch\u00e4tzen und zu sch\u00fctzen. <\/p>\n","protected":false},"excerpt":{"rendered":"<p>Tauchen Sie ein in die fesselnde Welt von SeaWorld Abu Dhabi, dem ersten Themenpark der Region, der sich dem Meeresleben widmet. Erkunden Sie 8 K\u00f6nigreiche, begegnen Sie faszinierenden Tieren und erleben Sie unvergessliche interaktive Erlebnisse. <\/p>\n","protected":false},"featured_media":4032,"comment_status":"open","ping_status":"closed","template":"","meta":{"_acf_changed":false},"product_brand":[],"product_cat":[173,193,183,163,168,143],"product_tag":[],"class_list":{"0":"post-7901","1":"product","2":"type-product","3":"status-publish","4":"has-post-thumbnail","6":"product_cat-aktivitaten-in-abu-dhabi","7":"product_cat-die-highlights","8":"product_cat-eintrittskarten","9":"product_cat-familienaktivitaeten","10":"product_cat-unverzichtbare-aktivitaten","11":"product_cat-wasseraktivitaeten","13":"first","14":"instock","15":"shipping-taxable","16":"purchasable","17":"product-type-simple"},"acf":[],"_links":{"self":[{"href":"https:\/\/bleudubai.com\/de\/wp-json\/wp\/v2\/product\/7901","targetHints":{"allow":["GET"]}}],"collection":[{"href":"https:\/\/bleudubai.com\/de\/wp-json\/wp\/v2\/product"}],"about":[{"href":"https:\/\/bleudubai.com\/de\/wp-json\/wp\/v2\/types\/product"}],"replies":[{"embeddable":true,"href":"https:\/\/bleudubai.com\/de\/wp-json\/wp\/v2\/comments?post=7901"}],"wp:featuredmedia":[{"embeddable":true,"href":"https:\/\/bleudubai.com\/de\/wp-json\/wp\/v2\/media\/4032"}],"wp:attachment":[{"href":"https:\/\/bleudubai.com\/de\/wp-json\/wp\/v2\/media?parent=7901"}],"wp:term":[{"taxonomy":"product_brand","embeddable":true,"href":"https:\/\/bleudubai.com\/de\/wp-json\/wp\/v2\/product_brand?post=7901"},{"taxonomy":"product_cat","embeddable":true,"href":"https:\/\/bleudubai.com\/de\/wp-json\/wp\/v2\/product_cat?post=7901"},{"taxonomy":"product_tag","embeddable":true,"href":"https:\/\/bleudubai.com\/de\/wp-json\/wp\/v2\/product_tag?post=7901"}],"curies":[{"name":"wp","href":"https:\/\/api.w.org\/{rel}","templated":true}]}}