{"id":7902,"date":"2024-09-01T19:37:28","date_gmt":"2024-09-01T19:37:28","guid":{"rendered":"https:\/\/bleudubai.com\/product\/exotische-vogelshow-im-dolphinarium-von-dubai\/"},"modified":"2024-11-13T08:45:30","modified_gmt":"2024-11-13T08:45:30","slug":"exotische-vogelshow-im-dolphinarium-von-dubai","status":"publish","type":"product","link":"https:\/\/bleudubai.com\/de\/produkt\/exotische-vogelshow-im-dolphinarium-von-dubai\/","title":{"rendered":"Exotische Vogelshow im Dolphinarium von Dubai"},"content":{"rendered":"<p>Machen Sie sich darauf gefasst, von einer einzigartigen Auswahl an exotischen V\u00f6geln aus verschiedenen Arten in Staunen versetzt zu werden. Beobachten Sie, wie sie unglaubliche Kunstst\u00fccke vorf\u00fchren, die die Theorie, dass V\u00f6gel kein Gehirn haben, in Frage stellen. Entdecken Sie faszinierende Arten wie Sonnenkonuren, Amazonaspapageien, Kakadus, Blau- und Goldaras, Gr\u00fcnfl\u00fcgelaras, Nashornv\u00f6gel, Tukane, Falken und Eclectus-Papageien. Lassen Sie sich bei dieser atemberaubenden Show von ihren F\u00e4higkeiten und ihrer Interaktion mit dem Publikum begeistern.<\/p>\n","protected":false},"excerpt":{"rendered":"<p>Erleben Sie die erste und einzige Show mit exotischen V\u00f6geln im Nahen Osten, die vom Dubai Dolphinarium angeboten wird. Erleben Sie ein fesselndes Erlebnis im Creek Park! <\/p>\n","protected":false},"featured_media":4017,"comment_status":"open","ping_status":"closed","template":"","meta":{"_acf_changed":false},"product_brand":[],"product_cat":[163],"product_tag":[],"class_list":{"0":"post-7902","1":"product","2":"type-product","3":"status-publish","4":"has-post-thumbnail","6":"product_cat-familienaktivitaeten","8":"first","9":"instock","10":"shipping-taxable","11":"purchasable","12":"product-type-simple"},"acf":[],"_links":{"self":[{"href":"https:\/\/bleudubai.com\/de\/wp-json\/wp\/v2\/product\/7902","targetHints":{"allow":["GET"]}}],"collection":[{"href":"https:\/\/bleudubai.com\/de\/wp-json\/wp\/v2\/product"}],"about":[{"href":"https:\/\/bleudubai.com\/de\/wp-json\/wp\/v2\/types\/product"}],"replies":[{"embeddable":true,"href":"https:\/\/bleudubai.com\/de\/wp-json\/wp\/v2\/comments?post=7902"}],"wp:featuredmedia":[{"embeddable":true,"href":"https:\/\/bleudubai.com\/de\/wp-json\/wp\/v2\/media\/4017"}],"wp:attachment":[{"href":"https:\/\/bleudubai.com\/de\/wp-json\/wp\/v2\/media?parent=7902"}],"wp:term":[{"taxonomy":"product_brand","embeddable":true,"href":"https:\/\/bleudubai.com\/de\/wp-json\/wp\/v2\/product_brand?post=7902"},{"taxonomy":"product_cat","embeddable":true,"href":"https:\/\/bleudubai.com\/de\/wp-json\/wp\/v2\/product_cat?post=7902"},{"taxonomy":"product_tag","embeddable":true,"href":"https:\/\/bleudubai.com\/de\/wp-json\/wp\/v2\/product_tag?post=7902"}],"curies":[{"name":"wp","href":"https:\/\/api.w.org\/{rel}","templated":true}]}}