{"id":7903,"date":"2024-09-01T19:37:28","date_gmt":"2024-09-01T19:37:28","guid":{"rendered":"https:\/\/bleudubai.com\/product\/eintrittskarte-fuer-den-wasserpark-legoland\/"},"modified":"2024-11-13T08:47:05","modified_gmt":"2024-11-13T08:47:05","slug":"eintrittskarte-fuer-den-wasserpark-legoland","status":"publish","type":"product","link":"https:\/\/bleudubai.com\/de\/produkt\/eintrittskarte-fuer-den-wasserpark-legoland\/","title":{"rendered":"Eintrittskarte f\u00fcr den Wasserpark Legoland"},"content":{"rendered":"<p>Tauchen Sie ein in eine Welt voller LEGO\u00ae-Abenteuer im LEGOLAND\u00ae Water Park, dem einzigen Wasserpark in der Region, der speziell f\u00fcr Familien mit Kindern im Alter von 2 bis 12 Jahren konzipiert wurde.<\/p>\n<p>Lassen Sie Ihrer Kreativit\u00e4t und Fantasie freien Lauf mit \u00fcber 20 Rutschen und Wasserattraktionen zum Thema LEGO\u00ae, darunter das LEGO\u00ae-Wellenbad, der DUPLO\u00ae-Kleinkinderspielplatz und der Build-A-Raft-Fluss, wo Sie sich Ihr eigenes LEGO\u00ae-Flo\u00df ausdenken und bauen k\u00f6nnen.<\/p>\n<p>Ein unglaublicher Tag wartet auf Sie!<\/p>\n","protected":false},"excerpt":{"rendered":"<p>Buchen Sie Ihre Eintrittskarte f\u00fcr den Legoland-Wasserpark, der speziell f\u00fcr Kinder von 2 bis 12 Jahren und ihre Familien konzipiert wurde. Genie\u00dfen Sie ein einzigartiges Wassererlebnis mit \u00fcber 20 Rutschen und Attraktionen rund um das Thema LEGO\u00ae. <\/p>\n","protected":false},"featured_media":4002,"comment_status":"open","ping_status":"closed","template":"","meta":{"_acf_changed":false},"product_brand":[],"product_cat":[163,143],"product_tag":[],"class_list":{"0":"post-7903","1":"product","2":"type-product","3":"status-publish","4":"has-post-thumbnail","6":"product_cat-familienaktivitaeten","7":"product_cat-wasseraktivitaeten","9":"first","10":"instock","11":"shipping-taxable","12":"purchasable","13":"product-type-simple"},"acf":[],"_links":{"self":[{"href":"https:\/\/bleudubai.com\/de\/wp-json\/wp\/v2\/product\/7903","targetHints":{"allow":["GET"]}}],"collection":[{"href":"https:\/\/bleudubai.com\/de\/wp-json\/wp\/v2\/product"}],"about":[{"href":"https:\/\/bleudubai.com\/de\/wp-json\/wp\/v2\/types\/product"}],"replies":[{"embeddable":true,"href":"https:\/\/bleudubai.com\/de\/wp-json\/wp\/v2\/comments?post=7903"}],"wp:featuredmedia":[{"embeddable":true,"href":"https:\/\/bleudubai.com\/de\/wp-json\/wp\/v2\/media\/4002"}],"wp:attachment":[{"href":"https:\/\/bleudubai.com\/de\/wp-json\/wp\/v2\/media?parent=7903"}],"wp:term":[{"taxonomy":"product_brand","embeddable":true,"href":"https:\/\/bleudubai.com\/de\/wp-json\/wp\/v2\/product_brand?post=7903"},{"taxonomy":"product_cat","embeddable":true,"href":"https:\/\/bleudubai.com\/de\/wp-json\/wp\/v2\/product_cat?post=7903"},{"taxonomy":"product_tag","embeddable":true,"href":"https:\/\/bleudubai.com\/de\/wp-json\/wp\/v2\/product_tag?post=7903"}],"curies":[{"name":"wp","href":"https:\/\/api.w.org\/{rel}","templated":true}]}}