{"id":7904,"date":"2024-09-01T19:37:28","date_gmt":"2024-09-01T19:37:28","guid":{"rendered":"https:\/\/bleudubai.com\/product\/eintrittskarte-yas-waterworld-abu-dhabi\/"},"modified":"2025-10-11T07:36:53","modified_gmt":"2025-10-11T03:36:53","slug":"eintrittskarte-yas-waterworld-abu-dhabi","status":"publish","type":"product","link":"https:\/\/bleudubai.com\/de\/produkt\/eintrittskarte-yas-waterworld-abu-dhabi\/","title":{"rendered":"Eintrittskarte Yas Waterworld Abu Dhabi"},"content":{"rendered":"<p>Der Wasserpark Yas Waterworld in Abu Dhabi bietet ein einzigartiges Wassererlebnis. Mit \u00fcber 40 Fahrgesch\u00e4ften, Wasserrutschen und Rutschen, die f\u00fcr jeden Geschmack geeignet sind, darunter die legend\u00e4ren Bandit Bomber und Liwa Loop, spiegelt dieser Park die emiratische Geschichte des Perlentauchens wider. Um Warteschlangen zu vermeiden, empfehlen wir Ihnen, das \u201eSkip the line\u201c-Ticket zu w\u00e4hlen, damit Sie Ihren Tag in vollen Z\u00fcgen genie\u00dfen k\u00f6nnen. Sie k\u00f6nnen auch auf der gr\u00f6\u00dften k\u00fcnstlichen Welle der Welt reiten und das Perlentauchen kennenlernen. Restaurants und Familienattraktionen sind ebenfalls vorhanden.<\/p>\n","protected":false},"excerpt":{"rendered":"<p>Erkunden Sie den gr\u00f6\u00dften Wasserpark der Region mit \u00fcber 40 Fahrgesch\u00e4ften, Rutschen und Attraktionen. Tauchen Sie in die Geschichte der Perlen der Emirate ein, w\u00e4hrend Sie die gr\u00f6\u00dfte k\u00fcnstliche Welle der Welt herausfordern. <\/p>\n","protected":false},"featured_media":3987,"comment_status":"open","ping_status":"closed","template":"","meta":{"_acf_changed":false},"product_brand":[],"product_cat":[173,193,163,198,168],"product_tag":[],"class_list":{"0":"post-7904","1":"product","2":"type-product","3":"status-publish","4":"has-post-thumbnail","6":"product_cat-aktivitaten-in-abu-dhabi","7":"product_cat-die-highlights","8":"product_cat-familienaktivitaeten","9":"product_cat-freizeitparks","10":"product_cat-unverzichtbare-aktivitaten","12":"first","13":"instock","14":"shipping-taxable","15":"purchasable","16":"product-type-simple"},"acf":[],"_links":{"self":[{"href":"https:\/\/bleudubai.com\/de\/wp-json\/wp\/v2\/product\/7904","targetHints":{"allow":["GET"]}}],"collection":[{"href":"https:\/\/bleudubai.com\/de\/wp-json\/wp\/v2\/product"}],"about":[{"href":"https:\/\/bleudubai.com\/de\/wp-json\/wp\/v2\/types\/product"}],"replies":[{"embeddable":true,"href":"https:\/\/bleudubai.com\/de\/wp-json\/wp\/v2\/comments?post=7904"}],"wp:featuredmedia":[{"embeddable":true,"href":"https:\/\/bleudubai.com\/de\/wp-json\/wp\/v2\/media\/3987"}],"wp:attachment":[{"href":"https:\/\/bleudubai.com\/de\/wp-json\/wp\/v2\/media?parent=7904"}],"wp:term":[{"taxonomy":"product_brand","embeddable":true,"href":"https:\/\/bleudubai.com\/de\/wp-json\/wp\/v2\/product_brand?post=7904"},{"taxonomy":"product_cat","embeddable":true,"href":"https:\/\/bleudubai.com\/de\/wp-json\/wp\/v2\/product_cat?post=7904"},{"taxonomy":"product_tag","embeddable":true,"href":"https:\/\/bleudubai.com\/de\/wp-json\/wp\/v2\/product_tag?post=7904"}],"curies":[{"name":"wp","href":"https:\/\/api.w.org\/{rel}","templated":true}]}}