{"id":7905,"date":"2024-09-01T19:37:28","date_gmt":"2024-09-01T19:37:28","guid":{"rendered":"https:\/\/bleudubai.com\/product\/begegnen-sie-den-seeloewen-in-atlantis-zugang-zum-wasserpark-aquaventure\/"},"modified":"2025-10-01T18:26:01","modified_gmt":"2025-10-01T14:26:01","slug":"begegnen-sie-den-seeloewen-in-atlantis-zugang-zum-wasserpark-aquaventure","status":"publish","type":"product","link":"https:\/\/bleudubai.com\/de\/produkt\/begegnen-sie-den-seeloewen-in-atlantis-zugang-zum-wasserpark-aquaventure\/","title":{"rendered":"Begegnen Sie den Seel\u00f6wen in Atlantis + Zugang zum Wasserpark Aquaventure"},"content":{"rendered":"<p>Begegnen Sie den Seel\u00f6wen im Atlantis-Wasserpark Entdecken Sie Sea Lion Point, eine Aktivit\u00e4t, die Sie mit Ihrer Familie in Dubai unternehmen k\u00f6nnen! Bei diesem einzigartigen Erlebnis k\u00f6nnen Sie die charmanten Seel\u00f6wen von Aquaventure kennenlernen. Kommen Sie ihnen ganz nah und halten Sie den Moment mit einem kostenlosen Foto fest. Geeignet f\u00fcr alle Altersgruppen f\u00fcr ein unvergessliches Erlebnis. Begegnen Sie den s\u00fcdafrikanischen Pelzrobben. N\u00e4hern Sie sich den charmanten s\u00fcdafrikanischen Pelzrobben am Sea Lion Point und genie\u00dfen Sie einen Moment der Zweisamkeit, indem Sie sie begr\u00fc\u00dfen. Ihr Reiseleiter wird Sie mit einer charmanten Seel\u00f6wenfamilie bekannt machen und Sie k\u00f6nnen Ihre neue Freundschaft mit einem kitzelnden Kuss von ihren buschigen Schnurrhaaren festigen. H\u00f6ren Sie Ihrem F\u00fchrer zu, wenn er Ihnen interessante Anekdoten \u00fcber ihr Verhalten und ihren Lebensraum erz\u00e4hlt, um mehr \u00fcber diese faszinierenden Tiere zu erfahren.<\/p>\n","protected":false},"excerpt":{"rendered":"<p>Begegnen Sie den Seel\u00f6wen und Seel\u00f6wen im Atlantis-Wasserpark in Dubai. Ein unvergessliches Erlebnis f\u00fcr die ganze Familie. <\/p>\n","protected":false},"featured_media":3972,"comment_status":"open","ping_status":"closed","template":"","meta":{"_acf_changed":false},"product_brand":[],"product_cat":[198,148],"product_tag":[],"class_list":{"0":"post-7905","1":"product","2":"type-product","3":"status-publish","4":"has-post-thumbnail","6":"product_cat-freizeitparks","7":"product_cat-kombinierte-aktivitaten","9":"first","10":"instock","11":"shipping-taxable","12":"purchasable","13":"product-type-simple"},"acf":[],"_links":{"self":[{"href":"https:\/\/bleudubai.com\/de\/wp-json\/wp\/v2\/product\/7905","targetHints":{"allow":["GET"]}}],"collection":[{"href":"https:\/\/bleudubai.com\/de\/wp-json\/wp\/v2\/product"}],"about":[{"href":"https:\/\/bleudubai.com\/de\/wp-json\/wp\/v2\/types\/product"}],"replies":[{"embeddable":true,"href":"https:\/\/bleudubai.com\/de\/wp-json\/wp\/v2\/comments?post=7905"}],"wp:featuredmedia":[{"embeddable":true,"href":"https:\/\/bleudubai.com\/de\/wp-json\/wp\/v2\/media\/3972"}],"wp:attachment":[{"href":"https:\/\/bleudubai.com\/de\/wp-json\/wp\/v2\/media?parent=7905"}],"wp:term":[{"taxonomy":"product_brand","embeddable":true,"href":"https:\/\/bleudubai.com\/de\/wp-json\/wp\/v2\/product_brand?post=7905"},{"taxonomy":"product_cat","embeddable":true,"href":"https:\/\/bleudubai.com\/de\/wp-json\/wp\/v2\/product_cat?post=7905"},{"taxonomy":"product_tag","embeddable":true,"href":"https:\/\/bleudubai.com\/de\/wp-json\/wp\/v2\/product_tag?post=7905"}],"curies":[{"name":"wp","href":"https:\/\/api.w.org\/{rel}","templated":true}]}}